{"id":4833,"date":"2019-10-15T15:18:44","date_gmt":"2019-10-15T13:18:44","guid":{"rendered":"http:\/\/www.augen-blicke-afrika.de\/blog\/?page_id=4833"},"modified":"2022-09-18T17:26:03","modified_gmt":"2022-09-18T15:26:03","slug":"chateau","status":"publish","type":"page","link":"http:\/\/www.augen-blicke-afrika.de\/blog\/programm-2019\/filme-2019\/chateau\/","title":{"rendered":"CH\u00c2TEAU"},"content":{"rendered":"<table style=\"height: 356px;\" width=\"100%\">\n<thead>\n<tr>\n<td>\n<p class=\"hide-if-no-js\"><a href=\"http:\/\/www.augen-blicke-afrika.de\/blog\/wp-content\/uploads\/2019\/10\/Chateau-still-2a.jpg\"><img loading=\"lazy\" decoding=\"async\" class=\"alignnone wp-image-4836 size-full\" src=\"http:\/\/www.augen-blicke-afrika.de\/blog\/wp-content\/uploads\/2019\/10\/Chateau-still-2a.jpg\" width=\"1800\" height=\"1218\" srcset=\"http:\/\/www.augen-blicke-afrika.de\/blog\/wp-content\/uploads\/2019\/10\/Chateau-still-2a.jpg 1800w, http:\/\/www.augen-blicke-afrika.de\/blog\/wp-content\/uploads\/2019\/10\/Chateau-still-2a-300x203.jpg 300w, http:\/\/www.augen-blicke-afrika.de\/blog\/wp-content\/uploads\/2019\/10\/Chateau-still-2a-768x520.jpg 768w, http:\/\/www.augen-blicke-afrika.de\/blog\/wp-content\/uploads\/2019\/10\/Chateau-still-2a-1024x693.jpg 1024w, http:\/\/www.augen-blicke-afrika.de\/blog\/wp-content\/uploads\/2019\/10\/Chateau-still-2a-443x300.jpg 443w\" sizes=\"auto, (max-width: 1800px) 100vw, 1800px\" \/><\/a><\/p>\n<h1>CH\u00c2TEAU<\/h1>\n<h3>Frankreich 2017, R.: Modi Barry \/ Cedric Ido, 81 Min., frz. OF, engl. UT<\/h3>\n<\/td>\n<\/tr>\n<\/thead>\n<tbody>\n<tr>\n<td>Flotte Spr\u00fcche, gestyltes Outfit, sexuelles Geprotze und ein gnadenloser Konkurrenzkampf &#8211; Willkommen in Ch\u00e2teau. In dem vibrierenden afrikanischen Stadtteil von Paris ist Charles, Spitzname Prinz, der auff\u00e4lligste, charmanteste Aufrei\u00dfer. Mit seinen Helfern versorgt er \u00adFriseursalons des Viertels mit Kund*innen. Aber die Konkurrenz und der Machtkampf auf der Stra\u00dfe sind gro\u00df. Es wird mit allen Tricks gearbeitet, um an einen Job und an Geld zu kommen. Doch&nbsp; auch die \u00adGesch\u00e4ftsinhaber*innen m\u00fcssen sich immer wieder etwas Neues einfallen lassen, um ihre L\u00e4den halten zu k\u00f6nnen. Charles versucht, seine Position mit allen Raffinessen zu verteidigen. Gleichzeitig verfolgt er sehr aufmerksam die Entwicklungen im Viertel und&nbsp; kn\u00fcpft Kontakte f\u00fcr seinen gro\u00dfen Traum, einen eigenen Salon zu besitzen.<br \/>\nAn Originalschaupl\u00e4tzen in Paris gedreht, bietet diese Kom\u00f6die stimmungsvolle Einblicke in die Migrantenszene aus afrikanischer Sicht.<\/td>\n<\/tr>\n<tr>\n<td style=\"border-bottom: none;\">\n<p><strong><a href=\"http:\/\/www.augen-blicke-afrika.de\/blog\/wp-content\/uploads\/2019\/10\/Chateau-poster.jpg\"><img loading=\"lazy\" decoding=\"async\" class=\"wp-image-4835 size-full alignleft\" src=\"http:\/\/www.augen-blicke-afrika.de\/blog\/wp-content\/uploads\/2019\/10\/Chateau-poster.jpg\" width=\"193\" height=\"262\"><\/a><\/strong><\/p>\n<p><strong>C\u00e9dric Ido<\/strong>, geb. 1980 in Paris, wuchs in Frankreich und in Burkina Faso w\u00e4hrend der Regierungszeit von Thomas Sankara auf. Er ist Drehbuchautor, \u00adRegisseur, Schauspieler und Illustrator.<br \/>\n<strong>Modi Barry<\/strong> absolvierte ein Filmstudium in Frankreich und realisierte zahlreiche Spiel- und Dokumentarfilme. Seinen Kurzfilm \u201eTwaaga\u201c, gedreht in Burkina Faso, hatten wir 2015 im Programm.<\/td>\n<\/tr>\n<\/tbody>\n<\/table>\n<p><iframe loading=\"lazy\" src=\"https:\/\/www.youtube.com\/embed\/nCd-lX7eAw0\" allowfullscreen=\"allowfullscreen\" width=\"560\" height=\"315\" frameborder=\"0\"><\/iframe><\/p>\n","protected":false},"excerpt":{"rendered":"<p>CH\u00c2TEAU Frankreich 2017, R.: Modi Barry \/ Cedric Ido, 81 Min., frz. OF, engl. UT Flotte Spr\u00fcche, gestyltes Outfit, sexuelles Geprotze und ein gnadenloser Konkurrenzkampf &#8211; Willkommen in Ch\u00e2teau. In dem vibrierenden afrikanischen Stadtteil von Paris ist Charles, Spitzname Prinz, &hellip; <a href=\"http:\/\/www.augen-blicke-afrika.de\/blog\/programm-2019\/filme-2019\/chateau\/\">Weiterlesen <span class=\"meta-nav\">&rarr;<\/span><\/a><\/p>\n","protected":false},"author":3,"featured_media":5126,"parent":5054,"menu_order":0,"comment_status":"closed","ping_status":"closed","template":"afrika2019_oh.php","meta":{"footnotes":""},"class_list":["post-4833","page","type-page","status-publish","has-post-thumbnail","hentry"],"_links":{"self":[{"href":"http:\/\/www.augen-blicke-afrika.de\/blog\/wp-json\/wp\/v2\/pages\/4833","targetHints":{"allow":["GET"]}}],"collection":[{"href":"http:\/\/www.augen-blicke-afrika.de\/blog\/wp-json\/wp\/v2\/pages"}],"about":[{"href":"http:\/\/www.augen-blicke-afrika.de\/blog\/wp-json\/wp\/v2\/types\/page"}],"author":[{"embeddable":true,"href":"http:\/\/www.augen-blicke-afrika.de\/blog\/wp-json\/wp\/v2\/users\/3"}],"replies":[{"embeddable":true,"href":"http:\/\/www.augen-blicke-afrika.de\/blog\/wp-json\/wp\/v2\/comments?post=4833"}],"version-history":[{"count":3,"href":"http:\/\/www.augen-blicke-afrika.de\/blog\/wp-json\/wp\/v2\/pages\/4833\/revisions"}],"predecessor-version":[{"id":6872,"href":"http:\/\/www.augen-blicke-afrika.de\/blog\/wp-json\/wp\/v2\/pages\/4833\/revisions\/6872"}],"up":[{"embeddable":true,"href":"http:\/\/www.augen-blicke-afrika.de\/blog\/wp-json\/wp\/v2\/pages\/5054"}],"wp:featuredmedia":[{"embeddable":true,"href":"http:\/\/www.augen-blicke-afrika.de\/blog\/wp-json\/wp\/v2\/media\/5126"}],"wp:attachment":[{"href":"http:\/\/www.augen-blicke-afrika.de\/blog\/wp-json\/wp\/v2\/media?parent=4833"}],"curies":[{"name":"wp","href":"https:\/\/api.w.org\/{rel}","templated":true}]}}