{"id":4824,"date":"2019-10-15T15:47:59","date_gmt":"2019-10-15T13:47:59","guid":{"rendered":"http:\/\/www.augen-blicke-afrika.de\/blog\/?page_id=4824"},"modified":"2022-09-18T17:34:07","modified_gmt":"2022-09-18T15:34:07","slug":"talking-about-trees","status":"publish","type":"page","link":"http:\/\/www.augen-blicke-afrika.de\/blog\/programm-2019\/filme-2019\/talking-about-trees\/","title":{"rendered":"TALKING ABOUT TREES"},"content":{"rendered":"<table style=\"height: 356px;\" width=\"100%\">\n<thead>\n<tr>\n<td>\n<p class=\"hide-if-no-js\"><a href=\"http:\/\/www.augen-blicke-afrika.de\/blog\/wp-content\/uploads\/2019\/10\/2-format1001.jpg\"><img loading=\"lazy\" decoding=\"async\" class=\"alignnone wp-image-4826 size-full\" src=\"http:\/\/www.augen-blicke-afrika.de\/blog\/wp-content\/uploads\/2019\/10\/2-format1001.jpg\" width=\"1200\" height=\"900\" srcset=\"http:\/\/www.augen-blicke-afrika.de\/blog\/wp-content\/uploads\/2019\/10\/2-format1001.jpg 1200w, http:\/\/www.augen-blicke-afrika.de\/blog\/wp-content\/uploads\/2019\/10\/2-format1001-300x225.jpg 300w, http:\/\/www.augen-blicke-afrika.de\/blog\/wp-content\/uploads\/2019\/10\/2-format1001-768x576.jpg 768w, http:\/\/www.augen-blicke-afrika.de\/blog\/wp-content\/uploads\/2019\/10\/2-format1001-1024x768.jpg 1024w, http:\/\/www.augen-blicke-afrika.de\/blog\/wp-content\/uploads\/2019\/10\/2-format1001-400x300.jpg 400w\" sizes=\"auto, (max-width: 1200px) 100vw, 1200px\" \/><\/a><\/p>\n<h1>TALKING ABOUT TREES<\/h1>\n<h3>Dokumentarfilm, Sudan 2019,<br \/>\nR.: Suhaib Gasmelbari, 93 Min., arab.\/ engl \/ russische OF, engl. UT<\/h3>\n<h3><strong>In Kooperation mit Filminitiativ K\u00f6ln.<\/strong><\/h3>\n<\/td>\n<\/tr>\n<\/thead>\n<tbody>\n<tr>\n<td>Die Filmveteranen Suliman, Ibrahim, Manar und Altayeb hocken bei Kerzenlicht beieinander und schwelgen in Erinnerungen. Alle vier wollten einmal gro\u00dfe Regisseure werden, sie hatten im Ausland studiert und gr\u00fcndeten 1989 mit viel Elan den \u201eSudanesischen Filmclub\u201c. Sie tr\u00e4umten davon, die Kultur des Filmeschauens und Filmeschaffens in ihrer Heimat zu verbreiten. Doch in einem totalit\u00e4r islamisch regierten Land gilt das als gef\u00e4hrlich, die Kinos werden geschlossen.<br \/>\nNach Jahren des Exils kommen sie wieder zusammen, um sich endlich ihren alten Traum zu erf\u00fcllen. Sie beginnen, ein verfallenes Kino zu restaurieren, sto\u00dfen dabei auf ein total verstaubtes Filmarchiv mit alten Spielfilmen und tauchen ab in die Welt des Kinos. Doch die Realit\u00e4t im Sudan holt sie immer wieder ein. Sie machen erneut die Erfahrung, dass f\u00fcr ihre Leidenschaft offiziell kein Platz ist. Aber mit viel Humor, Einfallsreichtum und Improvisationstalent gelingt es ihnen dann doch, ein Filmpublikum zu erreichen. Die Freunde bringen viel Kraft und Mut auf, weil sie die Hoffnung auf k\u00fcnstlerische Freiheit nicht aufgeben wollen. \u201eTalking About Trees\u201c ist ein Film \u00fcber die Liebe zum Film, \u00fcber Tr\u00e4ume, Freundschaft und Freir\u00e4ume, die es sich zu erk\u00e4mpfen gilt.<\/td>\n<\/tr>\n<tr>\n<td style=\"border-bottom: none;\">\n<p><strong><a href=\"http:\/\/www.augen-blicke-afrika.de\/blog\/wp-content\/uploads\/2019\/10\/Talking-about-trees-poster.jpg\"><img loading=\"lazy\" decoding=\"async\" class=\"wp-image-4825 size-medium alignleft\" src=\"http:\/\/www.augen-blicke-afrika.de\/blog\/wp-content\/uploads\/2019\/10\/Talking-about-trees-poster-212x300.jpg\" width=\"212\" height=\"300\" srcset=\"http:\/\/www.augen-blicke-afrika.de\/blog\/wp-content\/uploads\/2019\/10\/Talking-about-trees-poster-212x300.jpg 212w, http:\/\/www.augen-blicke-afrika.de\/blog\/wp-content\/uploads\/2019\/10\/Talking-about-trees-poster-768x1086.jpg 768w, http:\/\/www.augen-blicke-afrika.de\/blog\/wp-content\/uploads\/2019\/10\/Talking-about-trees-poster-724x1024.jpg 724w, http:\/\/www.augen-blicke-afrika.de\/blog\/wp-content\/uploads\/2019\/10\/Talking-about-trees-poster.jpg 1240w\" sizes=\"auto, (max-width: 212px) 100vw, 212px\" \/><\/a><\/strong><\/p>\n<p><strong>Suhaib Gasmelbari<\/strong>, geb. 1979 im Sudan, verlie\u00df als Sechzehnj\u00e4hriger das Land und studierte sp\u00e4ter Film in Paris. Er arbeitet als freiberuflicher Kameramann und \u00adCutter f\u00fcr Al Qarra, Al Jazeera und France 24. Er realisierte viele eigene Kurzfilme. \u201eTalking About Trees\u201c ist sein \u00aderster Langfilm, der auf der Berlinale 2019 als bester \u00adDokumentarfilm ausgezeichnet wurde.<\/td>\n<\/tr>\n<\/tbody>\n<\/table>\n<p><iframe loading=\"lazy\" src=\"https:\/\/cineuropa.org\/fr\/videoembed\/378671\/rdid\/366247\/\" marginwidth=\"0\" marginheight=\"0\" scrolling=\"no\" allowfullscreen=\"allowfullscreen\" width=\"620\" height=\"350\" frameborder=\"0\"><\/iframe><\/p>\n","protected":false},"excerpt":{"rendered":"<p>TALKING ABOUT TREES Dokumentarfilm, Sudan 2019, R.: Suhaib Gasmelbari, 93 Min., arab.\/ engl \/ russische OF, engl. UT In Kooperation mit Filminitiativ K\u00f6ln. Die Filmveteranen Suliman, Ibrahim, Manar und Altayeb hocken bei Kerzenlicht beieinander und schwelgen in Erinnerungen. Alle vier &hellip; <a href=\"http:\/\/www.augen-blicke-afrika.de\/blog\/programm-2019\/filme-2019\/talking-about-trees\/\">Weiterlesen <span class=\"meta-nav\">&rarr;<\/span><\/a><\/p>\n","protected":false},"author":3,"featured_media":5126,"parent":5054,"menu_order":0,"comment_status":"closed","ping_status":"closed","template":"afrika2019_oh.php","meta":{"footnotes":""},"class_list":["post-4824","page","type-page","status-publish","has-post-thumbnail","hentry"],"_links":{"self":[{"href":"http:\/\/www.augen-blicke-afrika.de\/blog\/wp-json\/wp\/v2\/pages\/4824","targetHints":{"allow":["GET"]}}],"collection":[{"href":"http:\/\/www.augen-blicke-afrika.de\/blog\/wp-json\/wp\/v2\/pages"}],"about":[{"href":"http:\/\/www.augen-blicke-afrika.de\/blog\/wp-json\/wp\/v2\/types\/page"}],"author":[{"embeddable":true,"href":"http:\/\/www.augen-blicke-afrika.de\/blog\/wp-json\/wp\/v2\/users\/3"}],"replies":[{"embeddable":true,"href":"http:\/\/www.augen-blicke-afrika.de\/blog\/wp-json\/wp\/v2\/comments?post=4824"}],"version-history":[{"count":4,"href":"http:\/\/www.augen-blicke-afrika.de\/blog\/wp-json\/wp\/v2\/pages\/4824\/revisions"}],"predecessor-version":[{"id":6891,"href":"http:\/\/www.augen-blicke-afrika.de\/blog\/wp-json\/wp\/v2\/pages\/4824\/revisions\/6891"}],"up":[{"embeddable":true,"href":"http:\/\/www.augen-blicke-afrika.de\/blog\/wp-json\/wp\/v2\/pages\/5054"}],"wp:featuredmedia":[{"embeddable":true,"href":"http:\/\/www.augen-blicke-afrika.de\/blog\/wp-json\/wp\/v2\/media\/5126"}],"wp:attachment":[{"href":"http:\/\/www.augen-blicke-afrika.de\/blog\/wp-json\/wp\/v2\/media?parent=4824"}],"curies":[{"name":"wp","href":"https:\/\/api.w.org\/{rel}","templated":true}]}}