{"id":4820,"date":"2019-10-15T15:48:58","date_gmt":"2019-10-15T13:48:58","guid":{"rendered":"http:\/\/www.augen-blicke-afrika.de\/blog\/?page_id=4820"},"modified":"2022-09-18T17:34:32","modified_gmt":"2022-09-18T15:34:32","slug":"the-burial-of-kojo","status":"publish","type":"page","link":"http:\/\/www.augen-blicke-afrika.de\/blog\/programm-2019\/filme-2019\/the-burial-of-kojo\/","title":{"rendered":"THE BURIAL OF KOJO"},"content":{"rendered":"<table style=\"height: 356px;\" width=\"100%\">\n<thead>\n<tr>\n<td>\n<p class=\"hide-if-no-js\"><a href=\"http:\/\/www.augen-blicke-afrika.de\/blog\/wp-content\/uploads\/2019\/10\/The-buriel-of-kojo-still.jpg\"><img loading=\"lazy\" decoding=\"async\" class=\"alignnone wp-image-4821 size-full\" src=\"http:\/\/www.augen-blicke-afrika.de\/blog\/wp-content\/uploads\/2019\/10\/The-buriel-of-kojo-still-e1571142891564.jpg\" width=\"2101\" height=\"1337\" srcset=\"http:\/\/www.augen-blicke-afrika.de\/blog\/wp-content\/uploads\/2019\/10\/The-buriel-of-kojo-still-e1571142891564.jpg 2101w, http:\/\/www.augen-blicke-afrika.de\/blog\/wp-content\/uploads\/2019\/10\/The-buriel-of-kojo-still-e1571142891564-300x191.jpg 300w, http:\/\/www.augen-blicke-afrika.de\/blog\/wp-content\/uploads\/2019\/10\/The-buriel-of-kojo-still-e1571142891564-768x489.jpg 768w, http:\/\/www.augen-blicke-afrika.de\/blog\/wp-content\/uploads\/2019\/10\/The-buriel-of-kojo-still-e1571142891564-1024x652.jpg 1024w, http:\/\/www.augen-blicke-afrika.de\/blog\/wp-content\/uploads\/2019\/10\/The-buriel-of-kojo-still-e1571142891564-471x300.jpg 471w\" sizes=\"auto, (max-width: 2101px) 100vw, 2101px\" \/><\/a><\/p>\n<h1>THE BURIAL OF KOJO<\/h1>\n<h3>Ghana \/ USA 2018, R.: Blitz Bazawule, 80 Min., engl. \/ Twi OF, engl. UT<\/h3>\n<\/td>\n<\/tr>\n<\/thead>\n<tbody>\n<tr>\n<td>Esi w\u00e4chst beh\u00fctet auf, geliebt von ihrem Vater Kojo. Doch dann ersch\u00fcttert die heile Welt ein tragisches Ereignis, das die Familie zu verdr\u00e4ngen versucht. Esi wird aber zunehmend von Albtr\u00e4umen heimgesucht, Realit\u00e4t und Visionen mischen sich. Auf der Suche nach dem fr\u00fchen Kindheitserlebnis erscheint ihr Kwabene, der Bruder ihres Vaters, der vor Jahren als Hip-Hop-K\u00fcnstler in die USA ausgewandert ist. Beide Br\u00fcder haben einst die gleiche Frau geliebt und nun ist sie tot. Der Vater qu\u00e4lt sich mit Schuldgef\u00fchlen und sein Bruder hegt Rachegef\u00fchle. Eines Tages verschwindet Esis Vater spurlos, nur sie kann ihn finden und retten.<br \/>\nIn diesem Film mischen sich Hip-Hop und afrikanische Traditionen zu einem spannenden Mix. Die Trag\u00f6die erz\u00e4hlt mystisch von Leben und Tod, von Liebe und Verlust.<br \/>\nDer Film wurde mit kleinem Budget und lokalem Filmteam in Ghana \u00adgedreht. Die meisten Schauspieler*innen standen zum ersten Mal vor der Kamera.<\/td>\n<\/tr>\n<tr>\n<td style=\"border-bottom: none;\">\n<p><strong><a href=\"http:\/\/www.augen-blicke-afrika.de\/blog\/wp-content\/uploads\/2019\/10\/The-buriel-of-kojo-poster-1.jpg\"><img loading=\"lazy\" decoding=\"async\" class=\"wp-image-4822 size-medium alignleft\" src=\"http:\/\/www.augen-blicke-afrika.de\/blog\/wp-content\/uploads\/2019\/10\/The-buriel-of-kojo-poster-1-205x300.jpg\" width=\"205\" height=\"300\" srcset=\"http:\/\/www.augen-blicke-afrika.de\/blog\/wp-content\/uploads\/2019\/10\/The-buriel-of-kojo-poster-1-205x300.jpg 205w, http:\/\/www.augen-blicke-afrika.de\/blog\/wp-content\/uploads\/2019\/10\/The-buriel-of-kojo-poster-1-768x1124.jpg 768w, http:\/\/www.augen-blicke-afrika.de\/blog\/wp-content\/uploads\/2019\/10\/The-buriel-of-kojo-poster-1-700x1024.jpg 700w, http:\/\/www.augen-blicke-afrika.de\/blog\/wp-content\/uploads\/2019\/10\/The-buriel-of-kojo-poster-1.jpg 1000w\" sizes=\"auto, (max-width: 205px) 100vw, 205px\" \/><\/a><\/strong><\/p>\n<p><strong>Blitz Bazawule<\/strong>, geb. in Ghana, ist unter dem Namen Blitz the Ambassador bislang vor allem als Hip-Hop-K\u00fcnstler bekannt. Er lebt in New York. \u201eThe Burial of Kojo\u201c ist sein Spielfilmdeb\u00fct. In Ghana unterst\u00fctzt er junge Filmemacher*innen. Als Musiker ver\u00f6ffentlichte er vier Studio-Alben.<\/td>\n<\/tr>\n<\/tbody>\n<\/table>\n<p><iframe loading=\"lazy\" src=\"https:\/\/www.youtube.com\/embed\/2l7gC3fa3m0\" allowfullscreen=\"allowfullscreen\" width=\"560\" height=\"315\" frameborder=\"0\"><\/iframe><\/p>\n","protected":false},"excerpt":{"rendered":"<p>THE BURIAL OF KOJO Ghana \/ USA 2018, R.: Blitz Bazawule, 80 Min., engl. \/ Twi OF, engl. UT Esi w\u00e4chst beh\u00fctet auf, geliebt von ihrem Vater Kojo. Doch dann ersch\u00fcttert die heile Welt ein tragisches Ereignis, das die Familie &hellip; <a href=\"http:\/\/www.augen-blicke-afrika.de\/blog\/programm-2019\/filme-2019\/the-burial-of-kojo\/\">Weiterlesen <span class=\"meta-nav\">&rarr;<\/span><\/a><\/p>\n","protected":false},"author":3,"featured_media":5126,"parent":5054,"menu_order":0,"comment_status":"closed","ping_status":"closed","template":"afrika2019_oh.php","meta":{"footnotes":""},"class_list":["post-4820","page","type-page","status-publish","has-post-thumbnail","hentry"],"_links":{"self":[{"href":"http:\/\/www.augen-blicke-afrika.de\/blog\/wp-json\/wp\/v2\/pages\/4820","targetHints":{"allow":["GET"]}}],"collection":[{"href":"http:\/\/www.augen-blicke-afrika.de\/blog\/wp-json\/wp\/v2\/pages"}],"about":[{"href":"http:\/\/www.augen-blicke-afrika.de\/blog\/wp-json\/wp\/v2\/types\/page"}],"author":[{"embeddable":true,"href":"http:\/\/www.augen-blicke-afrika.de\/blog\/wp-json\/wp\/v2\/users\/3"}],"replies":[{"embeddable":true,"href":"http:\/\/www.augen-blicke-afrika.de\/blog\/wp-json\/wp\/v2\/comments?post=4820"}],"version-history":[{"count":4,"href":"http:\/\/www.augen-blicke-afrika.de\/blog\/wp-json\/wp\/v2\/pages\/4820\/revisions"}],"predecessor-version":[{"id":6892,"href":"http:\/\/www.augen-blicke-afrika.de\/blog\/wp-json\/wp\/v2\/pages\/4820\/revisions\/6892"}],"up":[{"embeddable":true,"href":"http:\/\/www.augen-blicke-afrika.de\/blog\/wp-json\/wp\/v2\/pages\/5054"}],"wp:featuredmedia":[{"embeddable":true,"href":"http:\/\/www.augen-blicke-afrika.de\/blog\/wp-json\/wp\/v2\/media\/5126"}],"wp:attachment":[{"href":"http:\/\/www.augen-blicke-afrika.de\/blog\/wp-json\/wp\/v2\/media?parent=4820"}],"curies":[{"name":"wp","href":"https:\/\/api.w.org\/{rel}","templated":true}]}}