{"id":4816,"date":"2019-10-16T13:06:20","date_gmt":"2019-10-16T11:06:20","guid":{"rendered":"http:\/\/www.augen-blicke-afrika.de\/blog\/?page_id=4816"},"modified":"2022-09-18T17:24:50","modified_gmt":"2022-09-18T15:24:50","slug":"a-season-in-france","status":"publish","type":"page","link":"http:\/\/www.augen-blicke-afrika.de\/blog\/programm-2019\/filme-2019\/a-season-in-france\/","title":{"rendered":"A SEASON IN FRANCE"},"content":{"rendered":"<table style=\"height: 356px;\" width=\"100%\">\n<thead>\n<tr>\n<td>\n<p class=\"hide-if-no-js\"><a href=\"http:\/\/www.augen-blicke-afrika.de\/blog\/wp-content\/uploads\/2019\/10\/une-saison-en-france-2-franck-verdier-pili-films.jpg\"><img loading=\"lazy\" decoding=\"async\" class=\"alignnone wp-image-4817 size-full\" src=\"http:\/\/www.augen-blicke-afrika.de\/blog\/wp-content\/uploads\/2019\/10\/une-saison-en-france-2-franck-verdier-pili-films.jpg\" width=\"3543\" height=\"2362\" srcset=\"http:\/\/www.augen-blicke-afrika.de\/blog\/wp-content\/uploads\/2019\/10\/une-saison-en-france-2-franck-verdier-pili-films.jpg 3543w, http:\/\/www.augen-blicke-afrika.de\/blog\/wp-content\/uploads\/2019\/10\/une-saison-en-france-2-franck-verdier-pili-films-300x200.jpg 300w, http:\/\/www.augen-blicke-afrika.de\/blog\/wp-content\/uploads\/2019\/10\/une-saison-en-france-2-franck-verdier-pili-films-768x512.jpg 768w, http:\/\/www.augen-blicke-afrika.de\/blog\/wp-content\/uploads\/2019\/10\/une-saison-en-france-2-franck-verdier-pili-films-1024x683.jpg 1024w, http:\/\/www.augen-blicke-afrika.de\/blog\/wp-content\/uploads\/2019\/10\/une-saison-en-france-2-franck-verdier-pili-films-450x300.jpg 450w\" sizes=\"auto, (max-width: 3543px) 100vw, 3543px\" \/><\/a><\/p>\n<h1>A SEASON IN FRANCE<\/h1>\n<h3>Frankreich 2017, R.: Mahamat-Saleh Haroun, 101 Min., frz. OF, engl. UT<\/h3>\n<\/td>\n<\/tr>\n<\/thead>\n<tbody>\n<tr>\n<td>Abbas ist vor fast zwei Jahren mit seinen beiden Kindern aus der Zentralafrikanischen Republik nach Frankreich geflohen und hat einen Asylantrag gestellt. Bei kriegerischen Auseinandersetzungen wurde seine Frau vom Milit\u00e4r get\u00f6tet. Mit diesem Trauma m\u00fcssen sie jetzt alle leben und mit der Ungewissheit, ob sie im Land und damit in Sicherheit bleiben d\u00fcrfen. Abbas schl\u00e4gt sich mit verschiedenen Kurzzeitjobs durch, zieht von Unterkunft zu Unterkunft. Er lernt Carole kennen, die ihm sehr zugetan ist, aber der dramatische Verlust seiner Frau und die B\u00fcrokratie und Willk\u00fcr der Beh\u00f6rden setzen ihm und den Kindern immer mehr zu.<br \/>\nDer Film erz\u00e4hlt die Geschichte eines Asylsuchenden in der Warteschleife sensibel und facettenreich.<\/td>\n<\/tr>\n<tr>\n<td style=\"border-bottom: none;\">\n<p><strong><a href=\"http:\/\/www.augen-blicke-afrika.de\/blog\/wp-content\/uploads\/2019\/10\/A-Season-poster.jpg\"><img loading=\"lazy\" decoding=\"async\" class=\"wp-image-4818 size-medium alignleft\" src=\"http:\/\/www.augen-blicke-afrika.de\/blog\/wp-content\/uploads\/2019\/10\/A-Season-poster-225x300.jpg\" width=\"225\" height=\"300\" srcset=\"http:\/\/www.augen-blicke-afrika.de\/blog\/wp-content\/uploads\/2019\/10\/A-Season-poster-225x300.jpg 225w, http:\/\/www.augen-blicke-afrika.de\/blog\/wp-content\/uploads\/2019\/10\/A-Season-poster-768x1024.jpg 768w\" sizes=\"auto, (max-width: 225px) 100vw, 225px\" \/><\/a><\/strong><\/p>\n<p><strong>Mahamat-Saleh Haroun<\/strong>, geb. 1961 im Tschad, floh als Jugendlicher wegen des B\u00fcrgerkriegs zun\u00e4chst nach Kamerun und emigrierte 1982 nach Frankreich. Seit 1999 realisierte er mehrere Spielfilme im Tschad. Zwei dieser Filme \u201eUn homme qui crie\u201c und \u201eGrigris\u201c haben wir gezeigt.<\/td>\n<\/tr>\n<\/tbody>\n<\/table>\n<p><iframe loading=\"lazy\" src=\"https:\/\/www.youtube.com\/embed\/4tNTv7FCDdk\" allowfullscreen=\"allowfullscreen\" width=\"560\" height=\"315\" frameborder=\"0\"><\/iframe><\/p>\n","protected":false},"excerpt":{"rendered":"<p>A SEASON IN FRANCE Frankreich 2017, R.: Mahamat-Saleh Haroun, 101 Min., frz. OF, engl. UT Abbas ist vor fast zwei Jahren mit seinen beiden Kindern aus der Zentralafrikanischen Republik nach Frankreich geflohen und hat einen Asylantrag gestellt. Bei kriegerischen Auseinandersetzungen &hellip; <a href=\"http:\/\/www.augen-blicke-afrika.de\/blog\/programm-2019\/filme-2019\/a-season-in-france\/\">Weiterlesen <span class=\"meta-nav\">&rarr;<\/span><\/a><\/p>\n","protected":false},"author":3,"featured_media":5126,"parent":5054,"menu_order":0,"comment_status":"closed","ping_status":"closed","template":"afrika2019_oh.php","meta":{"footnotes":""},"class_list":["post-4816","page","type-page","status-publish","has-post-thumbnail","hentry"],"_links":{"self":[{"href":"http:\/\/www.augen-blicke-afrika.de\/blog\/wp-json\/wp\/v2\/pages\/4816","targetHints":{"allow":["GET"]}}],"collection":[{"href":"http:\/\/www.augen-blicke-afrika.de\/blog\/wp-json\/wp\/v2\/pages"}],"about":[{"href":"http:\/\/www.augen-blicke-afrika.de\/blog\/wp-json\/wp\/v2\/types\/page"}],"author":[{"embeddable":true,"href":"http:\/\/www.augen-blicke-afrika.de\/blog\/wp-json\/wp\/v2\/users\/3"}],"replies":[{"embeddable":true,"href":"http:\/\/www.augen-blicke-afrika.de\/blog\/wp-json\/wp\/v2\/comments?post=4816"}],"version-history":[{"count":3,"href":"http:\/\/www.augen-blicke-afrika.de\/blog\/wp-json\/wp\/v2\/pages\/4816\/revisions"}],"predecessor-version":[{"id":6869,"href":"http:\/\/www.augen-blicke-afrika.de\/blog\/wp-json\/wp\/v2\/pages\/4816\/revisions\/6869"}],"up":[{"embeddable":true,"href":"http:\/\/www.augen-blicke-afrika.de\/blog\/wp-json\/wp\/v2\/pages\/5054"}],"wp:featuredmedia":[{"embeddable":true,"href":"http:\/\/www.augen-blicke-afrika.de\/blog\/wp-json\/wp\/v2\/media\/5126"}],"wp:attachment":[{"href":"http:\/\/www.augen-blicke-afrika.de\/blog\/wp-json\/wp\/v2\/media?parent=4816"}],"curies":[{"name":"wp","href":"https:\/\/api.w.org\/{rel}","templated":true}]}}