{"id":4806,"date":"2019-10-15T15:23:45","date_gmt":"2019-10-15T13:23:45","guid":{"rendered":"http:\/\/www.augen-blicke-afrika.de\/blog\/?page_id=4806"},"modified":"2022-09-18T17:26:52","modified_gmt":"2022-09-18T15:26:52","slug":"duga-les-charognards","status":"publish","type":"page","link":"http:\/\/www.augen-blicke-afrika.de\/blog\/programm-2019\/filme-2019\/duga-les-charognards\/","title":{"rendered":"DUGA \u2013 Les charognards"},"content":{"rendered":"<table style=\"height: 356px;\" width=\"100%\">\n<thead>\n<tr>\n<td>\n<p class=\"hide-if-no-js\"><a href=\"http:\/\/www.augen-blicke-afrika.de\/blog\/wp-content\/uploads\/2019\/10\/Burkina-Faso-Duga-still-1.jpg\"><img loading=\"lazy\" decoding=\"async\" class=\"alignnone wp-image-4807 size-full\" src=\"http:\/\/www.augen-blicke-afrika.de\/blog\/wp-content\/uploads\/2019\/10\/Burkina-Faso-Duga-still-1.jpg\" width=\"1024\" height=\"683\" srcset=\"http:\/\/www.augen-blicke-afrika.de\/blog\/wp-content\/uploads\/2019\/10\/Burkina-Faso-Duga-still-1.jpg 1024w, http:\/\/www.augen-blicke-afrika.de\/blog\/wp-content\/uploads\/2019\/10\/Burkina-Faso-Duga-still-1-300x200.jpg 300w, http:\/\/www.augen-blicke-afrika.de\/blog\/wp-content\/uploads\/2019\/10\/Burkina-Faso-Duga-still-1-768x512.jpg 768w, http:\/\/www.augen-blicke-afrika.de\/blog\/wp-content\/uploads\/2019\/10\/Burkina-Faso-Duga-still-1-450x300.jpg 450w\" sizes=\"auto, (max-width: 1024px) 100vw, 1024px\" \/><\/a><\/p>\n<h1>DUGA \u2013 Les charognards<\/h1>\n<h3>Burkina Faso 2019, R.: Abdoulaye Dao \/ Herv\u00e9 Eric Lengani, 93 Min., OF, dt. UT<\/h3>\n<h3><strong>In Kooperation mit Filminitiativ K\u00f6ln.<\/strong><\/h3>\n<\/td>\n<\/tr>\n<\/thead>\n<tbody>\n<tr>\n<td>Ein traditionelles Ritual unter alten M\u00e4nnern an einem geheimen Ort, und pl\u00f6tzlich f\u00e4llt einer von ihnen ins Koma und stirbt. So beginnt eine kuriose und chaotische Geschichte, die dem alten Rasman\u00e9 viel abverlangt. Der Tote ist sein alter Freund Pierre und nat\u00fcrlich f\u00fchlt er sich \u00adverpflichtet, der trauernden Witwe bei der Bestattung zu helfen. \u00adDaraus entwickelt sich eine bizarre Odyssee \u00fcber Land mit dem Leichnam im klapprigen Auto. Wo ist der richtige letzte Ruheplatz f\u00fcr einen Stadtmenschen, der weder der traditionellen noch der christlichen \u00adGemeinschaft angeh\u00f6rt hat?<br \/>\nAuch eine Parallelhandlung zeigt auf, dass es in der heutigen Zeit<br \/>\nsehr verwirrend ist, gleicherma\u00dfen den alten und neuen Regeln zu \u00adentsprechen.<br \/>\nEin Baby wird im Busch gefunden, f\u00fcr das sich zun\u00e4chst keiner zu\u00adst\u00e4ndig f\u00fchlt. Als ein Paar das Kind aufnimmt, erheben pl\u00f6tzlich die \u00adBeh\u00f6rden Einspruch und beharren darauf, dass nur sie berechtigt sind, eine Adoption zu verf\u00fcgen. Eine weitere Odyssee scheint sich anzubahnen.<br \/>\nEin skurriler Film, der raffiniert konstruiert ist, voller \u00dcberraschungen steckt und mit vielen Seitenhieben auf traditionelle und religi\u00f6se \u00adF\u00fchrer, auf die surreale B\u00fcrokratie und die korrupte Polizei aufwartet. Gleichzeitig werden aber auch Egoismus und Geldgier vieler Mit\u00adglieder der Gesellschaft angeprangert. Eine erfrischende Satire in afrikanischer Erz\u00e4hlkunst.<\/td>\n<\/tr>\n<tr>\n<td style=\"border-bottom: none;\">\n<p><strong><a href=\"http:\/\/www.augen-blicke-afrika.de\/blog\/wp-content\/uploads\/2019\/10\/Burkina-Faso-Duga-poster.jpg\"><img loading=\"lazy\" decoding=\"async\" class=\"wp-image-4810 size-medium alignleft\" src=\"http:\/\/www.augen-blicke-afrika.de\/blog\/wp-content\/uploads\/2019\/10\/Burkina-Faso-Duga-poster-207x300.jpg\" width=\"207\" height=\"300\" srcset=\"http:\/\/www.augen-blicke-afrika.de\/blog\/wp-content\/uploads\/2019\/10\/Burkina-Faso-Duga-poster-207x300.jpg 207w, http:\/\/www.augen-blicke-afrika.de\/blog\/wp-content\/uploads\/2019\/10\/Burkina-Faso-Duga-poster.jpg 287w\" sizes=\"auto, (max-width: 207px) 100vw, 207px\" \/><\/a><\/strong><\/p>\n<p><strong>Abdoulaye Dao<\/strong>, geb. in Burkina Faso, studierte Regie am Filminstitut in Ouagadougou. Er arbeitete viele Jahre f\u00fcr das burkinische Fernsehen und ist heute Leiter des Nationalen Filminstituts.<br \/>\n<strong>Herv\u00e9 Eric Lengani<\/strong> ist burkinischer Filmregisseur. Als Regieassistent wirkte er bei dem Film \u201eWallay\u201c mit.<br \/>\n(2017 in unserem Programm)<br \/>\nBeim FESPACO 2019 wurde die sozialkritische Satire mit zwei Preisen ausgezeichnet.<\/td>\n<\/tr>\n<\/tbody>\n<\/table>\n<p><iframe loading=\"lazy\" src=\"https:\/\/www.youtube.com\/embed\/V8aXrlsPlmo\" allowfullscreen=\"allowfullscreen\" width=\"560\" height=\"315\" frameborder=\"0\"><\/iframe><\/p>\n","protected":false},"excerpt":{"rendered":"<p>DUGA \u2013 Les charognards Burkina Faso 2019, R.: Abdoulaye Dao \/ Herv\u00e9 Eric Lengani, 93 Min., OF, dt. UT In Kooperation mit Filminitiativ K\u00f6ln. Ein traditionelles Ritual unter alten M\u00e4nnern an einem geheimen Ort, und pl\u00f6tzlich f\u00e4llt einer von ihnen &hellip; <a href=\"http:\/\/www.augen-blicke-afrika.de\/blog\/programm-2019\/filme-2019\/duga-les-charognards\/\">Weiterlesen <span class=\"meta-nav\">&rarr;<\/span><\/a><\/p>\n","protected":false},"author":3,"featured_media":5126,"parent":5054,"menu_order":0,"comment_status":"closed","ping_status":"closed","template":"afrika2019_oh.php","meta":{"footnotes":""},"class_list":["post-4806","page","type-page","status-publish","has-post-thumbnail","hentry"],"_links":{"self":[{"href":"http:\/\/www.augen-blicke-afrika.de\/blog\/wp-json\/wp\/v2\/pages\/4806","targetHints":{"allow":["GET"]}}],"collection":[{"href":"http:\/\/www.augen-blicke-afrika.de\/blog\/wp-json\/wp\/v2\/pages"}],"about":[{"href":"http:\/\/www.augen-blicke-afrika.de\/blog\/wp-json\/wp\/v2\/types\/page"}],"author":[{"embeddable":true,"href":"http:\/\/www.augen-blicke-afrika.de\/blog\/wp-json\/wp\/v2\/users\/3"}],"replies":[{"embeddable":true,"href":"http:\/\/www.augen-blicke-afrika.de\/blog\/wp-json\/wp\/v2\/comments?post=4806"}],"version-history":[{"count":4,"href":"http:\/\/www.augen-blicke-afrika.de\/blog\/wp-json\/wp\/v2\/pages\/4806\/revisions"}],"predecessor-version":[{"id":6874,"href":"http:\/\/www.augen-blicke-afrika.de\/blog\/wp-json\/wp\/v2\/pages\/4806\/revisions\/6874"}],"up":[{"embeddable":true,"href":"http:\/\/www.augen-blicke-afrika.de\/blog\/wp-json\/wp\/v2\/pages\/5054"}],"wp:featuredmedia":[{"embeddable":true,"href":"http:\/\/www.augen-blicke-afrika.de\/blog\/wp-json\/wp\/v2\/media\/5126"}],"wp:attachment":[{"href":"http:\/\/www.augen-blicke-afrika.de\/blog\/wp-json\/wp\/v2\/media?parent=4806"}],"curies":[{"name":"wp","href":"https:\/\/api.w.org\/{rel}","templated":true}]}}