{"id":4802,"date":"2019-10-15T15:35:28","date_gmt":"2019-10-15T13:35:28","guid":{"rendered":"http:\/\/www.augen-blicke-afrika.de\/blog\/?page_id=4802"},"modified":"2022-09-18T17:29:52","modified_gmt":"2022-09-18T15:29:52","slug":"khartoum-offside","status":"publish","type":"page","link":"http:\/\/www.augen-blicke-afrika.de\/blog\/programm-2019\/filme-2019\/khartoum-offside\/","title":{"rendered":"KHARTOUM OFFSIDE"},"content":{"rendered":"<table style=\"height: 356px;\" width=\"100%\">\n<thead>\n<tr>\n<td>\n<p class=\"hide-if-no-js\"><a href=\"http:\/\/www.augen-blicke-afrika.de\/blog\/wp-content\/uploads\/2019\/10\/Khartoum-outside-still.jpg\"><img loading=\"lazy\" decoding=\"async\" class=\"alignnone wp-image-4803 \" src=\"http:\/\/www.augen-blicke-afrika.de\/blog\/wp-content\/uploads\/2019\/10\/Khartoum-outside-still.jpg\" width=\"570\" height=\"329\"><\/a><\/p>\n<h1>KHARTOUM OFFSIDE<\/h1>\n<h3>Dokumentarfilm, Sudan \/ Frankreich 2019, R.: Marwa Zein, 75 Min., OF, dt. UT<\/h3>\n<h3><strong>In Kooperation mit Filminitiativ K\u00f6ln.<\/strong><\/h3>\n<\/td>\n<\/tr>\n<\/thead>\n<tbody>\n<tr>\n<td>Wie k\u00f6nnen es Frauen im islamisch regierten Sudan schaffen, Fu\u00dfball zu spielen, sportliche Strukturen aufzubauen, sogar eine Nationalmannschaft zu bilden? Was auf den ersten Blick utopisch scheint, soll aus Sicht der fu\u00dfballbegeisterten Sara Wirklichkeit werden. An motivierten Mitspielerinnen mangelt es nicht, aber nicht nur auf dem Spielfeld sind Kampfgeist und Durchsetzungsverm\u00f6gen gefragt, auch die realen Lebensbedingungen der Frauen im Sudan und ihre Rolle in der Gesellschaft stellen eine Herausforderung dar. Sie m\u00fcssen gegen Korruption, b\u00fcrokratische Hindernisse und den Widerstand der religi\u00f6sen F\u00fchrer k\u00e4mpfen und tun dies mit Charme, Power und Lebensfreude.<br \/>\nDie Regisseurin Marwa Zein hat die Frauen in den Vororten der sudanesischen Hauptstadt Khartoum \u00fcber vier Jahre begleitet. Im Mittelpunkt stehen die Begeisterung, das Selbstbewusstsein und die Gewitztheit der Protago\u00adnistinnen, die ihren Traum gegen alle gesellschaftlichen Widerst\u00e4nde realisieren wollen. Der Film gibt zudem spannende Einblicke in den Alltag der Frauen und in die politisch angespannte Situation des Landes.<\/td>\n<\/tr>\n<tr>\n<td style=\"border-bottom: none;\">\n<p><strong><a href=\"http:\/\/www.augen-blicke-afrika.de\/blog\/wp-content\/uploads\/2019\/10\/Khartoum-outside-poster.jpg\"><img loading=\"lazy\" decoding=\"async\" class=\"wp-image-4804 size-medium alignleft\" src=\"http:\/\/www.augen-blicke-afrika.de\/blog\/wp-content\/uploads\/2019\/10\/Khartoum-outside-poster-244x300.jpg\" width=\"244\" height=\"300\" srcset=\"http:\/\/www.augen-blicke-afrika.de\/blog\/wp-content\/uploads\/2019\/10\/Khartoum-outside-poster-244x300.jpg 244w, http:\/\/www.augen-blicke-afrika.de\/blog\/wp-content\/uploads\/2019\/10\/Khartoum-outside-poster-768x945.jpg 768w, http:\/\/www.augen-blicke-afrika.de\/blog\/wp-content\/uploads\/2019\/10\/Khartoum-outside-poster.jpg 832w\" sizes=\"auto, (max-width: 244px) 100vw, 244px\" \/><\/a><\/strong><\/p>\n<p><strong>Marwa Zein<\/strong>, geboren 1985 in Saudi-Arabien, studierte Filmregie. 2009 nahm sie am Berlinale Talent Campus teil. Seit 2014 arbeitet Marwa Zein als Programm\u00adkuratorin f\u00fcr das Sudan Independent Film Festival in Khartum. Sie lebt im Sudan und in Deutschland, wo sie seit 2018 an der Kunsthochschule f\u00fcr Medien in K\u00f6ln studiert.<\/td>\n<\/tr>\n<\/tbody>\n<\/table>\n<p><iframe loading=\"lazy\" src=\"https:\/\/www.youtube.com\/embed\/pJ-lDY9TzoU\" allow=\"accelerometer; autoplay; encrypted-media; gyroscope; picture-in-picture\" allowfullscreen=\"\" width=\"560\" height=\"315\" frameborder=\"0\"><\/iframe><\/p>\n","protected":false},"excerpt":{"rendered":"<p>KHARTOUM OFFSIDE Dokumentarfilm, Sudan \/ Frankreich 2019, R.: Marwa Zein, 75 Min., OF, dt. UT In Kooperation mit Filminitiativ K\u00f6ln. Wie k\u00f6nnen es Frauen im islamisch regierten Sudan schaffen, Fu\u00dfball zu spielen, sportliche Strukturen aufzubauen, sogar eine Nationalmannschaft zu bilden? &hellip; <a href=\"http:\/\/www.augen-blicke-afrika.de\/blog\/programm-2019\/filme-2019\/khartoum-offside\/\">Weiterlesen <span class=\"meta-nav\">&rarr;<\/span><\/a><\/p>\n","protected":false},"author":3,"featured_media":5126,"parent":5054,"menu_order":0,"comment_status":"closed","ping_status":"closed","template":"afrika2019_oh.php","meta":{"footnotes":""},"class_list":["post-4802","page","type-page","status-publish","has-post-thumbnail","hentry"],"_links":{"self":[{"href":"http:\/\/www.augen-blicke-afrika.de\/blog\/wp-json\/wp\/v2\/pages\/4802","targetHints":{"allow":["GET"]}}],"collection":[{"href":"http:\/\/www.augen-blicke-afrika.de\/blog\/wp-json\/wp\/v2\/pages"}],"about":[{"href":"http:\/\/www.augen-blicke-afrika.de\/blog\/wp-json\/wp\/v2\/types\/page"}],"author":[{"embeddable":true,"href":"http:\/\/www.augen-blicke-afrika.de\/blog\/wp-json\/wp\/v2\/users\/3"}],"replies":[{"embeddable":true,"href":"http:\/\/www.augen-blicke-afrika.de\/blog\/wp-json\/wp\/v2\/comments?post=4802"}],"version-history":[{"count":5,"href":"http:\/\/www.augen-blicke-afrika.de\/blog\/wp-json\/wp\/v2\/pages\/4802\/revisions"}],"predecessor-version":[{"id":6881,"href":"http:\/\/www.augen-blicke-afrika.de\/blog\/wp-json\/wp\/v2\/pages\/4802\/revisions\/6881"}],"up":[{"embeddable":true,"href":"http:\/\/www.augen-blicke-afrika.de\/blog\/wp-json\/wp\/v2\/pages\/5054"}],"wp:featuredmedia":[{"embeddable":true,"href":"http:\/\/www.augen-blicke-afrika.de\/blog\/wp-json\/wp\/v2\/media\/5126"}],"wp:attachment":[{"href":"http:\/\/www.augen-blicke-afrika.de\/blog\/wp-json\/wp\/v2\/media?parent=4802"}],"curies":[{"name":"wp","href":"https:\/\/api.w.org\/{rel}","templated":true}]}}