{"id":4798,"date":"2019-10-15T15:29:45","date_gmt":"2019-10-15T13:29:45","guid":{"rendered":"http:\/\/www.augen-blicke-afrika.de\/blog\/?page_id=4798"},"modified":"2022-09-18T17:28:34","modified_gmt":"2022-09-18T15:28:34","slug":"flesh-out","status":"publish","type":"page","link":"http:\/\/www.augen-blicke-afrika.de\/blog\/programm-2019\/filme-2019\/flesh-out\/","title":{"rendered":"FLESH OUT"},"content":{"rendered":"<table style=\"height: 356px;\" width=\"100%\">\n<thead>\n<tr>\n<td>\n<p class=\"hide-if-no-js\"><a href=\"http:\/\/www.augen-blicke-afrika.de\/blog\/wp-content\/uploads\/2019\/10\/flesh-out-still-1.jpg\"><img loading=\"lazy\" decoding=\"async\" class=\"alignnone wp-image-4799 size-full\" src=\"http:\/\/www.augen-blicke-afrika.de\/blog\/wp-content\/uploads\/2019\/10\/flesh-out-still-1.jpg\" width=\"3996\" height=\"2152\" srcset=\"http:\/\/www.augen-blicke-afrika.de\/blog\/wp-content\/uploads\/2019\/10\/flesh-out-still-1.jpg 3996w, http:\/\/www.augen-blicke-afrika.de\/blog\/wp-content\/uploads\/2019\/10\/flesh-out-still-1-300x162.jpg 300w, http:\/\/www.augen-blicke-afrika.de\/blog\/wp-content\/uploads\/2019\/10\/flesh-out-still-1-768x414.jpg 768w, http:\/\/www.augen-blicke-afrika.de\/blog\/wp-content\/uploads\/2019\/10\/flesh-out-still-1-1024x551.jpg 1024w, http:\/\/www.augen-blicke-afrika.de\/blog\/wp-content\/uploads\/2019\/10\/flesh-out-still-1-500x269.jpg 500w\" sizes=\"auto, (max-width: 3996px) 100vw, 3996px\" \/><\/a><\/p>\n<h1>FLESH OUT<\/h1>\n<h3>Italien \/ Mauretanien 2019, R.: Michela Occhipinti, 94 Min., Hassania OF, engl. UT<\/h3>\n<\/td>\n<\/tr>\n<\/thead>\n<tbody>\n<tr>\n<td>Die lebenslustige Verida arbeitet in einem Beauty Salon, ist st\u00e4ndig in den sozialen Netzwerken unterwegs und h\u00e4ngt mit ihren Freundinnen ab.<br \/>\nDoch diese ungezwungene Zeit ist jetzt vorbei, denn in drei Monaten soll Verida heiraten. Die Ehe wurde von ihren f\u00fcrsorglichen Eltern arrangiert. Einer Tradition gem\u00e4\u00df muss sie jetzt ordentlich zunehmen, damit sie ihrem Ehemann gef\u00e4llt, denn nur eine \u00fcppige, wohl gerundete Figur entspricht dem mauretanischen Sch\u00f6nheitsideal. Veridas Mutter setzt alles daran, \u00fcppige Mahle zuzubereiten, um ihre Tochter mit Essen vollzustopfen. Regelm\u00e4\u00dfig kommt ein Nachbar mit der Waage vorbei; das einzig Erfreuliche daran ist der junge Mann selbst. Denn jedes Kilo mehr bedeutet auch mehr Leid f\u00fcr sie. Alles, was sie in ihrem Leben f\u00fcr normal gehalten hat, beginnt sie zunehmend mit anderen Augen zu sehen.<br \/>\nDer eindrucksvolle Film zeigt die Widerspr\u00fcche, denen mauretanische Frauen von heute ausgesetzt sind. Westliche Einfl\u00fcsse pr\u00e4gen die jungen Menschen in den St\u00e4dten, und daneben gibt der Film Einblicke in traditionelle Sitten und Gebr\u00e4uche, wie sie noch in dem gro\u00df\u00adfl\u00e4chigen W\u00fcstenstaat weit verbreitet sind.<\/td>\n<\/tr>\n<tr>\n<td style=\"border-bottom: none;\">\n<p><strong><a href=\"http:\/\/www.augen-blicke-afrika.de\/blog\/wp-content\/uploads\/2019\/10\/flesh-out.jpg\"><img loading=\"lazy\" decoding=\"async\" class=\"wp-image-4800 size-full alignleft\" src=\"http:\/\/www.augen-blicke-afrika.de\/blog\/wp-content\/uploads\/2019\/10\/flesh-out.jpg\" width=\"188\" height=\"268\"><\/a><\/strong><\/p>\n<p><strong>Michela Occhipinti<\/strong>, geb. in Italien, ist\u00ad \u00adDokumentarfilmerin und Produzentin. \u201eFlesh Out\u201c ist ihr Spielfilmdeb\u00fct.<\/td>\n<\/tr>\n<\/tbody>\n<\/table>\n<p><iframe loading=\"lazy\" src=\"https:\/\/www.youtube.com\/embed\/Qt6_cTRnozk\" allowfullscreen=\"allowfullscreen\" width=\"560\" height=\"315\" frameborder=\"0\"><\/iframe><\/p>\n","protected":false},"excerpt":{"rendered":"<p>FLESH OUT Italien \/ Mauretanien 2019, R.: Michela Occhipinti, 94 Min., Hassania OF, engl. UT Die lebenslustige Verida arbeitet in einem Beauty Salon, ist st\u00e4ndig in den sozialen Netzwerken unterwegs und h\u00e4ngt mit ihren Freundinnen ab. Doch diese ungezwungene Zeit &hellip; <a href=\"http:\/\/www.augen-blicke-afrika.de\/blog\/programm-2019\/filme-2019\/flesh-out\/\">Weiterlesen <span class=\"meta-nav\">&rarr;<\/span><\/a><\/p>\n","protected":false},"author":3,"featured_media":5126,"parent":5054,"menu_order":0,"comment_status":"closed","ping_status":"closed","template":"afrika2019_oh.php","meta":{"footnotes":""},"class_list":["post-4798","page","type-page","status-publish","has-post-thumbnail","hentry"],"_links":{"self":[{"href":"http:\/\/www.augen-blicke-afrika.de\/blog\/wp-json\/wp\/v2\/pages\/4798","targetHints":{"allow":["GET"]}}],"collection":[{"href":"http:\/\/www.augen-blicke-afrika.de\/blog\/wp-json\/wp\/v2\/pages"}],"about":[{"href":"http:\/\/www.augen-blicke-afrika.de\/blog\/wp-json\/wp\/v2\/types\/page"}],"author":[{"embeddable":true,"href":"http:\/\/www.augen-blicke-afrika.de\/blog\/wp-json\/wp\/v2\/users\/3"}],"replies":[{"embeddable":true,"href":"http:\/\/www.augen-blicke-afrika.de\/blog\/wp-json\/wp\/v2\/comments?post=4798"}],"version-history":[{"count":3,"href":"http:\/\/www.augen-blicke-afrika.de\/blog\/wp-json\/wp\/v2\/pages\/4798\/revisions"}],"predecessor-version":[{"id":6878,"href":"http:\/\/www.augen-blicke-afrika.de\/blog\/wp-json\/wp\/v2\/pages\/4798\/revisions\/6878"}],"up":[{"embeddable":true,"href":"http:\/\/www.augen-blicke-afrika.de\/blog\/wp-json\/wp\/v2\/pages\/5054"}],"wp:featuredmedia":[{"embeddable":true,"href":"http:\/\/www.augen-blicke-afrika.de\/blog\/wp-json\/wp\/v2\/media\/5126"}],"wp:attachment":[{"href":"http:\/\/www.augen-blicke-afrika.de\/blog\/wp-json\/wp\/v2\/media?parent=4798"}],"curies":[{"name":"wp","href":"https:\/\/api.w.org\/{rel}","templated":true}]}}