{"id":4790,"date":"2019-10-15T15:08:45","date_gmt":"2019-10-15T13:08:45","guid":{"rendered":"http:\/\/www.augen-blicke-afrika.de\/blog\/?page_id=4790"},"modified":"2022-09-18T17:24:32","modified_gmt":"2022-09-18T15:24:32","slug":"a-girl-from-mogadishu","status":"publish","type":"page","link":"http:\/\/www.augen-blicke-afrika.de\/blog\/programm-2019\/filme-2019\/a-girl-from-mogadishu\/","title":{"rendered":"A GIRL FROM MOGADISHU"},"content":{"rendered":"<table style=\"height: 356px;\" width=\"100%\">\n<thead>\n<tr>\n<td>\n<p class=\"hide-if-no-js\"><a href=\"http:\/\/www.augen-blicke-afrika.de\/blog\/wp-content\/uploads\/2019\/10\/MogadishuNEWCROP-1.jpg\"><img loading=\"lazy\" decoding=\"async\" class=\"alignnone wp-image-4791 size-full\" src=\"http:\/\/www.augen-blicke-afrika.de\/blog\/wp-content\/uploads\/2019\/10\/MogadishuNEWCROP-1.jpg\" width=\"1600\" height=\"869\" srcset=\"http:\/\/www.augen-blicke-afrika.de\/blog\/wp-content\/uploads\/2019\/10\/MogadishuNEWCROP-1.jpg 1600w, http:\/\/www.augen-blicke-afrika.de\/blog\/wp-content\/uploads\/2019\/10\/MogadishuNEWCROP-1-300x163.jpg 300w, http:\/\/www.augen-blicke-afrika.de\/blog\/wp-content\/uploads\/2019\/10\/MogadishuNEWCROP-1-768x417.jpg 768w, http:\/\/www.augen-blicke-afrika.de\/blog\/wp-content\/uploads\/2019\/10\/MogadishuNEWCROP-1-1024x556.jpg 1024w, http:\/\/www.augen-blicke-afrika.de\/blog\/wp-content\/uploads\/2019\/10\/MogadishuNEWCROP-1-500x272.jpg 500w\" sizes=\"auto, (max-width: 1600px) 100vw, 1600px\" \/><\/a><\/p>\n<h1>A GIRL FROM MOGADISHU<\/h1>\n<h3>Irland \/ Belgien 2019, R.: Mary McGuckian, 112 Min., Somali \/ engl. OF, engl. UT<\/h3>\n<\/td>\n<\/tr>\n<\/thead>\n<tbody>\n<tr>\n<td>In Somalia herrscht 2016 Krieg. Immer wieder \u00fcberfallen Rebellengruppen auch Frauen und Kinder, Vergewaltigungen sind an der Tagesordnung. Die junge Ifrah lebt bei Tante und Onkel, die aber auch nicht mehr f\u00fcr ihre Sicherheit sorgen k\u00f6nnen. Also wird sie mit Hilfe von Schleppern aus dem Land geschleust und in ein Flugzeug gesetzt, das sie in die USA bringen soll. Aber sie landet im verschneiten Irland, dort soll sie Asyl beantragen. Bei den medizinischen Untersuchungen wird festgestellt, dass sie beschnitten ist. Das, was f\u00fcr sie normal war, wird nun zu einer gro\u00dfen Belastung f\u00fcr sie. In der irischen Gesellschaft f\u00fchlt sie sich fremd und als Au\u00dfenseiterin. Doch dann beschlie\u00dft Ifrah, ihre ungewollte neue Lebenssituation zu akzeptieren und zu nutzen.<br \/>\nDer aufwendig gedrehte Film \u00fcber kriegerische Gewalt, Schlepperbanden und Leben im Exil erz\u00e4hlt die Geschichte der Frauenrechtsk\u00e4mpferin Ifrah Ahmed aus Somalia. Ausgehend von ihren pers\u00f6nlichen Erlebnissen wurde sie zur Aktivistin, um auf die sexualisierte Gewalt gegen M\u00e4dchen und Frauen in vielen L\u00e4ndern der Welt aufmerksam zu machen und sie zu bek\u00e4mpfen.<\/td>\n<\/tr>\n<tr>\n<td style=\"border-bottom: none;\">\n<p><strong><a href=\"http:\/\/www.augen-blicke-afrika.de\/blog\/wp-content\/uploads\/2019\/10\/a-girl-from-mogadishu-poster-a.jpg\"><img loading=\"lazy\" decoding=\"async\" class=\"wp-image-4792 size-medium alignleft\" src=\"http:\/\/www.augen-blicke-afrika.de\/blog\/wp-content\/uploads\/2019\/10\/a-girl-from-mogadishu-poster-a-203x300.jpg\" width=\"203\" height=\"300\" srcset=\"http:\/\/www.augen-blicke-afrika.de\/blog\/wp-content\/uploads\/2019\/10\/a-girl-from-mogadishu-poster-a-203x300.jpg 203w, http:\/\/www.augen-blicke-afrika.de\/blog\/wp-content\/uploads\/2019\/10\/a-girl-from-mogadishu-poster-a-768x1138.jpg 768w, http:\/\/www.augen-blicke-afrika.de\/blog\/wp-content\/uploads\/2019\/10\/a-girl-from-mogadishu-poster-a-691x1024.jpg 691w, http:\/\/www.augen-blicke-afrika.de\/blog\/wp-content\/uploads\/2019\/10\/a-girl-from-mogadishu-poster-a.jpg 1080w\" sizes=\"auto, (max-width: 203px) 100vw, 203px\" \/><\/a><\/strong><\/p>\n<p><strong>Mary McGuckian<\/strong>, geb. 1963, ist vielfach ausgezeichnete nordirische Drehbuchautorin, Regisseurin und Produzentin.<\/td>\n<\/tr>\n<\/tbody>\n<\/table>\n<p><iframe loading=\"lazy\" src=\"https:\/\/www.youtube.com\/embed\/LaVRfqDI8iM\" allowfullscreen=\"allowfullscreen\" width=\"560\" height=\"315\" frameborder=\"0\"><\/iframe><\/p>\n","protected":false},"excerpt":{"rendered":"<p>A GIRL FROM MOGADISHU Irland \/ Belgien 2019, R.: Mary McGuckian, 112 Min., Somali \/ engl. OF, engl. UT In Somalia herrscht 2016 Krieg. Immer wieder \u00fcberfallen Rebellengruppen auch Frauen und Kinder, Vergewaltigungen sind an der Tagesordnung. Die junge Ifrah &hellip; <a href=\"http:\/\/www.augen-blicke-afrika.de\/blog\/programm-2019\/filme-2019\/a-girl-from-mogadishu\/\">Weiterlesen <span class=\"meta-nav\">&rarr;<\/span><\/a><\/p>\n","protected":false},"author":3,"featured_media":5126,"parent":5054,"menu_order":0,"comment_status":"closed","ping_status":"closed","template":"afrika2019_oh.php","meta":{"footnotes":""},"class_list":["post-4790","page","type-page","status-publish","has-post-thumbnail","hentry"],"_links":{"self":[{"href":"http:\/\/www.augen-blicke-afrika.de\/blog\/wp-json\/wp\/v2\/pages\/4790","targetHints":{"allow":["GET"]}}],"collection":[{"href":"http:\/\/www.augen-blicke-afrika.de\/blog\/wp-json\/wp\/v2\/pages"}],"about":[{"href":"http:\/\/www.augen-blicke-afrika.de\/blog\/wp-json\/wp\/v2\/types\/page"}],"author":[{"embeddable":true,"href":"http:\/\/www.augen-blicke-afrika.de\/blog\/wp-json\/wp\/v2\/users\/3"}],"replies":[{"embeddable":true,"href":"http:\/\/www.augen-blicke-afrika.de\/blog\/wp-json\/wp\/v2\/comments?post=4790"}],"version-history":[{"count":3,"href":"http:\/\/www.augen-blicke-afrika.de\/blog\/wp-json\/wp\/v2\/pages\/4790\/revisions"}],"predecessor-version":[{"id":6868,"href":"http:\/\/www.augen-blicke-afrika.de\/blog\/wp-json\/wp\/v2\/pages\/4790\/revisions\/6868"}],"up":[{"embeddable":true,"href":"http:\/\/www.augen-blicke-afrika.de\/blog\/wp-json\/wp\/v2\/pages\/5054"}],"wp:featuredmedia":[{"embeddable":true,"href":"http:\/\/www.augen-blicke-afrika.de\/blog\/wp-json\/wp\/v2\/media\/5126"}],"wp:attachment":[{"href":"http:\/\/www.augen-blicke-afrika.de\/blog\/wp-json\/wp\/v2\/media?parent=4790"}],"curies":[{"name":"wp","href":"https:\/\/api.w.org\/{rel}","templated":true}]}}