{"id":4786,"date":"2019-10-15T16:02:48","date_gmt":"2019-10-15T14:02:48","guid":{"rendered":"http:\/\/www.augen-blicke-afrika.de\/blog\/?page_id=4786"},"modified":"2022-09-18T17:36:50","modified_gmt":"2022-09-18T15:36:50","slug":"yves-versprechen","status":"publish","type":"page","link":"http:\/\/www.augen-blicke-afrika.de\/blog\/programm-2019\/filme-2019\/yves-versprechen\/","title":{"rendered":"YVES\u2018 VERSPRECHEN"},"content":{"rendered":"<table style=\"height: 356px;\" width=\"100%\">\n<thead>\n<tr>\n<td>\n<p class=\"hide-if-no-js\"><a href=\"http:\/\/www.augen-blicke-afrika.de\/blog\/wp-content\/uploads\/2019\/10\/Yves-Versprechen-Szene-3.jpg\"><img loading=\"lazy\" decoding=\"async\" class=\"alignnone wp-image-4787 size-full\" src=\"http:\/\/www.augen-blicke-afrika.de\/blog\/wp-content\/uploads\/2019\/10\/Yves-Versprechen-Szene-3.jpg\" width=\"2880\" height=\"1613\" srcset=\"http:\/\/www.augen-blicke-afrika.de\/blog\/wp-content\/uploads\/2019\/10\/Yves-Versprechen-Szene-3.jpg 2880w, http:\/\/www.augen-blicke-afrika.de\/blog\/wp-content\/uploads\/2019\/10\/Yves-Versprechen-Szene-3-300x168.jpg 300w, http:\/\/www.augen-blicke-afrika.de\/blog\/wp-content\/uploads\/2019\/10\/Yves-Versprechen-Szene-3-768x430.jpg 768w, http:\/\/www.augen-blicke-afrika.de\/blog\/wp-content\/uploads\/2019\/10\/Yves-Versprechen-Szene-3-1024x574.jpg 1024w, http:\/\/www.augen-blicke-afrika.de\/blog\/wp-content\/uploads\/2019\/10\/Yves-Versprechen-Szene-3-500x280.jpg 500w\" sizes=\"auto, (max-width: 2880px) 100vw, 2880px\" \/><\/a><\/p>\n<h1>YVES\u2018 VERSPRECHEN<\/h1>\n<h3>Dokumentarfilm, Deutschland \/ Kamerun 2017, R.: Melanie G\u00e4rtner, 79 Min., OF, dt. UT<\/h3>\n<\/td>\n<\/tr>\n<\/thead>\n<tbody>\n<tr>\n<td>Der Kameruner Yves sitzt auf seinem Weg nach Europa wie so viele Migrant*innen lange in Marokko fest. Dann schafft er doch den Sprung nach Spanien. Acht Jahre war er unterwegs \u2013 und nun lebt er auf der Stra\u00dfe ohne Arbeit und Geld. Zu Hause warten all jene Menschen, die ihm etwas bedeuten: Seine Schwester Annie, die seit seinem Fortgehen die Familie zusammenh\u00e4lt, sein kleiner Bruder, der darauf hofft, dass Yves ihn nach Europa holt, und der alte, kranke Vater, der erwartet, dass sein Sohn Medikamente schickt.<br \/>\nDie Filmemacherin Melanie G\u00e4rtner reist nach Kamerun mit Videobotschaften von Yves an seine Familie und seinen besten Freund. Doch bei all der Erleichterung \u00fcber das Lebenszeichen werden Erwartungen neu gesch\u00fcrt, schlie\u00dflich hat Yves es ins gelobte Europa geschafft. In den Augen seiner Familie kann nur er ihr Leben zum Besseren wenden. Eine harte B\u00fcrde f\u00fcr Yves &#8211; er darf nicht scheitern!<\/td>\n<\/tr>\n<tr>\n<td style=\"border-bottom: none;\">\n<p><strong><a href=\"http:\/\/www.augen-blicke-afrika.de\/blog\/wp-content\/uploads\/2019\/10\/Plakat_Yves_neu.jpg\"><img loading=\"lazy\" decoding=\"async\" class=\"wp-image-4788 size-medium alignleft\" src=\"http:\/\/www.augen-blicke-afrika.de\/blog\/wp-content\/uploads\/2019\/10\/Plakat_Yves_neu-212x300.jpg\" width=\"212\" height=\"300\" srcset=\"http:\/\/www.augen-blicke-afrika.de\/blog\/wp-content\/uploads\/2019\/10\/Plakat_Yves_neu-212x300.jpg 212w, http:\/\/www.augen-blicke-afrika.de\/blog\/wp-content\/uploads\/2019\/10\/Plakat_Yves_neu-768x1086.jpg 768w, http:\/\/www.augen-blicke-afrika.de\/blog\/wp-content\/uploads\/2019\/10\/Plakat_Yves_neu-724x1024.jpg 724w, http:\/\/www.augen-blicke-afrika.de\/blog\/wp-content\/uploads\/2019\/10\/Plakat_Yves_neu.jpg 1080w\" sizes=\"auto, (max-width: 212px) 100vw, 212px\" \/><\/a><\/strong><\/p>\n<p><strong>Melanie G\u00e4rtner<\/strong> studierte Ethnologie, Literatur und \u00adJournalismus. Seit 2009 ist sie als freie Autorin und Filmemacherin t\u00e4tig. Zu ihren Schwerpunkten geh\u00f6ren die \u00adThemen Flucht und Migration, Menschenrechte und \u00adEntwicklungszusammenarbeit.<\/td>\n<\/tr>\n<\/tbody>\n<\/table>\n<p><iframe loading=\"lazy\" src=\"https:\/\/www.youtube.com\/embed\/NO6vN9iBes4\" allow=\"accelerometer; autoplay; encrypted-media; gyroscope; picture-in-picture\" allowfullscreen=\"\" width=\"560\" height=\"315\" frameborder=\"0\"><\/iframe><\/p>\n","protected":false},"excerpt":{"rendered":"<p>YVES\u2018 VERSPRECHEN Dokumentarfilm, Deutschland \/ Kamerun 2017, R.: Melanie G\u00e4rtner, 79 Min., OF, dt. UT Der Kameruner Yves sitzt auf seinem Weg nach Europa wie so viele Migrant*innen lange in Marokko fest. Dann schafft er doch den Sprung nach Spanien. &hellip; <a href=\"http:\/\/www.augen-blicke-afrika.de\/blog\/programm-2019\/filme-2019\/yves-versprechen\/\">Weiterlesen <span class=\"meta-nav\">&rarr;<\/span><\/a><\/p>\n","protected":false},"author":3,"featured_media":5126,"parent":5054,"menu_order":0,"comment_status":"closed","ping_status":"closed","template":"afrika2019_oh.php","meta":{"footnotes":""},"class_list":["post-4786","page","type-page","status-publish","has-post-thumbnail","hentry"],"_links":{"self":[{"href":"http:\/\/www.augen-blicke-afrika.de\/blog\/wp-json\/wp\/v2\/pages\/4786","targetHints":{"allow":["GET"]}}],"collection":[{"href":"http:\/\/www.augen-blicke-afrika.de\/blog\/wp-json\/wp\/v2\/pages"}],"about":[{"href":"http:\/\/www.augen-blicke-afrika.de\/blog\/wp-json\/wp\/v2\/types\/page"}],"author":[{"embeddable":true,"href":"http:\/\/www.augen-blicke-afrika.de\/blog\/wp-json\/wp\/v2\/users\/3"}],"replies":[{"embeddable":true,"href":"http:\/\/www.augen-blicke-afrika.de\/blog\/wp-json\/wp\/v2\/comments?post=4786"}],"version-history":[{"count":3,"href":"http:\/\/www.augen-blicke-afrika.de\/blog\/wp-json\/wp\/v2\/pages\/4786\/revisions"}],"predecessor-version":[{"id":6896,"href":"http:\/\/www.augen-blicke-afrika.de\/blog\/wp-json\/wp\/v2\/pages\/4786\/revisions\/6896"}],"up":[{"embeddable":true,"href":"http:\/\/www.augen-blicke-afrika.de\/blog\/wp-json\/wp\/v2\/pages\/5054"}],"wp:featuredmedia":[{"embeddable":true,"href":"http:\/\/www.augen-blicke-afrika.de\/blog\/wp-json\/wp\/v2\/media\/5126"}],"wp:attachment":[{"href":"http:\/\/www.augen-blicke-afrika.de\/blog\/wp-json\/wp\/v2\/media?parent=4786"}],"curies":[{"name":"wp","href":"https:\/\/api.w.org\/{rel}","templated":true}]}}