{"id":4782,"date":"2019-10-15T15:24:53","date_gmt":"2019-10-15T13:24:53","guid":{"rendered":"http:\/\/www.augen-blicke-afrika.de\/blog\/?page_id=4782"},"modified":"2022-09-18T17:27:22","modified_gmt":"2022-09-18T15:27:22","slug":"fatwa","status":"publish","type":"page","link":"http:\/\/www.augen-blicke-afrika.de\/blog\/programm-2019\/filme-2019\/fatwa\/","title":{"rendered":"FATWA"},"content":{"rendered":"<table style=\"height: 356px;\" width=\"100%\">\n<thead>\n<tr>\n<td>\n<p class=\"hide-if-no-js\"><a href=\"http:\/\/www.augen-blicke-afrika.de\/blog\/wp-content\/uploads\/2019\/10\/fatwa-still-1.jpg\"><img loading=\"lazy\" decoding=\"async\" class=\"alignnone wp-image-4784 size-full\" src=\"http:\/\/www.augen-blicke-afrika.de\/blog\/wp-content\/uploads\/2019\/10\/fatwa-still-1.jpg\" width=\"1417\" height=\"738\" srcset=\"http:\/\/www.augen-blicke-afrika.de\/blog\/wp-content\/uploads\/2019\/10\/fatwa-still-1.jpg 1417w, http:\/\/www.augen-blicke-afrika.de\/blog\/wp-content\/uploads\/2019\/10\/fatwa-still-1-300x156.jpg 300w, http:\/\/www.augen-blicke-afrika.de\/blog\/wp-content\/uploads\/2019\/10\/fatwa-still-1-768x400.jpg 768w, http:\/\/www.augen-blicke-afrika.de\/blog\/wp-content\/uploads\/2019\/10\/fatwa-still-1-1024x533.jpg 1024w, http:\/\/www.augen-blicke-afrika.de\/blog\/wp-content\/uploads\/2019\/10\/fatwa-still-1-500x260.jpg 500w\" sizes=\"auto, (max-width: 1417px) 100vw, 1417px\" \/><\/a><\/p>\n<h1>FATWA<\/h1>\n<h3>Tunesien \/ Belgien 2018, R.: Mahmoud Ben Mahmoud, 102 Min., arab. \/ frz. OF, dt. UT<\/h3>\n<h3><strong>In Kooperation mit Filminitiativ K\u00f6ln.<\/strong><\/h3>\n<\/td>\n<\/tr>\n<\/thead>\n<tbody>\n<tr>\n<td>Brahim lebt und arbeitet seit Jahren in Frankreich. 2013 bekommt er die Nachricht vom Unfalltod seines Sohnes Marouane und kehrt zur Beerdigung nach Tunesien zur\u00fcck in eine f\u00fcr ihn fremd gewordene Welt. Die Diktatur von \u00adPr\u00e4sident Zine El Abidine Ben Ali ist zwar beendet und eine parlamentarische Demokratie eingef\u00fchrt, aber die neue Redefreiheit nutzen jetzt auch Salafisten und islamistische Extremisten f\u00fcr ihre Zwecke. Das bekommt auch seine \u00ad<br \/>\nEx-Frau, die Autorin Loubna, zu sp\u00fcren, gegen die aufgrund ihres j\u00fcngsten Buchs \u00fcber Salafisten eine Fatwa verh\u00e4ngt wurde. In Brahims Trauer um den Sohn mischen sich zunehmend Zweifel, ob der Motorradunfall wirklich selbstverschuldet war, als er erf\u00e4hrt, dass Marouane in einer radikal-islamistischen Gruppe aktiv war. Er beginnt zu recherchieren und bringt sich dabei in gro\u00dfe Gefahr.<br \/>\n\u201eFatwa\u201c ist ein spannend erz\u00e4hltes gesellschaftspolitisches Drama, das sich\u00ad zunehmend zu einem Kriminalfall entwickelt.<\/td>\n<\/tr>\n<tr>\n<td style=\"border-bottom: none;\">\n<p><strong><a href=\"http:\/\/www.augen-blicke-afrika.de\/blog\/wp-content\/uploads\/2019\/10\/fatwa-poster.jpg\"><img loading=\"lazy\" decoding=\"async\" class=\"wp-image-4783 size-full alignleft\" src=\"http:\/\/www.augen-blicke-afrika.de\/blog\/wp-content\/uploads\/2019\/10\/fatwa-poster.jpg\" width=\"189\" height=\"267\"><\/a><\/strong><\/p>\n<p><strong>Mahmoud Ben Mahmoud<\/strong>, geb. 1947 in Tunesien, \u00adstudierte in den 1970er-Jahren in Belgien und lebt heute auch dort. Er ist Regisseur, Drehbuchautor, Produzent und lehrt an der Freien Universit\u00e4t Br\u00fcssel. \u201eFatwa\u201c \u00aderhielt 2018 den Hauptpreis der Journ\u00e9es Cin\u00e9mato\u00adgraphiques de Carthage in Tunis, dem \u00e4ltesten Film\u00adfestival Afrikas.<\/td>\n<\/tr>\n<\/tbody>\n<\/table>\n<p><iframe loading=\"lazy\" src=\"https:\/\/www.youtube.com\/embed\/-prebcFc0qM\" allowfullscreen=\"allowfullscreen\" width=\"560\" height=\"315\" frameborder=\"0\"><\/iframe><\/p>\n","protected":false},"excerpt":{"rendered":"<p>FATWA Tunesien \/ Belgien 2018, R.: Mahmoud Ben Mahmoud, 102 Min., arab. \/ frz. OF, dt. UT In Kooperation mit Filminitiativ K\u00f6ln. Brahim lebt und arbeitet seit Jahren in Frankreich. 2013 bekommt er die Nachricht vom Unfalltod seines Sohnes Marouane &hellip; <a href=\"http:\/\/www.augen-blicke-afrika.de\/blog\/programm-2019\/filme-2019\/fatwa\/\">Weiterlesen <span class=\"meta-nav\">&rarr;<\/span><\/a><\/p>\n","protected":false},"author":3,"featured_media":5126,"parent":5054,"menu_order":0,"comment_status":"closed","ping_status":"closed","template":"afrika2019_oh.php","meta":{"footnotes":""},"class_list":["post-4782","page","type-page","status-publish","has-post-thumbnail","hentry"],"_links":{"self":[{"href":"http:\/\/www.augen-blicke-afrika.de\/blog\/wp-json\/wp\/v2\/pages\/4782","targetHints":{"allow":["GET"]}}],"collection":[{"href":"http:\/\/www.augen-blicke-afrika.de\/blog\/wp-json\/wp\/v2\/pages"}],"about":[{"href":"http:\/\/www.augen-blicke-afrika.de\/blog\/wp-json\/wp\/v2\/types\/page"}],"author":[{"embeddable":true,"href":"http:\/\/www.augen-blicke-afrika.de\/blog\/wp-json\/wp\/v2\/users\/3"}],"replies":[{"embeddable":true,"href":"http:\/\/www.augen-blicke-afrika.de\/blog\/wp-json\/wp\/v2\/comments?post=4782"}],"version-history":[{"count":6,"href":"http:\/\/www.augen-blicke-afrika.de\/blog\/wp-json\/wp\/v2\/pages\/4782\/revisions"}],"predecessor-version":[{"id":6875,"href":"http:\/\/www.augen-blicke-afrika.de\/blog\/wp-json\/wp\/v2\/pages\/4782\/revisions\/6875"}],"up":[{"embeddable":true,"href":"http:\/\/www.augen-blicke-afrika.de\/blog\/wp-json\/wp\/v2\/pages\/5054"}],"wp:featuredmedia":[{"embeddable":true,"href":"http:\/\/www.augen-blicke-afrika.de\/blog\/wp-json\/wp\/v2\/media\/5126"}],"wp:attachment":[{"href":"http:\/\/www.augen-blicke-afrika.de\/blog\/wp-json\/wp\/v2\/media?parent=4782"}],"curies":[{"name":"wp","href":"https:\/\/api.w.org\/{rel}","templated":true}]}}