{"id":4778,"date":"2019-10-15T15:36:44","date_gmt":"2019-10-15T13:36:44","guid":{"rendered":"http:\/\/www.augen-blicke-afrika.de\/blog\/?page_id=4778"},"modified":"2022-09-18T17:31:52","modified_gmt":"2022-09-18T15:31:52","slug":"not-in-my-neighbourhood","status":"publish","type":"page","link":"http:\/\/www.augen-blicke-afrika.de\/blog\/programm-2019\/filme-2019\/not-in-my-neighbourhood\/","title":{"rendered":"NOT IN MY\u2026"},"content":{"rendered":"<table style=\"height: 356px;\" width=\"100%\">\n<thead>\n<tr>\n<td>\n<p class=\"hide-if-no-js\"><a href=\"http:\/\/www.augen-blicke-afrika.de\/blog\/wp-content\/uploads\/2019\/10\/NIMN-Still-1.jpg\"><img loading=\"lazy\" decoding=\"async\" class=\"alignnone wp-image-4779 size-full\" src=\"http:\/\/www.augen-blicke-afrika.de\/blog\/wp-content\/uploads\/2019\/10\/NIMN-Still-1.jpg\" width=\"1280\" height=\"720\" srcset=\"http:\/\/www.augen-blicke-afrika.de\/blog\/wp-content\/uploads\/2019\/10\/NIMN-Still-1.jpg 1280w, http:\/\/www.augen-blicke-afrika.de\/blog\/wp-content\/uploads\/2019\/10\/NIMN-Still-1-300x169.jpg 300w, http:\/\/www.augen-blicke-afrika.de\/blog\/wp-content\/uploads\/2019\/10\/NIMN-Still-1-768x432.jpg 768w, http:\/\/www.augen-blicke-afrika.de\/blog\/wp-content\/uploads\/2019\/10\/NIMN-Still-1-1024x576.jpg 1024w, http:\/\/www.augen-blicke-afrika.de\/blog\/wp-content\/uploads\/2019\/10\/NIMN-Still-1-500x281.jpg 500w\" sizes=\"auto, (max-width: 1280px) 100vw, 1280px\" \/><\/a><\/p>\n<h1>NOT IN MY NEIGHBOURHOOD<\/h1>\n<h3>Dokumentarfilm, S\u00fcdafrika 2018,<br \/>\nR.: Kurt Orderson, 86 Min., Afrikaans \/ engl.\/ port. OF, engl. UT<\/h3>\n<\/td>\n<\/tr>\n<\/thead>\n<tbody>\n<tr>\n<td>Von der Kolonialisierung zur Gentrifizierung \u2013 f\u00fcr den Regisseur Kurt \u00adOrderson steht hinter den Begriffen eine vergleichbare Interessenlage in Politik und Wirtschaft. Und es trifft immer \u00fcberfallartig eine Bev\u00f6lkerung, die \u00fcberrollt wird von einer Entwicklung, gegen die sie machtlos erscheint. Die Gentrifizierung in den gro\u00dfen St\u00e4dten auf den Kontinenten Afrika, Nord- und S\u00fcdamerika schreitet massiv voran. Am Beispiel der Metropolen Kapstadt, New York und S\u00e3o Paulo zeigt der Film, wie Staat, Gro\u00dfkonzerne und Immobilienhaie Hand in Hand arbeiten. Aus zentralen Stadtteilen sollen die alteingesessenen Menschen weichen und Platz machen f\u00fcr schicke, lukrative Neubauprojekte. Was sich die Bewohner*innen m\u00fchsam \u00fcber Jahre an pers\u00f6nlichen und gesch\u00e4ftlichen Kontakten aufgebaut haben, ist den Beh\u00f6rden nichts wert.<br \/>\nIm Film erz\u00e4hlen die Betroffenen von ihren Ohnmachtsgef\u00fchlen, von staatlicher Gewalt und ihrer Wut. Aber sie wollen sich nicht kampflos f\u00fcgen, der gemeinsame Widerstand w\u00e4chst.<\/td>\n<\/tr>\n<tr>\n<td style=\"border-bottom: none;\">\n<p><strong><a href=\"http:\/\/www.augen-blicke-afrika.de\/blog\/wp-content\/uploads\/2019\/10\/NIMN-Poster2019.png\"><img loading=\"lazy\" decoding=\"async\" class=\"wp-image-4780 size-medium alignleft\" src=\"http:\/\/www.augen-blicke-afrika.de\/blog\/wp-content\/uploads\/2019\/10\/NIMN-Poster2019-211x300.png\" width=\"211\" height=\"300\" srcset=\"http:\/\/www.augen-blicke-afrika.de\/blog\/wp-content\/uploads\/2019\/10\/NIMN-Poster2019-211x300.png 211w, http:\/\/www.augen-blicke-afrika.de\/blog\/wp-content\/uploads\/2019\/10\/NIMN-Poster2019.png 484w\" sizes=\"auto, (max-width: 211px) 100vw, 211px\" \/><\/a><\/strong><\/p>\n<p><strong>Kurt Orderson<\/strong> ist unabh\u00e4ngiger Filmemacher aus \u00adKapstadt, S\u00fcdafrika. Er absolvierte ein Film- und \u00adFernsehstudium und realisiert seit \u00fcber f\u00fcnfzehn Jahren als Regisseur und Kameramann Dokumentarfilme. Mit seiner Produktionsfirma will er junge Menschen an das Erz\u00e4hlen \u201ekreative(r) Geschichten \u00fcber Afrika und afrikanische Diasporas\u201c heranf\u00fchren. Ihm ist wichtig, den Einfluss des afrikanischen Erbes auf der ganzen Welt abzubilden und den Dialog durch die Verkn\u00fcpfung lokaler und globaler Geschichten zu erleichtern.<\/td>\n<\/tr>\n<\/tbody>\n<\/table>\n<p><iframe loading=\"lazy\" src=\"https:\/\/player.vimeo.com\/video\/237044326\" allowfullscreen=\"allowfullscreen\" width=\"640\" height=\"360\" frameborder=\"0\"><\/iframe><\/p>\n","protected":false},"excerpt":{"rendered":"<p>NOT IN MY NEIGHBOURHOOD Dokumentarfilm, S\u00fcdafrika 2018, R.: Kurt Orderson, 86 Min., Afrikaans \/ engl.\/ port. OF, engl. UT Von der Kolonialisierung zur Gentrifizierung \u2013 f\u00fcr den Regisseur Kurt \u00adOrderson steht hinter den Begriffen eine vergleichbare Interessenlage in Politik und &hellip; <a href=\"http:\/\/www.augen-blicke-afrika.de\/blog\/programm-2019\/filme-2019\/not-in-my-neighbourhood\/\">Weiterlesen <span class=\"meta-nav\">&rarr;<\/span><\/a><\/p>\n","protected":false},"author":3,"featured_media":5126,"parent":5054,"menu_order":0,"comment_status":"closed","ping_status":"closed","template":"afrika2019_oh.php","meta":{"footnotes":""},"class_list":["post-4778","page","type-page","status-publish","has-post-thumbnail","hentry"],"_links":{"self":[{"href":"http:\/\/www.augen-blicke-afrika.de\/blog\/wp-json\/wp\/v2\/pages\/4778","targetHints":{"allow":["GET"]}}],"collection":[{"href":"http:\/\/www.augen-blicke-afrika.de\/blog\/wp-json\/wp\/v2\/pages"}],"about":[{"href":"http:\/\/www.augen-blicke-afrika.de\/blog\/wp-json\/wp\/v2\/types\/page"}],"author":[{"embeddable":true,"href":"http:\/\/www.augen-blicke-afrika.de\/blog\/wp-json\/wp\/v2\/users\/3"}],"replies":[{"embeddable":true,"href":"http:\/\/www.augen-blicke-afrika.de\/blog\/wp-json\/wp\/v2\/comments?post=4778"}],"version-history":[{"count":4,"href":"http:\/\/www.augen-blicke-afrika.de\/blog\/wp-json\/wp\/v2\/pages\/4778\/revisions"}],"predecessor-version":[{"id":6885,"href":"http:\/\/www.augen-blicke-afrika.de\/blog\/wp-json\/wp\/v2\/pages\/4778\/revisions\/6885"}],"up":[{"embeddable":true,"href":"http:\/\/www.augen-blicke-afrika.de\/blog\/wp-json\/wp\/v2\/pages\/5054"}],"wp:featuredmedia":[{"embeddable":true,"href":"http:\/\/www.augen-blicke-afrika.de\/blog\/wp-json\/wp\/v2\/media\/5126"}],"wp:attachment":[{"href":"http:\/\/www.augen-blicke-afrika.de\/blog\/wp-json\/wp\/v2\/media?parent=4778"}],"curies":[{"name":"wp","href":"https:\/\/api.w.org\/{rel}","templated":true}]}}