{"id":4774,"date":"2019-10-15T16:01:58","date_gmt":"2019-10-15T14:01:58","guid":{"rendered":"http:\/\/www.augen-blicke-afrika.de\/blog\/?page_id=4774"},"modified":"2022-09-18T17:35:52","modified_gmt":"2022-09-18T15:35:52","slug":"yu-gong","status":"publish","type":"page","link":"http:\/\/www.augen-blicke-afrika.de\/blog\/programm-2019\/filme-2019\/yu-gong\/","title":{"rendered":"YU GONG"},"content":{"rendered":"<table style=\"height: 356px;\" width=\"100%\">\n<thead>\n<tr>\n<td>\n<p class=\"hide-if-no-js\"><a href=\"http:\/\/www.augen-blicke-afrika.de\/blog\/wp-content\/uploads\/2019\/10\/46781_43_Yu_Gong_c_Daniel_Koetter_2.jpg\"><img loading=\"lazy\" decoding=\"async\" class=\"alignnone wp-image-4775 size-full\" src=\"http:\/\/www.augen-blicke-afrika.de\/blog\/wp-content\/uploads\/2019\/10\/46781_43_Yu_Gong_c_Daniel_Koetter_2.jpg\" width=\"1200\" height=\"801\"><\/a><\/p>\n<h1>YU GONG<\/h1>\n<h3>Dokumentarfilm, Deutschland 2019, R.: Daniel K\u00f6tter, 83 Min., OF, engl. UT<\/h3>\n<\/td>\n<\/tr>\n<\/thead>\n<tbody>\n<tr>\n<td>Die chinesisch-afrikanischen Handelsbeziehungen erleben derzeit ein goldenes Zeitalter mit rasanter Entwicklung. Ausgehend von der V.R. China dokumentiert der Film diese entwicklungspolitische Dynamik in Hongkong, Tansania, Sambia, D.R. Kongo, S\u00fcdafrika, Nigeria, Mosambik, Algerien und \u00c4thiopien zwischen 2014 und 2017.<br \/>\nIn den Film eingestreut sind unterschiedlichste Lesarten einer alten chinesischen Fabel \u00fcber den t\u00f6richten Mann Yu Gong, der einen Berg versetzen wollte.<br \/>\nChina ist auf dem besten Weg, Berge zu versetzen. Der Film zeigt Freihandelszonen und gro\u00dfe Bauprojekte, neue Produktionsfabriken und Infrastrukturma\u00dfnahmen. An Geb\u00e4uden, Mauern, in Fabrikhallen prangen in chinesisch und englisch Parolen, die das chinesische Wertesystem vermitteln. China ist allgegenw\u00e4rtig und pr\u00e4gt so das t\u00e4gliche Leben, Tradition und Religion.<br \/>\nDer Film beleuchtet aus chinesischer und afrikanischer Perspektive die kulturellen, \u00f6konomischen und politischen Auswirkungen von \u201esino-african\u201c in den verschiedenen L\u00e4ndern.<\/td>\n<\/tr>\n<tr>\n<td style=\"border-bottom: none;\">\n<p><strong><a href=\"http:\/\/www.augen-blicke-afrika.de\/blog\/wp-content\/uploads\/2019\/10\/Yu-Gong-poster-final.jpg\"><img loading=\"lazy\" decoding=\"async\" class=\"wp-image-5214 size-medium alignleft\" src=\"http:\/\/www.augen-blicke-afrika.de\/blog\/wp-content\/uploads\/2019\/10\/Yu-Gong-poster-final-200x300.jpg\" width=\"200\" height=\"300\" srcset=\"http:\/\/www.augen-blicke-afrika.de\/blog\/wp-content\/uploads\/2019\/10\/Yu-Gong-poster-final-200x300.jpg 200w, http:\/\/www.augen-blicke-afrika.de\/blog\/wp-content\/uploads\/2019\/10\/Yu-Gong-poster-final-768x1152.jpg 768w, http:\/\/www.augen-blicke-afrika.de\/blog\/wp-content\/uploads\/2019\/10\/Yu-Gong-poster-final-683x1024.jpg 683w, http:\/\/www.augen-blicke-afrika.de\/blog\/wp-content\/uploads\/2019\/10\/Yu-Gong-poster-final.jpg 1772w\" sizes=\"auto, (max-width: 200px) 100vw, 200px\" \/><\/a><\/strong><\/p>\n<p>&nbsp;<\/p>\n<p><strong>Daniel K\u00f6tter<\/strong>, geboren 1975 in der BRD, ist ein international t\u00e4tiger \u00adFilmemacher und Musiktheater-Regisseur.<\/td>\n<\/tr>\n<\/tbody>\n<\/table>\n<p>&nbsp;<\/p>\n","protected":false},"excerpt":{"rendered":"<p>YU GONG Dokumentarfilm, Deutschland 2019, R.: Daniel K\u00f6tter, 83 Min., OF, engl. UT Die chinesisch-afrikanischen Handelsbeziehungen erleben derzeit ein goldenes Zeitalter mit rasanter Entwicklung. Ausgehend von der V.R. China dokumentiert der Film diese entwicklungspolitische Dynamik in Hongkong, Tansania, Sambia, D.R. &hellip; <a href=\"http:\/\/www.augen-blicke-afrika.de\/blog\/programm-2019\/filme-2019\/yu-gong\/\">Weiterlesen <span class=\"meta-nav\">&rarr;<\/span><\/a><\/p>\n","protected":false},"author":3,"featured_media":5126,"parent":5054,"menu_order":0,"comment_status":"closed","ping_status":"closed","template":"afrika2019_oh.php","meta":{"footnotes":""},"class_list":["post-4774","page","type-page","status-publish","has-post-thumbnail","hentry"],"_links":{"self":[{"href":"http:\/\/www.augen-blicke-afrika.de\/blog\/wp-json\/wp\/v2\/pages\/4774","targetHints":{"allow":["GET"]}}],"collection":[{"href":"http:\/\/www.augen-blicke-afrika.de\/blog\/wp-json\/wp\/v2\/pages"}],"about":[{"href":"http:\/\/www.augen-blicke-afrika.de\/blog\/wp-json\/wp\/v2\/types\/page"}],"author":[{"embeddable":true,"href":"http:\/\/www.augen-blicke-afrika.de\/blog\/wp-json\/wp\/v2\/users\/3"}],"replies":[{"embeddable":true,"href":"http:\/\/www.augen-blicke-afrika.de\/blog\/wp-json\/wp\/v2\/comments?post=4774"}],"version-history":[{"count":4,"href":"http:\/\/www.augen-blicke-afrika.de\/blog\/wp-json\/wp\/v2\/pages\/4774\/revisions"}],"predecessor-version":[{"id":6893,"href":"http:\/\/www.augen-blicke-afrika.de\/blog\/wp-json\/wp\/v2\/pages\/4774\/revisions\/6893"}],"up":[{"embeddable":true,"href":"http:\/\/www.augen-blicke-afrika.de\/blog\/wp-json\/wp\/v2\/pages\/5054"}],"wp:featuredmedia":[{"embeddable":true,"href":"http:\/\/www.augen-blicke-afrika.de\/blog\/wp-json\/wp\/v2\/media\/5126"}],"wp:attachment":[{"href":"http:\/\/www.augen-blicke-afrika.de\/blog\/wp-json\/wp\/v2\/media?parent=4774"}],"curies":[{"name":"wp","href":"https:\/\/api.w.org\/{rel}","templated":true}]}}