{"id":4766,"date":"2019-10-15T15:17:38","date_gmt":"2019-10-15T13:17:38","guid":{"rendered":"http:\/\/www.augen-blicke-afrika.de\/blog\/?page_id=4766"},"modified":"2022-09-18T17:25:43","modified_gmt":"2022-09-18T15:25:43","slug":"black-panther","status":"publish","type":"page","link":"http:\/\/www.augen-blicke-afrika.de\/blog\/programm-2019\/filme-2019\/black-panther\/","title":{"rendered":"BLACK PANTHER"},"content":{"rendered":"<table style=\"height: 356px;\" width=\"100%\">\n<thead>\n<tr>\n<td>\n<p class=\"hide-if-no-js\"><a href=\"http:\/\/www.augen-blicke-afrika.de\/blog\/wp-content\/uploads\/2019\/10\/black-panther-main.jpg\"><img loading=\"lazy\" decoding=\"async\" class=\"alignnone wp-image-4767 size-full\" src=\"http:\/\/www.augen-blicke-afrika.de\/blog\/wp-content\/uploads\/2019\/10\/black-panther-main.jpg\" width=\"1800\" height=\"1012\" srcset=\"http:\/\/www.augen-blicke-afrika.de\/blog\/wp-content\/uploads\/2019\/10\/black-panther-main.jpg 1800w, http:\/\/www.augen-blicke-afrika.de\/blog\/wp-content\/uploads\/2019\/10\/black-panther-main-300x169.jpg 300w, http:\/\/www.augen-blicke-afrika.de\/blog\/wp-content\/uploads\/2019\/10\/black-panther-main-768x432.jpg 768w, http:\/\/www.augen-blicke-afrika.de\/blog\/wp-content\/uploads\/2019\/10\/black-panther-main-1024x576.jpg 1024w, http:\/\/www.augen-blicke-afrika.de\/blog\/wp-content\/uploads\/2019\/10\/black-panther-main-500x281.jpg 500w\" sizes=\"auto, (max-width: 1800px) 100vw, 1800px\" \/><\/a><\/p>\n<h1>BLACK PANTHER<\/h1>\n<h3>USA&nbsp; 2018, R.: Ryan Coogler, 135 Min., engl. OF, dt. UT<\/h3>\n<\/td>\n<\/tr>\n<\/thead>\n<tbody>\n<tr>\n<td>Mit dem afrofuturistischen Science-Fiction-Film \u201eBlack Panther\u201c ist dem schwarzen US-amerikanischen Regisseur <strong>Ryan Coogler<\/strong> ein erfolgreicher Publikumsrenner gelungen. Sein Film erreichte die h\u00f6chsten Besucherzahlen aller Zeiten f\u00fcr einen schwarzen Regisseur. Auch besteht die Mehrheit der Helden des Films aus schwarzen bekannten Darstellern.<br \/>\nDie Story wird aus afrozen\u00adtrischer Perspektive erz\u00e4hlt und st\u00fctzt sich auf das Kon\u00adzept des Afrofuturismus. Der Film entwirft nicht wie viele andere Science-Fiction-Fil\u00adme eine reine Fantasiewelt, sondern ist eng mit der Realit\u00e4t verbunden. Neben silbrig-gl\u00e4nzenden Robotik\u00adelementen finden sich afrikanische Tradition, My\u00adthologie und Folklore wieder. Auch die Einbeziehung landestypischer Trachten, Architektur oder Landschaften sind Ausdruck einer von schwarzen K\u00fcnstlern und Wissenschaftlern entwickelten Zukunftsperspektive f\u00fcr den afrikanischen Kontinent.<br \/>\nDer Film erz\u00e4hlt von T&#8217;Challa, alias Black Panther, dem Hoffnungstr\u00e4ger f\u00fcr die \u00adZukunft seines Landes. Er begibt sich zur\u00fcck in seine afrikanische Heimat<br \/>\nWa\u00adkanda, wo er sich darauf vorbereitet, der rechtm\u00e4\u00dfige K\u00f6nig zu werden. Der \u00adtechnologisch weit fortgeschrittene Staat ist komplett von der Au\u00dfenwelt ab\u00adgeschnitten und hat sich so vor den postkolonialen Wirren und Gewaltexzessen \u00adgesch\u00fctzt. Aber jetzt ist das Land von innen und von au\u00dfen bedroht. Gemeinsam mit seiner alten Freundin Nakia, die mit dem Schutz der Staatsgeheimnisse be\u00adauftragt ist, kommt er einer Verschw\u00f6rung auf die Spur. Die gilt es zu zerschlagen. Unterst\u00fctzung findet er beim CIA-Agenten Everett sowie einer exzellent ausgebildeten Gruppe von Kriegerinnen.<br \/>\n<strong>Afrofuturismus<\/strong> ist eine k\u00fcnstlerische Str\u00f6mung, die in den 90er-Jahren in der<br \/>\nafro-amerikanischen Diaspora entstanden ist und die Kunst, Literatur, Musik und neue Technologien miteinander verbindet. Dabei wird eine vom Westen \u00adlosgel\u00f6ste postkoloniale Identit\u00e4t kreiert, die in einer afrozentrischen Zukunft \u00adverortet ist. Dieser Blick stellt die pessimistische Darstellung afrikanischer&nbsp; Realit\u00e4ten in Frage und fordert eine neue Sicht auf die Welt.<\/td>\n<\/tr>\n<tr>\n<td style=\"border-bottom: none;\"><strong><a href=\"http:\/\/www.augen-blicke-afrika.de\/blog\/wp-content\/uploads\/2019\/10\/Black-Panter-poster.jpeg\"><img loading=\"lazy\" decoding=\"async\" class=\"alignnone wp-image-4768 size-full\" src=\"http:\/\/www.augen-blicke-afrika.de\/blog\/wp-content\/uploads\/2019\/10\/Black-Panter-poster.jpeg\" width=\"1500\" height=\"785\"><\/a><\/strong><\/td>\n<\/tr>\n<\/tbody>\n<\/table>\n<p><iframe loading=\"lazy\" src=\"https:\/\/www.youtube.com\/embed\/G5hRAKvUuHo\" allowfullscreen=\"allowfullscreen\" width=\"560\" height=\"315\" frameborder=\"0\"><\/iframe><\/p>\n","protected":false},"excerpt":{"rendered":"<p>BLACK PANTHER USA&nbsp; 2018, R.: Ryan Coogler, 135 Min., engl. OF, dt. UT Mit dem afrofuturistischen Science-Fiction-Film \u201eBlack Panther\u201c ist dem schwarzen US-amerikanischen Regisseur Ryan Coogler ein erfolgreicher Publikumsrenner gelungen. Sein Film erreichte die h\u00f6chsten Besucherzahlen aller Zeiten f\u00fcr einen &hellip; <a href=\"http:\/\/www.augen-blicke-afrika.de\/blog\/programm-2019\/filme-2019\/black-panther\/\">Weiterlesen <span class=\"meta-nav\">&rarr;<\/span><\/a><\/p>\n","protected":false},"author":3,"featured_media":5126,"parent":5054,"menu_order":0,"comment_status":"closed","ping_status":"closed","template":"afrika2019_oh.php","meta":{"footnotes":""},"class_list":["post-4766","page","type-page","status-publish","has-post-thumbnail","hentry"],"_links":{"self":[{"href":"http:\/\/www.augen-blicke-afrika.de\/blog\/wp-json\/wp\/v2\/pages\/4766","targetHints":{"allow":["GET"]}}],"collection":[{"href":"http:\/\/www.augen-blicke-afrika.de\/blog\/wp-json\/wp\/v2\/pages"}],"about":[{"href":"http:\/\/www.augen-blicke-afrika.de\/blog\/wp-json\/wp\/v2\/types\/page"}],"author":[{"embeddable":true,"href":"http:\/\/www.augen-blicke-afrika.de\/blog\/wp-json\/wp\/v2\/users\/3"}],"replies":[{"embeddable":true,"href":"http:\/\/www.augen-blicke-afrika.de\/blog\/wp-json\/wp\/v2\/comments?post=4766"}],"version-history":[{"count":3,"href":"http:\/\/www.augen-blicke-afrika.de\/blog\/wp-json\/wp\/v2\/pages\/4766\/revisions"}],"predecessor-version":[{"id":6871,"href":"http:\/\/www.augen-blicke-afrika.de\/blog\/wp-json\/wp\/v2\/pages\/4766\/revisions\/6871"}],"up":[{"embeddable":true,"href":"http:\/\/www.augen-blicke-afrika.de\/blog\/wp-json\/wp\/v2\/pages\/5054"}],"wp:featuredmedia":[{"embeddable":true,"href":"http:\/\/www.augen-blicke-afrika.de\/blog\/wp-json\/wp\/v2\/media\/5126"}],"wp:attachment":[{"href":"http:\/\/www.augen-blicke-afrika.de\/blog\/wp-json\/wp\/v2\/media?parent=4766"}],"curies":[{"name":"wp","href":"https:\/\/api.w.org\/{rel}","templated":true}]}}