{"id":4761,"date":"2019-10-15T15:28:18","date_gmt":"2019-10-15T13:28:18","guid":{"rendered":"http:\/\/www.augen-blicke-afrika.de\/blog\/?page_id=4761"},"modified":"2022-09-18T17:28:11","modified_gmt":"2022-09-18T15:28:11","slug":"flatland-flachland","status":"publish","type":"page","link":"http:\/\/www.augen-blicke-afrika.de\/blog\/programm-2019\/filme-2019\/flatland-flachland\/","title":{"rendered":"FLATLAND &#8211; Flachland"},"content":{"rendered":"<table style=\"height: 356px;\" width=\"100%\">\n<thead>\n<tr>\n<td>\n<p class=\"hide-if-no-js\"><a href=\"http:\/\/www.augen-blicke-afrika.de\/blog\/wp-content\/uploads\/2019\/10\/flatland-still.jpg\"><img loading=\"lazy\" decoding=\"async\" class=\"alignnone wp-image-4762 size-full\" src=\"http:\/\/www.augen-blicke-afrika.de\/blog\/wp-content\/uploads\/2019\/10\/flatland-still.jpg\" width=\"1380\" height=\"776\" srcset=\"http:\/\/www.augen-blicke-afrika.de\/blog\/wp-content\/uploads\/2019\/10\/flatland-still.jpg 1380w, http:\/\/www.augen-blicke-afrika.de\/blog\/wp-content\/uploads\/2019\/10\/flatland-still-300x169.jpg 300w, http:\/\/www.augen-blicke-afrika.de\/blog\/wp-content\/uploads\/2019\/10\/flatland-still-768x432.jpg 768w, http:\/\/www.augen-blicke-afrika.de\/blog\/wp-content\/uploads\/2019\/10\/flatland-still-1024x576.jpg 1024w, http:\/\/www.augen-blicke-afrika.de\/blog\/wp-content\/uploads\/2019\/10\/flatland-still-500x281.jpg 500w\" sizes=\"auto, (max-width: 1380px) 100vw, 1380px\" \/><\/a><\/p>\n<h1>FLATLAND &#8211; Flachland<\/h1>\n<h3>S\u00fcdafrika 2018, R.: Jenna Bass, 116 Min., Afrikaans \/ engl. OF, engl. UT<\/h3>\n<\/td>\n<\/tr>\n<\/thead>\n<tbody>\n<tr>\n<td>Die junge dunkelh\u00e4utige Natalie heiratet den wei\u00dfen Polizisten Bakkies. Die&nbsp; Hochzeitsnacht endet f\u00fcr Natalie in einem Albtraum. Ihr Ehemann vergewaltigt sie. Noch im Brautkleid flieht sie mit seiner Dienstwaffe. Ihr Trauungspriester&nbsp; ist ihr auf den Fersen, in die Enge getrieben erschie\u00dft sie ihn. Natalie springt&nbsp; auf ihr Lieblingspferd und galoppiert ver\u00e4ngstigt in eine unbekannte Zukunft.&nbsp; Ihre schwangere Freundin Poppie schlie\u00dft sich ihr an. Sie ist lebenslustig und&nbsp; neugierig auf die Welt au\u00dferhalb der kleinen Provinzstadt in S\u00fcdafrikas trostloser Karoo-Halbw\u00fcste. Auf ihrem Trip Richtung Johannesburg steigen&nbsp; die ungleichen Frauen auf einen Truck um, landen in dubiosen Kneipen und&nbsp; Bars, durchleben Alkohol- und Drogenexzesse und wilde Schie\u00dfereien. Bald&nbsp; ist ihnen die Polizistin Beauty Cuba auf den Fersen. Die resolute Frau will den&nbsp; Mordfall unbedingt aufkl\u00e4ren, weil sie ganz pers\u00f6nlich davon betroffen ist.<br \/>\nDer rasant erz\u00e4hlte Film \u201eFlatland&#8221; ist ein feministischer Western, zugleich auch Polizeithriller, Emanzipationsgeschichte und Gesellschaftsdrama, und stellt die proklamierte s\u00fcdafrikanische \u201eRainbow Nation\u201c in Frage. Nach Ansicht der Regisseurin spielen Hautfarbe, Geschlecht und sozialer Status&nbsp; nach wie vor eine gro\u00dfe Rolle.<\/td>\n<\/tr>\n<tr>\n<td style=\"border-bottom: none;\">\n<p><strong><a href=\"http:\/\/www.augen-blicke-afrika.de\/blog\/wp-content\/uploads\/2019\/10\/flatland-poster.jpg\"><img loading=\"lazy\" decoding=\"async\" class=\"alignnone wp-image-4763 size-medium\" src=\"http:\/\/www.augen-blicke-afrika.de\/blog\/wp-content\/uploads\/2019\/10\/flatland-poster-300x169.jpg\" width=\"300\" height=\"169\"><\/a><\/strong><\/p>\n<p><strong>Jenna Bass<\/strong>, geb. 1986 in S\u00fcdafrika, \u00adbeendete ihr Filmstudium 2007 in&nbsp; \u00adKapstadt. Sie arbeitet als Regisseurin, Autorin, Kamerafrau und Fotografin.<br \/>\nSie hat als Autorin bei den Filmen \u201eLove&nbsp; the one you love\u201c aus S\u00fcdafrika 2014 und&nbsp; bei \u201eRafiki\u201c aus Kenia 2018 mitgearbeitet.&nbsp; Beide Filme hatten wir im Programm.<\/td>\n<\/tr>\n<\/tbody>\n<\/table>\n<p><iframe loading=\"lazy\" src=\"https:\/\/www.youtube.com\/embed\/BWLK_S1Gd6A\" allowfullscreen=\"allowfullscreen\" width=\"560\" height=\"315\" frameborder=\"0\"><\/iframe><\/p>\n","protected":false},"excerpt":{"rendered":"<p>FLATLAND &#8211; Flachland S\u00fcdafrika 2018, R.: Jenna Bass, 116 Min., Afrikaans \/ engl. OF, engl. UT Die junge dunkelh\u00e4utige Natalie heiratet den wei\u00dfen Polizisten Bakkies. Die&nbsp; Hochzeitsnacht endet f\u00fcr Natalie in einem Albtraum. Ihr Ehemann vergewaltigt sie. Noch im Brautkleid &hellip; <a href=\"http:\/\/www.augen-blicke-afrika.de\/blog\/programm-2019\/filme-2019\/flatland-flachland\/\">Weiterlesen <span class=\"meta-nav\">&rarr;<\/span><\/a><\/p>\n","protected":false},"author":3,"featured_media":5126,"parent":5054,"menu_order":0,"comment_status":"closed","ping_status":"closed","template":"afrika2019_oh.php","meta":{"footnotes":""},"class_list":["post-4761","page","type-page","status-publish","has-post-thumbnail","hentry"],"_links":{"self":[{"href":"http:\/\/www.augen-blicke-afrika.de\/blog\/wp-json\/wp\/v2\/pages\/4761","targetHints":{"allow":["GET"]}}],"collection":[{"href":"http:\/\/www.augen-blicke-afrika.de\/blog\/wp-json\/wp\/v2\/pages"}],"about":[{"href":"http:\/\/www.augen-blicke-afrika.de\/blog\/wp-json\/wp\/v2\/types\/page"}],"author":[{"embeddable":true,"href":"http:\/\/www.augen-blicke-afrika.de\/blog\/wp-json\/wp\/v2\/users\/3"}],"replies":[{"embeddable":true,"href":"http:\/\/www.augen-blicke-afrika.de\/blog\/wp-json\/wp\/v2\/comments?post=4761"}],"version-history":[{"count":3,"href":"http:\/\/www.augen-blicke-afrika.de\/blog\/wp-json\/wp\/v2\/pages\/4761\/revisions"}],"predecessor-version":[{"id":6877,"href":"http:\/\/www.augen-blicke-afrika.de\/blog\/wp-json\/wp\/v2\/pages\/4761\/revisions\/6877"}],"up":[{"embeddable":true,"href":"http:\/\/www.augen-blicke-afrika.de\/blog\/wp-json\/wp\/v2\/pages\/5054"}],"wp:featuredmedia":[{"embeddable":true,"href":"http:\/\/www.augen-blicke-afrika.de\/blog\/wp-json\/wp\/v2\/media\/5126"}],"wp:attachment":[{"href":"http:\/\/www.augen-blicke-afrika.de\/blog\/wp-json\/wp\/v2\/media?parent=4761"}],"curies":[{"name":"wp","href":"https:\/\/api.w.org\/{rel}","templated":true}]}}