{"id":4758,"date":"2019-10-15T15:40:53","date_gmt":"2019-10-15T13:40:53","guid":{"rendered":"http:\/\/www.augen-blicke-afrika.de\/blog\/?page_id=4758"},"modified":"2022-09-18T17:32:37","modified_gmt":"2022-09-18T15:32:37","slug":"sankara-nest-pas-mort-sankara-is-not-dead","status":"publish","type":"page","link":"http:\/\/www.augen-blicke-afrika.de\/blog\/programm-2019\/filme-2019\/sankara-nest-pas-mort-sankara-is-not-dead\/","title":{"rendered":"SANKARA N&#8217;EST PAS MORT &#8211; Sankara Is Not Dead"},"content":{"rendered":"<table style=\"height: 356px;\" width=\"100%\">\n<thead>\n<tr>\n<td>\n<p class=\"hide-if-no-js\"><a href=\"http:\/\/www.augen-blicke-afrika.de\/blog\/wp-content\/uploads\/2019\/10\/SANKARA-NEST-PAS-MORT-official-picBON-.jpg\"><img loading=\"lazy\" decoding=\"async\" class=\"alignnone wp-image-4759 size-full\" src=\"http:\/\/www.augen-blicke-afrika.de\/blog\/wp-content\/uploads\/2019\/10\/SANKARA-NEST-PAS-MORT-official-picBON-.jpg\" width=\"1280\" height=\"720\" srcset=\"http:\/\/www.augen-blicke-afrika.de\/blog\/wp-content\/uploads\/2019\/10\/SANKARA-NEST-PAS-MORT-official-picBON-.jpg 1280w, http:\/\/www.augen-blicke-afrika.de\/blog\/wp-content\/uploads\/2019\/10\/SANKARA-NEST-PAS-MORT-official-picBON--300x169.jpg 300w, http:\/\/www.augen-blicke-afrika.de\/blog\/wp-content\/uploads\/2019\/10\/SANKARA-NEST-PAS-MORT-official-picBON--768x432.jpg 768w, http:\/\/www.augen-blicke-afrika.de\/blog\/wp-content\/uploads\/2019\/10\/SANKARA-NEST-PAS-MORT-official-picBON--1024x576.jpg 1024w, http:\/\/www.augen-blicke-afrika.de\/blog\/wp-content\/uploads\/2019\/10\/SANKARA-NEST-PAS-MORT-official-picBON--500x281.jpg 500w\" sizes=\"auto, (max-width: 1280px) 100vw, 1280px\" \/><\/a><\/p>\n<h1>SANKARA N&#8217;EST PAS MORT &#8211; Sankara Is Not Dead<\/h1>\n<h3>Dokumentarfilm, Burkina Faso \/ Frankreich 2019,<br \/>\nR.: Lucie Viver, 109 Min., Dioula \/ Moor\u00e9 \/ frz. OF, engl. UT<\/h3>\n<\/td>\n<\/tr>\n<\/thead>\n<tbody>\n<tr>\n<td>Thomas Sankara, charismatischer Pr\u00e4sident in Burkina Faso von 1983 bis zu seiner Ermordung 1987, war eine Symbolfigur f\u00fcr die Jugend in vielen afrikanischen L\u00e4ndern. Als sein Nachfolger Blaise Compaor\u00e9 2014 durch einen Volksaufstand aus dem Amt gejagt wird, begibt sich der junge Poet Bikontine auf seiner Suche nach Identit\u00e4t und Zukunft auf eine Reise durch das Land von S\u00fcd nach Nord entlang einer Bahnstrecke, die ihn in D\u00f6rfer und St\u00e4dte f\u00fchrt. Dort trifft er auf die unterschiedlichsten Menschen, lernt deren verschiedene Lebensverh\u00e4ltnisse kennen und erf\u00e4hrt von ihren Tr\u00e4umen und Entt\u00e4uschungen. Seine poetischen Texte verwandeln sich, passen sich den neuen realen Erfahrungen an.<br \/>\nDer Film zeichnet poetisch ein vielschichtiges Bild des Landes, reflektiert Vergangenheit und Gegenwart. Sankara und seine Ideen von einem selbstbestimmten Leben sind in den K\u00f6pfen der Menschen noch immer pr\u00e4sent. F\u00fcr den Poeten Bikontine stellt sich dennoch die Zukunftsfrage: Soll er Burkina Faso verlassen oder bleiben?<\/td>\n<\/tr>\n<tr>\n<td style=\"border-bottom: none;\"><strong>Lucie Viver<\/strong> lebt in Frankreich. Sie studierte Geschichte und Philosophie. Sie arbeitete zun\u00e4chst als Regie- und Produktionsassistentin, seit 2013 \u00adentwickelt und realisiert sie eigene Filmprojekte.<\/td>\n<\/tr>\n<\/tbody>\n<\/table>\n<p><iframe loading=\"lazy\" src=\"https:\/\/cineuropa.org\/fr\/videoembed\/373248\/rdid\/369585\/\" marginwidth=\"0\" marginheight=\"0\" scrolling=\"no\" allowfullscreen=\"allowfullscreen\" width=\"620\" height=\"350\" frameborder=\"0\"><\/iframe><\/p>\n","protected":false},"excerpt":{"rendered":"<p>SANKARA N&#8217;EST PAS MORT &#8211; Sankara Is Not Dead Dokumentarfilm, Burkina Faso \/ Frankreich 2019, R.: Lucie Viver, 109 Min., Dioula \/ Moor\u00e9 \/ frz. OF, engl. UT Thomas Sankara, charismatischer Pr\u00e4sident in Burkina Faso von 1983 bis zu seiner &hellip; <a href=\"http:\/\/www.augen-blicke-afrika.de\/blog\/programm-2019\/filme-2019\/sankara-nest-pas-mort-sankara-is-not-dead\/\">Weiterlesen <span class=\"meta-nav\">&rarr;<\/span><\/a><\/p>\n","protected":false},"author":3,"featured_media":5126,"parent":5054,"menu_order":0,"comment_status":"closed","ping_status":"closed","template":"afrika2019_oh.php","meta":{"footnotes":""},"class_list":["post-4758","page","type-page","status-publish","has-post-thumbnail","hentry"],"_links":{"self":[{"href":"http:\/\/www.augen-blicke-afrika.de\/blog\/wp-json\/wp\/v2\/pages\/4758","targetHints":{"allow":["GET"]}}],"collection":[{"href":"http:\/\/www.augen-blicke-afrika.de\/blog\/wp-json\/wp\/v2\/pages"}],"about":[{"href":"http:\/\/www.augen-blicke-afrika.de\/blog\/wp-json\/wp\/v2\/types\/page"}],"author":[{"embeddable":true,"href":"http:\/\/www.augen-blicke-afrika.de\/blog\/wp-json\/wp\/v2\/users\/3"}],"replies":[{"embeddable":true,"href":"http:\/\/www.augen-blicke-afrika.de\/blog\/wp-json\/wp\/v2\/comments?post=4758"}],"version-history":[{"count":3,"href":"http:\/\/www.augen-blicke-afrika.de\/blog\/wp-json\/wp\/v2\/pages\/4758\/revisions"}],"predecessor-version":[{"id":6887,"href":"http:\/\/www.augen-blicke-afrika.de\/blog\/wp-json\/wp\/v2\/pages\/4758\/revisions\/6887"}],"up":[{"embeddable":true,"href":"http:\/\/www.augen-blicke-afrika.de\/blog\/wp-json\/wp\/v2\/pages\/5054"}],"wp:featuredmedia":[{"embeddable":true,"href":"http:\/\/www.augen-blicke-afrika.de\/blog\/wp-json\/wp\/v2\/media\/5126"}],"wp:attachment":[{"href":"http:\/\/www.augen-blicke-afrika.de\/blog\/wp-json\/wp\/v2\/media?parent=4758"}],"curies":[{"name":"wp","href":"https:\/\/api.w.org\/{rel}","templated":true}]}}