{"id":4754,"date":"2019-10-15T15:21:04","date_gmt":"2019-10-15T13:21:04","guid":{"rendered":"http:\/\/www.augen-blicke-afrika.de\/blog\/?page_id=4754"},"modified":"2022-09-18T17:26:26","modified_gmt":"2022-09-18T15:26:26","slug":"dhalinyaro-jeunesse","status":"publish","type":"page","link":"http:\/\/www.augen-blicke-afrika.de\/blog\/programm-2019\/filme-2019\/dhalinyaro-jeunesse\/","title":{"rendered":"DHALINYARO \u2013 Jeunesse"},"content":{"rendered":"<table style=\"height: 356px;\" width=\"100%\">\n<thead>\n<tr>\n<td>\n<p class=\"hide-if-no-js\"><a href=\"http:\/\/www.augen-blicke-afrika.de\/blog\/wp-content\/uploads\/2019\/10\/DHALINYARO-les-3-filles-sur-li\u0302le-de-Maskali-.jpg\"><img loading=\"lazy\" decoding=\"async\" class=\"alignnone wp-image-4756 size-full\" src=\"http:\/\/www.augen-blicke-afrika.de\/blog\/wp-content\/uploads\/2019\/10\/DHALINYARO-les-3-filles-sur-li\u0302le-de-Maskali-.jpg\" width=\"1000\" height=\"667\" srcset=\"http:\/\/www.augen-blicke-afrika.de\/blog\/wp-content\/uploads\/2019\/10\/DHALINYARO-les-3-filles-sur-li\u0302le-de-Maskali-.jpg 1000w, http:\/\/www.augen-blicke-afrika.de\/blog\/wp-content\/uploads\/2019\/10\/DHALINYARO-les-3-filles-sur-li\u0302le-de-Maskali--300x200.jpg 300w, http:\/\/www.augen-blicke-afrika.de\/blog\/wp-content\/uploads\/2019\/10\/DHALINYARO-les-3-filles-sur-li\u0302le-de-Maskali--768x512.jpg 768w, http:\/\/www.augen-blicke-afrika.de\/blog\/wp-content\/uploads\/2019\/10\/DHALINYARO-les-3-filles-sur-li\u0302le-de-Maskali--450x300.jpg 450w\" sizes=\"auto, (max-width: 1000px) 100vw, 1000px\" \/><\/a><\/p>\n<h1>DHALINYARO \u2013 Jeunesse<\/h1>\n<h3>Dschibuti \/ Kanada \/ Frankreich 2018,<br \/>\nR.: Lula Ali Ismail, 86 Min., frz. \/ arab. OF, engl. UT<\/h3>\n<\/td>\n<\/tr>\n<\/thead>\n<tbody>\n<tr>\n<td>Die Teenager Asma, Hibo und Deka stehen kurz vor dem Schulabschluss. Sie sind eng befreundet, obwohl sie aus sehr unterschiedlichen sozialen Verh\u00e4ltnissen kommen. Das bringt zwar gelegentlich Streitereien und Fremd\u00adheit mit sich, aber sie finden immer wieder viele Gemeinsamkeiten und das verbindet. Dabei sind M\u00e4nner ein hei\u00dfes, viel diskutiertes Thema. Die M\u00e4dchen flirten gerne und lassen sich auf Beziehungen ein, die nicht unproblematisch sind. Und die Frage, wie es weiter gehen soll nach dem Abschluss, muss immer dringender beantwortet werden. Jede muss entscheiden, ob es eine Zukunft in Dschibuti f\u00fcr sie gibt oder doch das Studium im Ausland eine bessere Alternative ist.<\/td>\n<\/tr>\n<tr>\n<td style=\"border-bottom: none;\">\n<p><strong><a href=\"http:\/\/www.augen-blicke-afrika.de\/blog\/wp-content\/uploads\/2019\/10\/dhalinyaro-poster.jpg\"><img loading=\"lazy\" decoding=\"async\" class=\"wp-image-4755 size-medium alignnone\" src=\"http:\/\/www.augen-blicke-afrika.de\/blog\/wp-content\/uploads\/2019\/10\/dhalinyaro-poster-e1571038428478-300x127.jpg\" width=\"300\" height=\"127\"><\/a><\/strong><\/p>\n<p><strong>Lula Ali Isma\u00efl<\/strong>, geb. 1978 in Djibuti, emigrierte mit ihren Eltern in den 1990er-Jahren nach Kanada. Sie arbeitete zun\u00e4chst als Schauspielerin und begann dann auch \u00adeigene Kurzfilme zu realisieren und als Regieassistentin zu arbeiteten. \u201eDhalinyaro\u201c ist ihr erster langer Spielfilm als Regisseurin, Co-\u00adAutorin und Co-Produzentin.<\/td>\n<\/tr>\n<\/tbody>\n<\/table>\n<p><iframe loading=\"lazy\" src=\"https:\/\/www.dailymotion.com\/embed\/video\/x7lau6u\" allowfullscreen=\"allowfullscreen\" width=\"480\" height=\"270\" frameborder=\"0\"><\/iframe><\/p>\n","protected":false},"excerpt":{"rendered":"<p>DHALINYARO \u2013 Jeunesse Dschibuti \/ Kanada \/ Frankreich 2018, R.: Lula Ali Ismail, 86 Min., frz. \/ arab. OF, engl. UT Die Teenager Asma, Hibo und Deka stehen kurz vor dem Schulabschluss. Sie sind eng befreundet, obwohl sie aus sehr &hellip; <a href=\"http:\/\/www.augen-blicke-afrika.de\/blog\/programm-2019\/filme-2019\/dhalinyaro-jeunesse\/\">Weiterlesen <span class=\"meta-nav\">&rarr;<\/span><\/a><\/p>\n","protected":false},"author":3,"featured_media":5126,"parent":5054,"menu_order":0,"comment_status":"closed","ping_status":"closed","template":"afrika2019_oh.php","meta":{"footnotes":""},"class_list":["post-4754","page","type-page","status-publish","has-post-thumbnail","hentry"],"_links":{"self":[{"href":"http:\/\/www.augen-blicke-afrika.de\/blog\/wp-json\/wp\/v2\/pages\/4754","targetHints":{"allow":["GET"]}}],"collection":[{"href":"http:\/\/www.augen-blicke-afrika.de\/blog\/wp-json\/wp\/v2\/pages"}],"about":[{"href":"http:\/\/www.augen-blicke-afrika.de\/blog\/wp-json\/wp\/v2\/types\/page"}],"author":[{"embeddable":true,"href":"http:\/\/www.augen-blicke-afrika.de\/blog\/wp-json\/wp\/v2\/users\/3"}],"replies":[{"embeddable":true,"href":"http:\/\/www.augen-blicke-afrika.de\/blog\/wp-json\/wp\/v2\/comments?post=4754"}],"version-history":[{"count":3,"href":"http:\/\/www.augen-blicke-afrika.de\/blog\/wp-json\/wp\/v2\/pages\/4754\/revisions"}],"predecessor-version":[{"id":6873,"href":"http:\/\/www.augen-blicke-afrika.de\/blog\/wp-json\/wp\/v2\/pages\/4754\/revisions\/6873"}],"up":[{"embeddable":true,"href":"http:\/\/www.augen-blicke-afrika.de\/blog\/wp-json\/wp\/v2\/pages\/5054"}],"wp:featuredmedia":[{"embeddable":true,"href":"http:\/\/www.augen-blicke-afrika.de\/blog\/wp-json\/wp\/v2\/media\/5126"}],"wp:attachment":[{"href":"http:\/\/www.augen-blicke-afrika.de\/blog\/wp-json\/wp\/v2\/media?parent=4754"}],"curies":[{"name":"wp","href":"https:\/\/api.w.org\/{rel}","templated":true}]}}