{"id":4741,"date":"2019-10-15T15:42:12","date_gmt":"2019-10-15T13:42:12","guid":{"rendered":"http:\/\/www.augen-blicke-afrika.de\/blog\/?page_id=4741"},"modified":"2023-09-06T09:32:12","modified_gmt":"2023-09-06T07:32:12","slug":"sidney-and-friends","status":"publish","type":"page","link":"http:\/\/www.augen-blicke-afrika.de\/blog\/programm-2019\/filme-2019\/sidney-and-friends\/","title":{"rendered":"SIDNEY AND FRIENDS"},"content":{"rendered":"<table style=\"height: 356px;\" width=\"100%\">\n<thead>\n<tr>\n<td>\n<p class=\"hide-if-no-js\"><a href=\"http:\/\/www.augen-blicke-afrika.de\/blog\/wp-content\/uploads\/2019\/10\/SIDNEY-_-FRIENDS-STILLS-3a.jpg\"><img loading=\"lazy\" decoding=\"async\" class=\"alignnone wp-image-4743 size-full\" src=\"http:\/\/www.augen-blicke-afrika.de\/blog\/wp-content\/uploads\/2019\/10\/SIDNEY-_-FRIENDS-STILLS-3a.jpg\" width=\"1000\" height=\"625\" srcset=\"http:\/\/www.augen-blicke-afrika.de\/blog\/wp-content\/uploads\/2019\/10\/SIDNEY-_-FRIENDS-STILLS-3a.jpg 1000w, http:\/\/www.augen-blicke-afrika.de\/blog\/wp-content\/uploads\/2019\/10\/SIDNEY-_-FRIENDS-STILLS-3a-300x188.jpg 300w, http:\/\/www.augen-blicke-afrika.de\/blog\/wp-content\/uploads\/2019\/10\/SIDNEY-_-FRIENDS-STILLS-3a-768x480.jpg 768w, http:\/\/www.augen-blicke-afrika.de\/blog\/wp-content\/uploads\/2019\/10\/SIDNEY-_-FRIENDS-STILLS-3a-480x300.jpg 480w\" sizes=\"auto, (max-width: 1000px) 100vw, 1000px\" \/><\/a><\/p>\n<h1>SIDNEY AND FRIENDS<\/h1>\n<h3>Dokumentarfilm, Kenia \/ GB 2017, R.: Tristan Aitchison, 78 Min., OF, dt. UT, s \/ w<\/h3>\n<\/td>\n<\/tr>\n<\/thead>\n<tbody>\n<tr>\n<td>\u00dcber drei Jahre begleitete Tristan Aitchison die Intersex- und Transgender-Szene in Kenia. Im Mittelpunkt seines Films steht die Geschichte von Sidney, der aus seiner l\u00e4ndlichen Heimat nach Nairobi fliehen musste, nachdem ihn seine Familie aus ihrer Gemeinschaft ausgeschlossen hatte. In der Hauptstadt Kenias trifft er auf eine gut organisierte Gruppe von Gleichgesinnten, die zwar auch staatlich bedroht ist, die sich aber zur Wehr setzt und sich gegenseitig st\u00fctzt.<br \/>\nIm Film treffen Erz\u00e4hlungen von Hoffnungen und Tr\u00e4umen auf die t\u00e4gliche Realit\u00e4t von Verfolgung und Diskriminierung in der kenianischen Gesellschaft.<\/td>\n<\/tr>\n<tr>\n<td style=\"border-bottom: none;\"><strong><a href=\"http:\/\/www.augen-blicke-afrika.de\/blog\/wp-content\/uploads\/2019\/10\/SF_Poster.jpg\"><img loading=\"lazy\" decoding=\"async\" class=\"wp-image-4742 size-medium alignleft\" src=\"http:\/\/www.augen-blicke-afrika.de\/blog\/wp-content\/uploads\/2019\/10\/SF_Poster-300x150.jpg\" width=\"300\" height=\"150\"><\/a><\/strong><\/p>\n<p><strong>Tristan Aitchison&nbsp;<\/strong>ist ein schottischer Filmemacher und Fotograf.<br \/>\nSein Arbeitsschwerpunkt sind sozial\u00adpolitische \u00adThemen.<\/td>\n<\/tr>\n<\/tbody>\n<\/table>\n<p><iframe loading=\"lazy\" src=\"https:\/\/www.youtube.com\/embed\/lEgiHh0Hi7E\" allowfullscreen=\"allowfullscreen\" width=\"560\" height=\"315\" frameborder=\"0\"><\/iframe><\/p>\n","protected":false},"excerpt":{"rendered":"<p>SIDNEY AND FRIENDS Dokumentarfilm, Kenia \/ GB 2017, R.: Tristan Aitchison, 78 Min., OF, dt. UT, s \/ w \u00dcber drei Jahre begleitete Tristan Aitchison die Intersex- und Transgender-Szene in Kenia. Im Mittelpunkt seines Films steht die Geschichte von Sidney, &hellip; <a href=\"http:\/\/www.augen-blicke-afrika.de\/blog\/programm-2019\/filme-2019\/sidney-and-friends\/\">Weiterlesen <span class=\"meta-nav\">&rarr;<\/span><\/a><\/p>\n","protected":false},"author":3,"featured_media":5126,"parent":5054,"menu_order":0,"comment_status":"closed","ping_status":"closed","template":"afrika2019_oh.php","meta":{"footnotes":""},"class_list":["post-4741","page","type-page","status-publish","has-post-thumbnail","hentry"],"_links":{"self":[{"href":"http:\/\/www.augen-blicke-afrika.de\/blog\/wp-json\/wp\/v2\/pages\/4741","targetHints":{"allow":["GET"]}}],"collection":[{"href":"http:\/\/www.augen-blicke-afrika.de\/blog\/wp-json\/wp\/v2\/pages"}],"about":[{"href":"http:\/\/www.augen-blicke-afrika.de\/blog\/wp-json\/wp\/v2\/types\/page"}],"author":[{"embeddable":true,"href":"http:\/\/www.augen-blicke-afrika.de\/blog\/wp-json\/wp\/v2\/users\/3"}],"replies":[{"embeddable":true,"href":"http:\/\/www.augen-blicke-afrika.de\/blog\/wp-json\/wp\/v2\/comments?post=4741"}],"version-history":[{"count":5,"href":"http:\/\/www.augen-blicke-afrika.de\/blog\/wp-json\/wp\/v2\/pages\/4741\/revisions"}],"predecessor-version":[{"id":7648,"href":"http:\/\/www.augen-blicke-afrika.de\/blog\/wp-json\/wp\/v2\/pages\/4741\/revisions\/7648"}],"up":[{"embeddable":true,"href":"http:\/\/www.augen-blicke-afrika.de\/blog\/wp-json\/wp\/v2\/pages\/5054"}],"wp:featuredmedia":[{"embeddable":true,"href":"http:\/\/www.augen-blicke-afrika.de\/blog\/wp-json\/wp\/v2\/media\/5126"}],"wp:attachment":[{"href":"http:\/\/www.augen-blicke-afrika.de\/blog\/wp-json\/wp\/v2\/media?parent=4741"}],"curies":[{"name":"wp","href":"https:\/\/api.w.org\/{rel}","templated":true}]}}