{"id":4737,"date":"2019-10-15T15:44:28","date_gmt":"2019-10-15T13:44:28","guid":{"rendered":"http:\/\/www.augen-blicke-afrika.de\/blog\/?page_id=4737"},"modified":"2023-09-06T09:30:26","modified_gmt":"2023-09-06T07:30:26","slug":"subira","status":"publish","type":"page","link":"http:\/\/www.augen-blicke-afrika.de\/blog\/programm-2019\/filme-2019\/subira\/","title":{"rendered":"SUBIRA"},"content":{"rendered":"<table style=\"height: 356px;\" width=\"100%\">\n<thead>\n<tr>\n<td>\n<p class=\"hide-if-no-js\"><a href=\"http:\/\/www.augen-blicke-afrika.de\/blog\/wp-content\/uploads\/2019\/10\/Subira-screen.jpg\"><img loading=\"lazy\" decoding=\"async\" class=\"alignnone wp-image-4738 size-full\" src=\"http:\/\/www.augen-blicke-afrika.de\/blog\/wp-content\/uploads\/2019\/10\/Subira-screen.jpg\" width=\"4096\" height=\"1716\" srcset=\"http:\/\/www.augen-blicke-afrika.de\/blog\/wp-content\/uploads\/2019\/10\/Subira-screen.jpg 4096w, http:\/\/www.augen-blicke-afrika.de\/blog\/wp-content\/uploads\/2019\/10\/Subira-screen-300x126.jpg 300w, http:\/\/www.augen-blicke-afrika.de\/blog\/wp-content\/uploads\/2019\/10\/Subira-screen-768x322.jpg 768w, http:\/\/www.augen-blicke-afrika.de\/blog\/wp-content\/uploads\/2019\/10\/Subira-screen-1024x429.jpg 1024w, http:\/\/www.augen-blicke-afrika.de\/blog\/wp-content\/uploads\/2019\/10\/Subira-screen-500x209.jpg 500w\" sizes=\"auto, (max-width: 4096px) 100vw, 4096px\" \/><\/a><\/p>\n<h1>SUBIRA<\/h1>\n<h3>Kenia 2018, R.: Ravneet Sippy Chadha, 99 Min., Swahili \/ engl. OF, dt. UT<\/h3>\n<\/td>\n<\/tr>\n<\/thead>\n<tbody>\n<tr>\n<td>Subira w\u00e4chst in einer traditionellen, konservativen muslimischen Gemein\u00adschaft auf der kleinen kenianischen Insel Lamu auf. W\u00e4hrend ihre Mutter streng den Traditionen folgt und aus dem M\u00e4dchen eine gute Hausfrau machen will, weckt ihr liberaler Vater in Subira ganz andere Sehns\u00fcchte. Sie liebt das Meer und manchmal nimmt ihr Vater sie mit zum Fischfang. Eine gl\u00fcckliche Zeit, in der Subira sich frei f\u00fchlt von allen Zw\u00e4ngen. Das Wasser zieht sie magisch an und ihr Wunsch, schwimmen zu lernen, wird immer st\u00e4rker.<br \/>\nDoch dann verungl\u00fcckt ihr Vater auf offener See. Die Mutter hat schon einen Br\u00e4utigam parat, aber Subira setzt sich zur Wehr. Sie heiratet einen jungen, indischen Mann, den sie liebt, und zieht zu ihm in die Hauptstadt Nairobi. Es mangelt ihr wirtschaftlich an nichts, und doch f\u00fchlt sie sich unwohl, die Sehnsucht, schwimmen zu k\u00f6nnen, flammt wieder auf.<br \/>\nDer unterhaltsame Film greift in malerischen Bildern das Paradoxon des krassen Nebeneinanders von Tradition und Moderne auf vielf\u00e4ltige, nicht moralisierende Weise auf. Die Liebesgeschichte bricht mit dem traditionellen Bild von Frauen, nach dem diese M\u00e4nnern und Gott zu dienen haben.<\/td>\n<\/tr>\n<tr>\n<td style=\"border-bottom: none;\"><strong><a href=\"http:\/\/www.augen-blicke-afrika.de\/blog\/wp-content\/uploads\/2019\/10\/Subira-poster.jpg\"><img loading=\"lazy\" decoding=\"async\" class=\"wp-image-4739 size-medium alignleft\" src=\"http:\/\/www.augen-blicke-afrika.de\/blog\/wp-content\/uploads\/2019\/10\/Subira-poster-212x300.jpg\" width=\"212\" height=\"300\" srcset=\"http:\/\/www.augen-blicke-afrika.de\/blog\/wp-content\/uploads\/2019\/10\/Subira-poster-212x300.jpg 212w, http:\/\/www.augen-blicke-afrika.de\/blog\/wp-content\/uploads\/2019\/10\/Subira-poster-768x1087.jpg 768w, http:\/\/www.augen-blicke-afrika.de\/blog\/wp-content\/uploads\/2019\/10\/Subira-poster-724x1024.jpg 724w, http:\/\/www.augen-blicke-afrika.de\/blog\/wp-content\/uploads\/2019\/10\/Subira-poster.jpg 826w\" sizes=\"auto, (max-width: 212px) 100vw, 212px\" \/><\/a><\/strong><\/p>\n<p><strong>Ravneet Sippy Chadha<\/strong>, geb. in Indien und dort aufgewachsen, studierte in Toronto Psychologie und Business und lebt heute in Kenia. Nach einigen Jahren im Finanzbereich widmete sie sich zunehmend dem Filmschaffen. Ihr gleichnamiger Kurzfilm \u201eSubira\u201c von 2007 wurde mehrfach ausgezeichnet und ermutigte sie zu ihrem Filmdeb\u00fct in Spielfilml\u00e4nge.<br \/>\nDaf\u00fcr erhielt sie beim Sansibar-Filmfestival ZIFF 2019 den 1. Preis.<\/p>\n<p>&nbsp;<\/td>\n<\/tr>\n<\/tbody>\n<\/table>\n<p><iframe loading=\"lazy\" src=\"https:\/\/www.youtube.com\/embed\/eXewf-WhRwg\" allowfullscreen=\"allowfullscreen\" width=\"560\" height=\"315\" frameborder=\"0\"><\/iframe><\/p>\n","protected":false},"excerpt":{"rendered":"<p>SUBIRA Kenia 2018, R.: Ravneet Sippy Chadha, 99 Min., Swahili \/ engl. OF, dt. UT Subira w\u00e4chst in einer traditionellen, konservativen muslimischen Gemein\u00adschaft auf der kleinen kenianischen Insel Lamu auf. W\u00e4hrend ihre Mutter streng den Traditionen folgt und aus dem &hellip; <a href=\"http:\/\/www.augen-blicke-afrika.de\/blog\/programm-2019\/filme-2019\/subira\/\">Weiterlesen <span class=\"meta-nav\">&rarr;<\/span><\/a><\/p>\n","protected":false},"author":3,"featured_media":5126,"parent":5054,"menu_order":0,"comment_status":"closed","ping_status":"closed","template":"afrika2019_oh.php","meta":{"footnotes":""},"class_list":["post-4737","page","type-page","status-publish","has-post-thumbnail","hentry"],"_links":{"self":[{"href":"http:\/\/www.augen-blicke-afrika.de\/blog\/wp-json\/wp\/v2\/pages\/4737","targetHints":{"allow":["GET"]}}],"collection":[{"href":"http:\/\/www.augen-blicke-afrika.de\/blog\/wp-json\/wp\/v2\/pages"}],"about":[{"href":"http:\/\/www.augen-blicke-afrika.de\/blog\/wp-json\/wp\/v2\/types\/page"}],"author":[{"embeddable":true,"href":"http:\/\/www.augen-blicke-afrika.de\/blog\/wp-json\/wp\/v2\/users\/3"}],"replies":[{"embeddable":true,"href":"http:\/\/www.augen-blicke-afrika.de\/blog\/wp-json\/wp\/v2\/comments?post=4737"}],"version-history":[{"count":4,"href":"http:\/\/www.augen-blicke-afrika.de\/blog\/wp-json\/wp\/v2\/pages\/4737\/revisions"}],"predecessor-version":[{"id":7647,"href":"http:\/\/www.augen-blicke-afrika.de\/blog\/wp-json\/wp\/v2\/pages\/4737\/revisions\/7647"}],"up":[{"embeddable":true,"href":"http:\/\/www.augen-blicke-afrika.de\/blog\/wp-json\/wp\/v2\/pages\/5054"}],"wp:featuredmedia":[{"embeddable":true,"href":"http:\/\/www.augen-blicke-afrika.de\/blog\/wp-json\/wp\/v2\/media\/5126"}],"wp:attachment":[{"href":"http:\/\/www.augen-blicke-afrika.de\/blog\/wp-json\/wp\/v2\/media?parent=4737"}],"curies":[{"name":"wp","href":"https:\/\/api.w.org\/{rel}","templated":true}]}}