{"id":4705,"date":"2019-09-16T17:00:56","date_gmt":"2019-09-16T15:00:56","guid":{"rendered":"http:\/\/www.augen-blicke-afrika.de\/blog\/?page_id=4705"},"modified":"2022-09-18T17:20:55","modified_gmt":"2022-09-18T15:20:55","slug":"ankuendigung-2019","status":"publish","type":"page","link":"http:\/\/www.augen-blicke-afrika.de\/blog\/ankuendigung-2019\/","title":{"rendered":"Ank\u00fcndigung 2019"},"content":{"rendered":"<h3>Das Programmheft als PDF gibt es hier: <strong><span style=\"color: #000000;\"><a style=\"color: #000000;\" title=\"Das Programmheft von Augen Blicke Afrika 2019 als pdf\" href=\"http:\/\/www.augen-blicke-afrika.de\/blog\/wp-content\/uploads\/2019\/10\/programm_2019.pdf\" target=\"_blank\" rel=\"noopener noreferrer\">Programmheft 2019<\/a><\/span><\/strong><\/h3>\n<p class=\"body1\">&nbsp;<br \/>\n&nbsp;<\/p>\n<h1><span style=\"text-decoration: underline;\">8. afrikanisches Filmfestival <\/span><br \/>\n<span style=\"text-decoration: underline;\">vom 7. bis 17. November 2019<\/span><\/h1>\n<p><strong>Zu sehen sind neue und au\u00dfergew\u00f6hnliche Dokumentar- und Spielfilme von jungen als auch \u00adetablierten Regisseur*innen des afrikanischen Kinos, die hierzulande nur selten zu sehen sind.<\/strong><\/p>\n<p>Diese neuen Produktionen prangern gesellschaftliche \u00adMissst\u00e4nde an, zeigen vielf\u00e4ltiges urbanes Leben und geben intime Einblicke in sich ver\u00e4ndernde famili\u00e4re, \u00adsoziale und \u00adpolitische Strukturen in afrikanischen \u00adGesellschaften.<\/p>\n<p>Neu sind auch Virtual Reality (VR)-Produktionen,<br \/>\ndie wir in Kooperation mit den Hamburger \u00d6ffentlichen \u00adB\u00fccherhallen vom 11.11. \u2013 13.11. am H\u00fchnerposten 1 zeigen.<\/p>\n<p>Weitere Infos unter<br \/>\n<a href=\"http:\/\/www.facebook.com\/afrikanischesfilmfestivalhamburg\">www.facebook.com\/afrikanischesfilmfestivalhamburg<\/a><\/p>\n<p><strong>Unser diesj\u00e4hriges Programm umfasst:<\/strong><\/p>\n<p>\u2022 Aktuelle Spiel-, Dokumentar- und Kurzfilme<br \/>\n\u2022 Filmgespr\u00e4che mit Regiseur*innen<br \/>\n\u2022 VR-Produktionen in der Zentralbibliothek<br \/>\n\u2022 Afrikanische Tanznacht mit DJ<\/p>\n<hr>\n<p><strong>Preisverleihung f\u00fcr AUGEN BLICKE AFRIKA e.V.<\/strong><\/p>\n<p>Am 12.September wurden wir von der Norddeutschen Stiftung f\u00fcr Umwelt und Entwicklung (NUE) mit dem Preis f\u00fcr herausragende Projekte in der entwicklungspolitischen Bildungsarbeit ausgezeichnet.<\/p>\n<p>Die Verleihung fand im Rahmen des 20-j\u00e4hrigen Bestehens der Stiftung mit einem Festakt auf Schloss Wiligrad am Schweriner See statt. Mehr als 100 G\u00e4ste aus Politik, Gesellschaft und Medien nahmen an der Veranstaltung teil.<\/p>\n<p>Wir freuen uns sehr \u00fcber diese Anerkennung unserer mehr als achtj\u00e4hrigen ehrenamtlichen Arbeit f\u00fcr das Film- und Kulturfestival in Zusammenarbeit mit dem Studio-Kino Hamburg. Unser Ziel ist und bleibt es, das oft einseitige und negative Bild vom afrikanischen Kontinent anhand von vielen unterschiedlichen Sichtweisen afrikanischer K\u00fcnstler zu korrigieren und damit neue Zusammenh\u00e4nge aufzuzeigen.<\/p>\n<p>Wir w\u00fcnschen uns, unseren G\u00e4sten und dem Publikum weiterhin noch viele neue Entdeckungen und Erkenntnisse.<\/p>\n<p><a href=\"http:\/\/www.augen-blicke-afrika.de\/blog\/wp-content\/uploads\/2019\/09\/Preis.png\"><img loading=\"lazy\" decoding=\"async\" class=\"alignnone size-full wp-image-4712\" src=\"http:\/\/www.augen-blicke-afrika.de\/blog\/wp-content\/uploads\/2019\/09\/Preis.png\" alt=\"Preis\" width=\"407\" height=\"252\" srcset=\"http:\/\/www.augen-blicke-afrika.de\/blog\/wp-content\/uploads\/2019\/09\/Preis.png 407w, http:\/\/www.augen-blicke-afrika.de\/blog\/wp-content\/uploads\/2019\/09\/Preis-300x186.png 300w\" sizes=\"auto, (max-width: 407px) 100vw, 407px\" \/><br \/>\n<\/a><\/p>\n<h6>F\u00fcr den Verein nahmen die Gr\u00fcndungsmitglieder Burkhard Leber,<br \/>\nIngrid Wernich und Hans-J\u00f6rg Heinrich den Preis entgegen.<\/h6>\n","protected":false},"excerpt":{"rendered":"<p>Das Programmheft als PDF gibt es hier: Programmheft 2019 &nbsp; &nbsp; 8. afrikanisches Filmfestival vom 7. bis 17. November 2019 Zu sehen sind neue und au\u00dfergew\u00f6hnliche Dokumentar- und Spielfilme von jungen als auch \u00adetablierten Regisseur*innen des afrikanischen Kinos, die hierzulande &hellip; <a href=\"http:\/\/www.augen-blicke-afrika.de\/blog\/ankuendigung-2019\/\">Weiterlesen <span class=\"meta-nav\">&rarr;<\/span><\/a><\/p>\n","protected":false},"author":3,"featured_media":5126,"parent":0,"menu_order":0,"comment_status":"closed","ping_status":"closed","template":"afrika2019.php","meta":{"footnotes":""},"class_list":["post-4705","page","type-page","status-publish","has-post-thumbnail","hentry"],"_links":{"self":[{"href":"http:\/\/www.augen-blicke-afrika.de\/blog\/wp-json\/wp\/v2\/pages\/4705","targetHints":{"allow":["GET"]}}],"collection":[{"href":"http:\/\/www.augen-blicke-afrika.de\/blog\/wp-json\/wp\/v2\/pages"}],"about":[{"href":"http:\/\/www.augen-blicke-afrika.de\/blog\/wp-json\/wp\/v2\/types\/page"}],"author":[{"embeddable":true,"href":"http:\/\/www.augen-blicke-afrika.de\/blog\/wp-json\/wp\/v2\/users\/3"}],"replies":[{"embeddable":true,"href":"http:\/\/www.augen-blicke-afrika.de\/blog\/wp-json\/wp\/v2\/comments?post=4705"}],"version-history":[{"count":8,"href":"http:\/\/www.augen-blicke-afrika.de\/blog\/wp-json\/wp\/v2\/pages\/4705\/revisions"}],"predecessor-version":[{"id":5839,"href":"http:\/\/www.augen-blicke-afrika.de\/blog\/wp-json\/wp\/v2\/pages\/4705\/revisions\/5839"}],"wp:featuredmedia":[{"embeddable":true,"href":"http:\/\/www.augen-blicke-afrika.de\/blog\/wp-json\/wp\/v2\/media\/5126"}],"wp:attachment":[{"href":"http:\/\/www.augen-blicke-afrika.de\/blog\/wp-json\/wp\/v2\/media?parent=4705"}],"curies":[{"name":"wp","href":"https:\/\/api.w.org\/{rel}","templated":true}]}}