{"id":4473,"date":"2018-10-18T10:32:14","date_gmt":"2018-10-18T08:32:14","guid":{"rendered":"http:\/\/www.augen-blicke-afrika.de\/blog\/?page_id=4473"},"modified":"2023-09-05T20:36:37","modified_gmt":"2023-09-05T18:36:37","slug":"vorwort-2018","status":"publish","type":"page","link":"http:\/\/www.augen-blicke-afrika.de\/blog\/vorwort-2018\/","title":{"rendered":"Vorwort 2018"},"content":{"rendered":"<h1><a title=\"A Breakup Dawn in Africa\" href=\"http:\/\/www.augen-blicke-afrika.de\/blog\/preface-2018\/\"><img loading=\"lazy\" decoding=\"async\" class=\"alignright\" style=\"border: 0px none; margin: 0px;\" title=\"english\" src=\"http:\/\/www.augen-blicke-afrika.de\/blog\/wp-content\/uploads\/2013\/09\/engl-schrift-e1379972389153.gif\" alt=\"english\" width=\"60\" height=\"33\"><\/a><\/h1>\n<h1>Vorwort<\/h1>\n<p>&nbsp;<\/p>\n<h2><strong>Liebe Freundinnen und Freunde des afrikanischen Films!<br \/>\n<\/strong><\/h2>\n<p>Das Filmfestival \u201cAugen Blicke Afrika\u201d ist in diesem Jahr eingebunden in ein Rahmenprogramm, das einigen K\u00fcnstlern und Aktivisten der Protestbewegung in den Kunst- und Kulturszenen afrikanischer Metropolen ein Forum bietet. Auch einige Filme des Festivals greifen das Thema Demokratisierungsprozesse auf.<br \/>\nIn diesem Jahr zeigen wir eine Auswahl aktueller Filme aus 22 L\u00e4ndern Afrikas. Wie immer erlauben und erm\u00f6glichen diese Produktionen einen intimen Blick in die vielf\u00e4ltige Welt afrikanischer Gesellschaften.<br \/>\nDie Dokumentarfilme <a href=\"http:\/\/www.augen-blicke-afrika.de\/blog\/filme-2018\/kinshasa-makambo\/\"><strong>Kinshasa Makambo<\/strong><\/a> aus dem Kongo und <a href=\"http:\/\/www.augen-blicke-afrika.de\/blog\/filme-2018\/lendemains-incertains\/\"><strong>Lendemains Incertains<\/strong> <\/a>aus Burundi zeigen aus sehr pers\u00f6nlicher Sicht die K\u00e4mpfe junger Aktivisten gegen die korrupten Eliten ihrer L\u00e4nder.<br \/>\nDer Film <a href=\"http:\/\/www.augen-blicke-afrika.de\/blog\/filme-2018\/burkinabe-rising\/\"><strong>Burkinab\u00e9 Rising<\/strong><\/a> kn\u00fcpft nicht nur daran an, wie 2014 in Burkina Faso vornehmlich durch massive Jugendproteste der langj\u00e4hrige Pr\u00e4sident Blaise Compaor\u00e9 zur\u00fccktreten musste. Der Film zeigt auch, dass dieser Erfolg Kr\u00e4fte freigesetzt hat, die in vielf\u00e4ltigen Kunst- und Musikprojekten zum Ausdruck kommen.<br \/>\nIn dem Film <a href=\"http:\/\/www.augen-blicke-afrika.de\/blog\/filme-2018\/silas\/\"><strong>Silas<\/strong><\/a> wird der unerm\u00fcdliche Kampf eines Umweltaktivisten in Liberia gegen die Abholzung der Urw\u00e4lder dokumentiert. Silas fordert korrupte Eliten heraus, er mobilisiert die l\u00e4ndliche Bev\u00f6lkerung und will sich politisch aktiv im Parlament einbringen.<br \/>\nEine weitere Umweltproblematik greift der beeindruckende Film <a href=\"http:\/\/www.augen-blicke-afrika.de\/blog\/filme-2018\/welcome-to-sodom\/\"><strong>Welcome to Sodom<\/strong><\/a> auf. Uns wird mit dramatischen Bildern vor Augen gef\u00fchrt, dass unser Wohlstandsm\u00fcll illegal in Ghana landet.<br \/>\nAber auch mit leichteren kom\u00f6diantischen Filmen machen Fimemacher*innen auf die desolaten Zust\u00e4nde in ihren L\u00e4ndern aufmerksam. Der \u00e4gyptische Film <a href=\"http:\/\/www.augen-blicke-afrika.de\/blog\/filme-2018\/ali-the-goat-and-ibrahim\/\"><strong>Ali, the Goat and Ibrahim<\/strong><\/a> ist ein turbulenter und skurriler Trip quer durch \u00c4gypten. In <a href=\"http:\/\/www.augen-blicke-afrika.de\/blog\/filme-2018\/djon-africa\/\"><strong>Djon \u00c1frica<\/strong><\/a> taucht der Protagonist Miguel, als Rapper unter dem Namen \u201eTibars\u201c bekannt, von einer leisen Melancholie begleitet ein in die Inselwelt der Kapverden, auf der Suche nach seinen Wurzeln. Der nigerianische Film <a href=\"http:\/\/www.augen-blicke-afrika.de\/blog\/filme-2018\/hakkunde\/\"><strong>Hakkunde &#8211; Welcome to Lagos<\/strong><\/a> zeigt mit viel Humor und Musikuntermalung den Kampf um Selbstverwirklichung und verdeutlicht, was es hei\u00dft, zur jungen Generation im heutigen Nigeria zu geh\u00f6ren.<br \/>\nDass in Afrika auch die Entwicklungsgeschichte der Musik und der Musiker nicht ohne soziale und politische K\u00e4mpfe denkbar ist, zeigen die Filme <a href=\"http:\/\/www.augen-blicke-afrika.de\/blog\/filme-2018\/cairo-jazzman\/\"><strong>Jazzman<\/strong><\/a> aus \u00c4gypten, <a href=\"http:\/\/www.augen-blicke-afrika.de\/blog\/filme-2018\/sounds-of-the-world\/\"><strong>Sounds of The World: Mauritius<\/strong><\/a> und aus Mali Manthia Diawaras <a href=\"http:\/\/www.augen-blicke-afrika.de\/blog\/filme-2018\/an-opera-of-the-world\/\"><strong>An Opera of the World<\/strong><\/a>.<br \/>\nZum Festivalauftakt am 1. November k\u00f6nnen wir wieder drei Regisseur*innen begr\u00fc\u00dfen, die dann ihre Filmvorf\u00fchrungen in den Folgetagen begleiten werden. Die Podiumsdiskussion zur Vertiefung des Festivalthemas \u201e<a href=\"http:\/\/www.augen-blicke-afrika.de\/blog\/podiumsdiskussion-3\/\"><strong>Aufbruch in Afrika<\/strong><\/a>\u201c am ersten Samstag steht unter dem Motto: <strong><a href=\"http:\/\/www.augen-blicke-afrika.de\/blog\/podiumsdiskussion-3\/\">Filme\u00admacher*innen greifen ein in politische und allt\u00e4gliche Auseinandersetzungen<\/a>.<\/strong><br \/>\nWir als Vorbereitungsteam w\u00fcnschen den Zuschauern viele neue Erkenntnisse und eine neugierige und offene Beziehung zum afrikanischen Kontinent und seinen Menschen.<\/p>\n<p>&nbsp;<\/p>\n","protected":false},"excerpt":{"rendered":"<p>Vorwort &nbsp; Liebe Freundinnen und Freunde des afrikanischen Films! Das Filmfestival \u201cAugen Blicke Afrika\u201d ist in diesem Jahr eingebunden in ein Rahmenprogramm, das einigen K\u00fcnstlern und Aktivisten der Protestbewegung in den Kunst- und Kulturszenen afrikanischer Metropolen ein Forum bietet. Auch &hellip; <a href=\"http:\/\/www.augen-blicke-afrika.de\/blog\/vorwort-2018\/\">Weiterlesen <span class=\"meta-nav\">&rarr;<\/span><\/a><\/p>\n","protected":false},"author":3,"featured_media":5126,"parent":0,"menu_order":0,"comment_status":"closed","ping_status":"closed","template":"afrika2018.php","meta":{"footnotes":""},"class_list":["post-4473","page","type-page","status-publish","has-post-thumbnail","hentry"],"_links":{"self":[{"href":"http:\/\/www.augen-blicke-afrika.de\/blog\/wp-json\/wp\/v2\/pages\/4473","targetHints":{"allow":["GET"]}}],"collection":[{"href":"http:\/\/www.augen-blicke-afrika.de\/blog\/wp-json\/wp\/v2\/pages"}],"about":[{"href":"http:\/\/www.augen-blicke-afrika.de\/blog\/wp-json\/wp\/v2\/types\/page"}],"author":[{"embeddable":true,"href":"http:\/\/www.augen-blicke-afrika.de\/blog\/wp-json\/wp\/v2\/users\/3"}],"replies":[{"embeddable":true,"href":"http:\/\/www.augen-blicke-afrika.de\/blog\/wp-json\/wp\/v2\/comments?post=4473"}],"version-history":[{"count":8,"href":"http:\/\/www.augen-blicke-afrika.de\/blog\/wp-json\/wp\/v2\/pages\/4473\/revisions"}],"predecessor-version":[{"id":7005,"href":"http:\/\/www.augen-blicke-afrika.de\/blog\/wp-json\/wp\/v2\/pages\/4473\/revisions\/7005"}],"wp:featuredmedia":[{"embeddable":true,"href":"http:\/\/www.augen-blicke-afrika.de\/blog\/wp-json\/wp\/v2\/media\/5126"}],"wp:attachment":[{"href":"http:\/\/www.augen-blicke-afrika.de\/blog\/wp-json\/wp\/v2\/media?parent=4473"}],"curies":[{"name":"wp","href":"https:\/\/api.w.org\/{rel}","templated":true}]}}