{"id":4422,"date":"2018-10-17T14:21:33","date_gmt":"2018-10-17T12:21:33","guid":{"rendered":"http:\/\/www.augen-blicke-afrika.de\/blog\/?page_id=4422"},"modified":"2023-09-05T20:43:56","modified_gmt":"2023-09-05T18:43:56","slug":"aktuell-kampnagel","status":"publish","type":"page","link":"http:\/\/www.augen-blicke-afrika.de\/blog\/aktuell-kampnagel\/","title":{"rendered":"Aktuell Kampnagel"},"content":{"rendered":"<p>Afrikanisches Kultur- und Filmfestival vom 15.9. bis 11.11.201<\/p>\n<h1><strong><a href=\"http:\/\/www.augen-blicke-afrika.de\/blog\/programm-2018\/\">Das Filmfestival startet am 01.11.2018<\/a><\/strong><\/h1>\n<p>&nbsp;<\/p>\n<div class=\"columns-1\"><\/div>\n<div class=\"columns-1\"><\/div>\n<p>AUGEN BLICKE AFRIKA e.V. pr\u00e4sentiert Veranstaltungsreihe:<\/p>\n<h1><strong> PROTESTBEWEGUNGEN IN DEN KUNST- UND KULTURSZENEN WESTAFRIKANISCHER METROPOLEN<\/strong><\/h1>\n<p>&nbsp;<\/p>\n<h2>Dienstag 23. Oktober 2018 &#8211; 19:30<\/h2>\n<p class=\"head\">Dokumentarfilm:<\/p>\n<h1><strong>The Revolution Won\u2018t Be Televised<\/strong><\/h1>\n<h3>Rama Thiaw, Senegal 2015, OF m. engl. UT<\/h3>\n<p><a href=\"http:\/\/www.augen-blicke-afrika.de\/blog\/wp-content\/uploads\/2018\/10\/image2.jpeg\"><img loading=\"lazy\" decoding=\"async\" class=\" wp-image-1-4430 alignleft\" src=\"http:\/\/www.augen-blicke-afrika.de\/blog\/wp-content\/uploads\/2018\/10\/image2-300x200.jpeg\" alt=\"image2\" width=\"261\" height=\"178\"><\/a>Der Film von Rama Thiaw liefert eine \u00fcber mehrere Jahre entstandene \u201eInnensicht\u201c der senegalesischen Protestbewegung \u201eY\u2019en a marre\u201c an der Schnittstelle zwischen Hip-Hop-Kultur und Politik. Ihr Film wurde auf der Berlinale 2016 mehrmals ausgezeichnet. Ein politischer Film \u00fcber ein anderes, junges Afrika, das nicht Opfer ist, sondern Akteur.<br \/>\nDiskussion mit der Filmemacherin und den Rappern Thiat und Kilifeu \u00fcber die Demokratiebewegungen im Senegal &#8211; was hat sich ver\u00e4ndert?<\/p>\n<p><strong>Ort: Alabama Kino<\/strong>, Jarrestra\u00dfe 20 (bei Kampnagel), 22303 Hamburg<br \/>\n<span id=\"articleText\">Telefon: 040 288 030 70. <a href=\"mailto:kasse@alabama-kino.de\">kasse@alabama-kino.de<\/a><br \/>\nEintritt: 8,00\/6,50 Euro<br \/>\n<\/span><span id=\"articleText\">Kassen\u00f6ffnungszeiten: 30 Minuten vor Beginn der ersten Vorstellung.<\/span><\/p>\n<hr>\n<h2>Mittwoch 24. Oktober 2018 &#8211; 19:30<\/h2>\n<h1><\/h1>\n<p class=\"head\">Vortrag, Paneldiskussion, Journal Rapp\u00e9<\/p>\n<h2><\/h2>\n<h1><strong>Keynotes: Prof. Felwine Sarr, Wirtschaftswissenschaftler, Schriftsteller, Philosoph, stellt sein Aufsehen erregendes Buch &#8220;Afrotopia&#8221; vor.<br \/>\n<\/strong><\/h1>\n<p><a href=\"http:\/\/www.augen-blicke-afrika.de\/blog\/wp-content\/uploads\/2018\/10\/Felwine-Sarr-1.jpg\"><img loading=\"lazy\" decoding=\"async\" class=\" wp-image-4121 alignright\" src=\"http:\/\/www.augen-blicke-afrika.de\/blog\/wp-content\/uploads\/2018\/10\/Felwine-Sarr-1-300x300.jpg\" alt=\"Felwine Sarr, 2017\" width=\"193\" height=\"193\" srcset=\"http:\/\/www.augen-blicke-afrika.de\/blog\/wp-content\/uploads\/2018\/10\/Felwine-Sarr-1-300x300.jpg 300w, http:\/\/www.augen-blicke-afrika.de\/blog\/wp-content\/uploads\/2018\/10\/Felwine-Sarr-1-150x150.jpg 150w, http:\/\/www.augen-blicke-afrika.de\/blog\/wp-content\/uploads\/2018\/10\/Felwine-Sarr-1-144x144.jpg 144w, http:\/\/www.augen-blicke-afrika.de\/blog\/wp-content\/uploads\/2018\/10\/Felwine-Sarr-1.jpg 640w\" sizes=\"auto, (max-width: 193px) 100vw, 193px\" \/><\/a><\/p>\n<p>Gut einen Monat vor der Ver\u00f6ffentlichung der deutschen \u00dcbersetzung seines international viel beachteten Essays <strong>AFROTOPIA<\/strong> ist Felwine Sarr, einer der derzeit meist diskutierten Denker Afrikas, in Hamburg zu Gast. Die Bedeutung seiner Thesen hat sich nochmals intensiviert, seit ihn der franz\u00f6sische Pr\u00e4sident Macron diesen M\u00e4rz gemeinsam mit B\u00e9n\u00e9dicte Savoy beauftragte, die R\u00fcckgabe franz\u00f6sischer Raubkunst nach Afrika vorzubereiten. In seinem Manifest fordert Sarr eine wirkliche Entkolonialisierung und ein Neudenken von Wirtschaft, Politik und Zusammenleben, abseits des westlichen, kolonial durchgesetzten Entwicklungsmodells und der imperialen Wachstumsphilosophie. Sarr spricht sich f\u00fcr die selbstbestimmte R\u00fcckbesinnung afrikanischer Gesellschaften auf verdr\u00e4ngte Ressourcen aus, die zusammen mit utopischen und futuristischen Visionen zu einer afrikanischen Kulturrevolution f\u00fchren. Diese wird Vorreiterin f\u00fcr den ganzen Planeten im radikalen Umdenken von Gesellschaft, Umwelt und \u00d6konomie sein.<\/p>\n<p><strong>Felwine Sarr<\/strong> lehrt als Professor f\u00fcr Wirtschaftswissenschaften an der Gaston Berger Universitat in Saint-Louis, Senegal. Gemeinsam mit Achille Mbembe gr\u00fcndete er in Senegal das Denker*innen-Forum Les Ateliers de la Pens\u00e9e. 2016 wurde er mit dem Grand Prix des Associations Litt\u00e9raires ausgezeichnet.<\/p>\n<h1><strong>Panel: <\/strong>(auf Englisch)<\/h1>\n<p><strong>M\u00f6glichkeiten und Grenzen aktueller Protestbewegungen in Westafrika<\/strong><br \/>\nmit&nbsp;Felwine Sarr (Philosoph); Rama Thiaw (Filmemacherin), Thiat (Rapper der Gruppe Keur Gui, Aktivist), Moderation: Nina-Kathrin Wienkoop<\/p>\n<h1><strong>Pr\u00e4sentation: \u00bbJournal Rapp\u00e9\u00ab<\/strong>&nbsp;(Senegal)<\/h1>\n<p><a href=\"http:\/\/www.augen-blicke-afrika.de\/blog\/wp-content\/uploads\/2018\/10\/Journal-Rappe\u0301.jpg\"><img loading=\"lazy\" decoding=\"async\" class=\"size-full wp-image-4123 alignleft\" src=\"http:\/\/www.augen-blicke-afrika.de\/blog\/wp-content\/uploads\/2018\/10\/Journal-Rappe\u0301.jpg\" alt=\"Journal-Rappe\u0301\" width=\"227\" height=\"150\"><\/a>\u201eJOURNAL RAPP\u00c9\u201c ist ein Projekt der senegalesischen Rapper Xuman und Keyti. Sie \u00admachen mit schnell gerappten Wortsalven tagesaktuelle News aus<br \/>\nPolitik, Religion und Sport in satirischer Form kompatibel f\u00fcr ein breites Publikum.<\/p>\n<h2><\/h2>\n<p><strong>Ort: Kampnagel<\/strong>, Jarrestra\u00dfe 20, 22303 Hamburg<br \/>\n<span id=\"articleText\">Kartentelefon: Mo. bis Sa. 10:00-19:00 Uhr<br \/>\nTel: <\/span><span id=\"articleText\">040 270 949 49 &#8211; <a href=\"mailto:tickets@kampnagel.de\">tickets@kampnagel.de<\/a><br \/>\nEintritt: 8,00\/5,00 Euro<\/span><\/p>\n<hr>\n<h2>Donnerstag 25. Oktober 2018 &#8211; 19:30<\/h2>\n<h1><strong>Rapkonzert mit der angesagtesten senegalesischen Rapgruppe Keur Gui und dem Rapper Matador.<br \/>\nDer Auftritt wird begleitet von Rappern und Breakt\u00e4nzern der HipHop Academy Hamburg.<br \/>\n<\/strong><\/h1>\n<p><a href=\"http:\/\/www.augen-blicke-afrika.de\/blog\/wp-content\/uploads\/2018\/10\/image5.jpeg\"><img loading=\"lazy\" decoding=\"async\" class=\"alignnone wp-image-4466\" src=\"http:\/\/www.augen-blicke-afrika.de\/blog\/wp-content\/uploads\/2018\/10\/image5-300x204.jpeg\" alt=\"image5\" width=\"342\" height=\"236\">&nbsp;&nbsp;&nbsp; <img loading=\"lazy\" decoding=\"async\" class=\"alignnone\" src=\"http:\/\/www.augen-blicke-afrika.de\/blog\/wp-content\/uploads\/2018\/10\/Matador-682x1024-1-682x1024.jpg\" alt=\"\" width=\"154\" height=\"226\"><\/a><br \/>\n<strong>Keur Gui<\/strong> gelten als eine der sichtbarsten und engagiertesten Hip Hop Gruppen auf dem afrikanischen Kontinent. 2011\/2012 waren sie ma\u00dfgeblich an der Protestbewegung im Senegal beteiligt, was zur Abwahl des ungeliebten Pr\u00e4sidenten Abdoulaye Wade f\u00fchrte.<\/p>\n<p><strong>Matador<\/strong> z\u00e4hlt seit \u00fcber 20 Jahren zu den bekanntesten Rappern Senegals. Die Jugend von Dakar h\u00f6rt auf ihn. Er will die Migration nach Europa stoppen. Mit seinen Texten versucht Matador die senegalesische Jugend von einem Verbleib in Afrika zu \u00fcberzeugen.<\/p>\n<p>Deshalb steckt er jeden Cent in ein Community-Projekt im Vorort von Dakar \u2013 Thiaroye \u2013 seiner eigenen Heimat. Jugendliche lernen hier die Grundlagen der Musikproduktion und des Grafikdesigns. Dutzenden hat er so bereits eine Lebensgrundlage verschafft.<\/p>\n<p><strong>Die HipHop Academy Hamburg<\/strong> bietet ein <a href=\"http:\/\/www.hiphopacademy-hamburg.de\/academy\/trainings\/\">Trainingsprogramm<\/a> in allen wichtigen Disziplinen der HipHop Kultur.<\/p>\n<p><strong>Ort: Kampnagel<\/strong>, Jarrestra\u00dfe 20, 22303 Hamburg<br \/>\n<span id=\"articleText\">Kartentelefon: Mo. bis Sa. 10:00-19:00 Uhr<br \/>\nTel: <\/span><span id=\"articleText\">040 270 949 49 &#8211; <a href=\"mailto:tickets@kampnagel.de\">tickets@kampnagel.de<\/a><\/span><\/p>\n<p><a href=\"https:\/\/shop.jetticket.net\/Kampnagel\/SelectSeats.aspx?msg=0&amp;ret=0&amp;eventid=4537&amp;e=4537\" target=\"_blank\" rel=\"noopener\">\u2b9e Tickets<\/a><\/p>\n","protected":false},"excerpt":{"rendered":"<p>Afrikanisches Kultur- und Filmfestival vom 15.9. bis 11.11.201 Das Filmfestival startet am 01.11.2018 &nbsp; AUGEN BLICKE AFRIKA e.V. pr\u00e4sentiert Veranstaltungsreihe: PROTESTBEWEGUNGEN IN DEN KUNST- UND KULTURSZENEN WESTAFRIKANISCHER METROPOLEN &nbsp; Dienstag 23. Oktober 2018 &#8211; 19:30 Dokumentarfilm: The Revolution Won\u2018t Be &hellip; <a href=\"http:\/\/www.augen-blicke-afrika.de\/blog\/aktuell-kampnagel\/\">Weiterlesen <span class=\"meta-nav\">&rarr;<\/span><\/a><\/p>\n","protected":false},"author":3,"featured_media":5126,"parent":0,"menu_order":0,"comment_status":"closed","ping_status":"closed","template":"afrika2018.php","meta":{"footnotes":""},"class_list":["post-4422","page","type-page","status-publish","has-post-thumbnail","hentry"],"_links":{"self":[{"href":"http:\/\/www.augen-blicke-afrika.de\/blog\/wp-json\/wp\/v2\/pages\/4422","targetHints":{"allow":["GET"]}}],"collection":[{"href":"http:\/\/www.augen-blicke-afrika.de\/blog\/wp-json\/wp\/v2\/pages"}],"about":[{"href":"http:\/\/www.augen-blicke-afrika.de\/blog\/wp-json\/wp\/v2\/types\/page"}],"author":[{"embeddable":true,"href":"http:\/\/www.augen-blicke-afrika.de\/blog\/wp-json\/wp\/v2\/users\/3"}],"replies":[{"embeddable":true,"href":"http:\/\/www.augen-blicke-afrika.de\/blog\/wp-json\/wp\/v2\/comments?post=4422"}],"version-history":[{"count":59,"href":"http:\/\/www.augen-blicke-afrika.de\/blog\/wp-json\/wp\/v2\/pages\/4422\/revisions"}],"predecessor-version":[{"id":6966,"href":"http:\/\/www.augen-blicke-afrika.de\/blog\/wp-json\/wp\/v2\/pages\/4422\/revisions\/6966"}],"wp:featuredmedia":[{"embeddable":true,"href":"http:\/\/www.augen-blicke-afrika.de\/blog\/wp-json\/wp\/v2\/media\/5126"}],"wp:attachment":[{"href":"http:\/\/www.augen-blicke-afrika.de\/blog\/wp-json\/wp\/v2\/media?parent=4422"}],"curies":[{"name":"wp","href":"https:\/\/api.w.org\/{rel}","templated":true}]}}