{"id":4350,"date":"2018-10-15T15:06:19","date_gmt":"2018-10-15T13:06:19","guid":{"rendered":"http:\/\/www.augen-blicke-afrika.de\/blog\/?page_id=4350"},"modified":"2022-09-19T20:38:53","modified_gmt":"2022-09-19T18:38:53","slug":"verein1","status":"publish","type":"page","link":"http:\/\/www.augen-blicke-afrika.de\/blog\/verein1\/","title":{"rendered":"Verein1"},"content":{"rendered":"<p>Der Verein <strong>AUGEN BLICKE AFRIKA e.V. <\/strong>hat mehrj\u00e4hrige Erfahrungen in der Durchf\u00fchrung gr\u00f6\u00dferer kultureller Veranstaltungen. Schwerpunktm\u00e4\u00dfig haben wir bereits sechs Mal ein 10-t\u00e4giges afrikanisches Filmfestival mit neuen Produktionen vom gr\u00f6\u00dften afrikanischen Filmfestival FESPACO aus Ouagadougou durchgef\u00fchrt, begleitet von Musik- und Tanzveranstaltungen, Symposien, Schulvorf\u00fchrungen unter Einbeziehung der Universit\u00e4t Hamburg und der Leuphana Universit\u00e4t L\u00fcneburg.<br \/>\nSchwerpunkt waren oft Filme, die die Aufbruchstimmung insbesondere der Kunst- und Filmszene in vielen afrikanischen L\u00e4ndern thematisieren und dokumentieren. Im Verlauf unserer Vorbereitungen hatten wir Kontakt zu vielen K\u00fcnstlern und Aktivisten vor allem im Senegal, Burkina Faso, Ghana und dem Kongo. Die Gespr\u00e4che \u00fcber die konkreten politischen Situationen best\u00e4rkten uns, einige der aktivsten K\u00fcnstler zu einem Festival nach Hamburg einzuladen und zusammen mit einheimischen K\u00fcnstlern neue Perspektiven zu entwickeln, um deren Arbeit einem deutschen Publikum bekannt zu machen.<\/p>\n","protected":false},"excerpt":{"rendered":"<p>Der Verein AUGEN BLICKE AFRIKA e.V. hat mehrj\u00e4hrige Erfahrungen in der Durchf\u00fchrung gr\u00f6\u00dferer kultureller Veranstaltungen. Schwerpunktm\u00e4\u00dfig haben wir bereits sechs Mal ein 10-t\u00e4giges afrikanisches Filmfestival mit neuen Produktionen vom gr\u00f6\u00dften afrikanischen Filmfestival FESPACO aus Ouagadougou durchgef\u00fchrt, begleitet von Musik- und &hellip; <a href=\"http:\/\/www.augen-blicke-afrika.de\/blog\/verein1\/\">Weiterlesen <span class=\"meta-nav\">&rarr;<\/span><\/a><\/p>\n","protected":false},"author":3,"featured_media":3686,"parent":0,"menu_order":0,"comment_status":"closed","ping_status":"closed","template":"afrika2017.php","meta":{"footnotes":""},"class_list":["post-4350","page","type-page","status-publish","has-post-thumbnail","hentry"],"_links":{"self":[{"href":"http:\/\/www.augen-blicke-afrika.de\/blog\/wp-json\/wp\/v2\/pages\/4350","targetHints":{"allow":["GET"]}}],"collection":[{"href":"http:\/\/www.augen-blicke-afrika.de\/blog\/wp-json\/wp\/v2\/pages"}],"about":[{"href":"http:\/\/www.augen-blicke-afrika.de\/blog\/wp-json\/wp\/v2\/types\/page"}],"author":[{"embeddable":true,"href":"http:\/\/www.augen-blicke-afrika.de\/blog\/wp-json\/wp\/v2\/users\/3"}],"replies":[{"embeddable":true,"href":"http:\/\/www.augen-blicke-afrika.de\/blog\/wp-json\/wp\/v2\/comments?post=4350"}],"version-history":[{"count":2,"href":"http:\/\/www.augen-blicke-afrika.de\/blog\/wp-json\/wp\/v2\/pages\/4350\/revisions"}],"predecessor-version":[{"id":4353,"href":"http:\/\/www.augen-blicke-afrika.de\/blog\/wp-json\/wp\/v2\/pages\/4350\/revisions\/4353"}],"wp:featuredmedia":[{"embeddable":true,"href":"http:\/\/www.augen-blicke-afrika.de\/blog\/wp-json\/wp\/v2\/media\/3686"}],"wp:attachment":[{"href":"http:\/\/www.augen-blicke-afrika.de\/blog\/wp-json\/wp\/v2\/media?parent=4350"}],"curies":[{"name":"wp","href":"https:\/\/api.w.org\/{rel}","templated":true}]}}