{"id":4267,"date":"2018-10-12T15:28:42","date_gmt":"2018-10-12T13:28:42","guid":{"rendered":"http:\/\/www.augen-blicke-afrika.de\/blog\/?page_id=4267"},"modified":"2025-11-04T11:50:52","modified_gmt":"2025-11-04T10:50:52","slug":"aktuell","status":"publish","type":"page","link":"http:\/\/www.augen-blicke-afrika.de\/blog\/aktuell\/","title":{"rendered":"Aktuell &#8211; 2018"},"content":{"rendered":"<p>Afrikanisches Kultur- und Filmfestival vom 15.9. bis 11.11.2018<br \/>\n<strong><a href=\"http:\/\/www.augen-blicke-afrika.de\/blog\/programm-2018\/\">&#8211; Das Filmfestival startet am 01.11.2018 &#8211;<\/a><\/strong><\/p>\n<div class=\"columns-1\">\n<div class=\"contents\">\n<h1><strong>Dreit\u00e4gige Veranstaltung auf Kampnagel<\/strong><\/h1>\n<p>&nbsp;<\/p>\n<div class=\"contents\">\n<h2>Dienstag 23. Oktober 2018 &#8211; 19:30<\/h2>\n<p>im Alabama Kino, Jarrestra\u00dfe 20 (bei Kampnagel), 22303 Hamburg<br \/>\n<span id=\"articleText\">Telefon: 040 288 030 70. Kassen\u00f6ffnungszeiten: 30 Minuten vor Beginn der ersten Vorstellung.<\/span><\/p>\n<h2><\/h2>\n<h2>Dokumentarfilm:<\/h2>\n<h1><strong>The Revolution Won\u2018t Be Televised<\/strong><\/h1>\n<h3>Rama Thiaw, Senegal 2015, OF m. engl. UT<\/h3>\n<p><a href=\"http:\/\/www.augen-blicke-afrika.de\/blog\/wp-content\/uploads\/2018\/10\/The-Revolution-Wont-Be-Televised-1.jpg\"><img loading=\"lazy\" decoding=\"async\" class=\"size-full wp-image-4132 alignleft\" src=\"http:\/\/www.augen-blicke-afrika.de\/blog\/wp-content\/uploads\/2018\/10\/The-Revolution-Wont-Be-Televised-1.jpg\" alt=\"The-Revolution-Wont-Be-Televised\" width=\"177\" height=\"168\"><\/a>Der Film von Rama Thiaw liefert eine \u00fcber mehrere Jahre entstandene \u201eInnensicht\u201c der senegalesischen Protestbewegung \u201eY\u2019en a marre\u201c an der Schnittstelle zwischen Hip-Hop-Kultur und Politik. Ihr Film wurde auf der Berlinale 2016 mehrmals ausgezeichnet. Ein politischer Film \u00fcber ein anderes, junges Afrika, das nicht Opfer ist, sondern Akteur.<br \/>\nDiskussion mit der Filmemacherin und den Rappern Thiat und Kilifeu \u00fcber die Demokratiebewegungen im Senegal &#8211; was hat sich ver\u00e4ndert?<\/p>\n<h2><\/h2>\n<h2><\/h2>\n<hr>\n<h2>Mittwoch 24. Oktober 2018 &#8211; 19:30<\/h2>\n<p>iin der Kampnagelfabrik, Jarrestra\u00dfe 20, 22303 Hamburg<\/p>\n<h1><strong>Keynotes, Paneldiskussion, Rap-Theater<\/strong><\/h1>\n<p><a href=\"http:\/\/www.augen-blicke-afrika.de\/blog\/wp-content\/uploads\/2018\/10\/Felwine-Sarr-1.jpg\"><img loading=\"lazy\" decoding=\"async\" class=\" wp-image-4121 alignright\" src=\"http:\/\/www.augen-blicke-afrika.de\/blog\/wp-content\/uploads\/2018\/10\/Felwine-Sarr-1-300x300.jpg\" alt=\"Felwine Sarr, 2017\" width=\"193\" height=\"193\" srcset=\"http:\/\/www.augen-blicke-afrika.de\/blog\/wp-content\/uploads\/2018\/10\/Felwine-Sarr-1-300x300.jpg 300w, http:\/\/www.augen-blicke-afrika.de\/blog\/wp-content\/uploads\/2018\/10\/Felwine-Sarr-1-150x150.jpg 150w, http:\/\/www.augen-blicke-afrika.de\/blog\/wp-content\/uploads\/2018\/10\/Felwine-Sarr-1-144x144.jpg 144w, http:\/\/www.augen-blicke-afrika.de\/blog\/wp-content\/uploads\/2018\/10\/Felwine-Sarr-1.jpg 640w\" sizes=\"auto, (max-width: 193px) 100vw, 193px\" \/><\/a>Prof. Felwine Sarr, Wirtschaftswissenschaftler, Schriftsteller, Philosoph, stellt sein Aufsehen \u00aderregendes Buch \u201eAfrotopia\u201c vor. Er fragt in dem Buch, was passiert, wenn Afrika sich endlich\u00ad \u00admental und wirtschaftlich dekolonisierte und den Mensch in den Mittelpunkt stellt, statt sich den\u00ad \u00ad\u00f6konomischen Sachzw\u00e4ngen neoliberaler Wirtschaftsmodelle zu unterwerfen?<\/p>\n<p>Aktivist*innen, K\u00fcnstler*innen und Intellektuelle diskutieren anschlie\u00dfend \u00fcber \u00adM\u00f6glichkeiten und \u00adGrenzen aktueller Demokratiebewegungen in ihren L\u00e4ndern.<br \/>\nMit dabei: Felwine Sarr; Rama Thiaw (Filmemacherin), Thiat (Rapper und \u00adAktivist der Bewegung Y&#8217;en a mare im Senegal)<\/p>\n<p><a href=\"http:\/\/www.augen-blicke-afrika.de\/blog\/wp-content\/uploads\/2018\/10\/Journal-Rappe\u0301.jpg\"><img loading=\"lazy\" decoding=\"async\" class=\"size-full wp-image-4123 alignleft\" src=\"http:\/\/www.augen-blicke-afrika.de\/blog\/wp-content\/uploads\/2018\/10\/Journal-Rappe\u0301.jpg\" alt=\"Journal-Rappe\u0301\" width=\"227\" height=\"150\"><\/a>\u201eJOURNAL RAPP\u00c9\u201c ist ein Projekt der senegalesischen Rapper Xuman und Keyti. Sie \u00admachen mit schnell gerappten Wortsalven tagesaktuelle News aus<br \/>\nPolitik, Religion und Sport in satirischer Form kompatibel f\u00fcr ein breites<br \/>\nPublikum.<\/p>\n<\/div>\n<\/div>\n<div class=\"columns-1\">\n<div class=\"contents\">\n<h2><\/h2>\n<h2><\/h2>\n<hr>\n<h2>Donnerstag 25. Oktober 2018 &#8211; 19:30<\/h2>\n<p>iin der Kampnagelfabrik, Jarrestra\u00dfe 20, 22303 Hamburg<\/p>\n<h1><strong>Rapkonzert mit der angesagtesten senegalesischen Rapgruppe Keur Gui und dem Rapper Matador<\/strong><\/h1>\n<p>&nbsp;<\/p>\n<\/div>\n<div class=\"contents\"><\/div>\n<div class=\"contents\"><img loading=\"lazy\" decoding=\"async\" class=\"alignright\" src=\"http:\/\/www.augen-blicke-afrika.de\/blog\/wp-content\/uploads\/2018\/10\/Kuer-Gui-1.jpg\" alt=\"\" width=\"424\" height=\"285\"><\/div>\n<\/div>\n<div class=\"contents\">Der Auftritt wird begleitet von Rappern und Breakt\u00e4nzern der HipHop Academy Hamburg. Keur Gui gelten als eine der sichtbarsten und engagiertesten Hip Hop Gruppen auf dem afrikanischen Kontinent. 2011\/2012 waren sie ma\u00dfgeblich an der Protestbewegung im Senegal beteiligt, was zur Abwahl des ungeliebten Pr\u00e4sidenten Abdoulaye Wade f\u00fchrte.<\/div>\n<\/div>\n<div class=\"columns-1\">\n<div class=\"contents\">\n<p><img loading=\"lazy\" decoding=\"async\" class=\"alignleft\" src=\"http:\/\/www.augen-blicke-afrika.de\/blog\/wp-content\/uploads\/2018\/10\/Matador-682x1024-1-682x1024.jpg\" alt=\"\" width=\"240\" height=\"358\">Matador z\u00e4hlt seit \u00fcber 20 Jahren zu den bekanntesten Rappern Senegals. Die Jugend von Dakar h\u00f6rt auf ihn. Er will die Migration nach Europa stoppen. Mit seinen Texten versucht Matador die senegalesische Jugend von einem Verbleib in Afrika zu \u00fcberzeugen.<\/p>\n<p>Deshalb steckt er jeden Cent in ein Community-Projekt im Vorort von Dakar \u2013 Thiaroye \u2013 seiner eigenen Heimat. Jugendliche lernen hier die Grundlagen der Musikproduktion und des Grafikdesigns. Dutzenden hat er so bereits eine Lebensgrundlage verschafft.<\/p>\n<div class=\"contents\"><\/div>\n<div class=\"columns-1\">\n<div class=\"contents\"><a href=\"https:\/\/shop.jetticket.net\/Kampnagel\/SelectSeats.aspx?msg=0&amp;ret=0&amp;eventid=4537&amp;e=4537\" target=\"_blank\" rel=\"noopener noreferrer\">\u2b9e Tickets<\/a><\/div>\n<\/div>\n<\/div>\n<\/div>\n","protected":false},"excerpt":{"rendered":"<p>Afrikanisches Kultur- und Filmfestival vom 15.9. bis 11.11.2018 &#8211; Das Filmfestival startet am 01.11.2018 &#8211; Dreit\u00e4gige Veranstaltung auf Kampnagel &nbsp; Dienstag 23. Oktober 2018 &#8211; 19:30 im Alabama Kino, Jarrestra\u00dfe 20 (bei Kampnagel), 22303 Hamburg Telefon: 040 288 030 70. &hellip; <a href=\"http:\/\/www.augen-blicke-afrika.de\/blog\/aktuell\/\">Weiterlesen <span class=\"meta-nav\">&rarr;<\/span><\/a><\/p>\n","protected":false},"author":3,"featured_media":3686,"parent":0,"menu_order":0,"comment_status":"closed","ping_status":"closed","template":"afrika2018.php","meta":{"footnotes":""},"class_list":["post-4267","page","type-page","status-publish","has-post-thumbnail","hentry"],"_links":{"self":[{"href":"http:\/\/www.augen-blicke-afrika.de\/blog\/wp-json\/wp\/v2\/pages\/4267","targetHints":{"allow":["GET"]}}],"collection":[{"href":"http:\/\/www.augen-blicke-afrika.de\/blog\/wp-json\/wp\/v2\/pages"}],"about":[{"href":"http:\/\/www.augen-blicke-afrika.de\/blog\/wp-json\/wp\/v2\/types\/page"}],"author":[{"embeddable":true,"href":"http:\/\/www.augen-blicke-afrika.de\/blog\/wp-json\/wp\/v2\/users\/3"}],"replies":[{"embeddable":true,"href":"http:\/\/www.augen-blicke-afrika.de\/blog\/wp-json\/wp\/v2\/comments?post=4267"}],"version-history":[{"count":22,"href":"http:\/\/www.augen-blicke-afrika.de\/blog\/wp-json\/wp\/v2\/pages\/4267\/revisions"}],"predecessor-version":[{"id":6965,"href":"http:\/\/www.augen-blicke-afrika.de\/blog\/wp-json\/wp\/v2\/pages\/4267\/revisions\/6965"}],"wp:featuredmedia":[{"embeddable":true,"href":"http:\/\/www.augen-blicke-afrika.de\/blog\/wp-json\/wp\/v2\/media\/3686"}],"wp:attachment":[{"href":"http:\/\/www.augen-blicke-afrika.de\/blog\/wp-json\/wp\/v2\/media?parent=4267"}],"curies":[{"name":"wp","href":"https:\/\/api.w.org\/{rel}","templated":true}]}}