{"id":4166,"date":"2018-10-10T12:06:46","date_gmt":"2018-10-10T10:06:46","guid":{"rendered":"http:\/\/www.augen-blicke-afrika.de\/blog\/?page_id=4166"},"modified":"2022-09-19T20:19:27","modified_gmt":"2022-09-19T18:19:27","slug":"aktuell","status":"publish","type":"page","link":"http:\/\/www.augen-blicke-afrika.de\/blog\/festival-2018\/aktuell\/","title":{"rendered":"Aktuell 1"},"content":{"rendered":"<div class=\"contents\">\n<div class=\"header larger\" style=\"color: #a9313f;\">\n<div class=\"contents\">\n<div class=\"header short\">\n<h3>Samstag, 06.10.2018, Einlass 20:00<br \/>\nAfrikanische Nacht in der Fabrique des G\u00e4ngeviertels:<br \/>\nCongotronics, Afrobeat, Rumba, Reggae und HipHop.<\/h3>\n<p>Ort: Fabrique, Valentinskamp 34a, Zugang u\u0308ber Speckstrasse<br \/>\nSolibeitrag: 5 bis 8 Euro<\/p>\n<p><strong>21.00 Kinshasa Nights special<\/strong><\/p>\n<p>Musikclips aus dem Kongo:<br \/>\nCongotronics: &#8220;Buzz&#8217;N&#8217;Rumble from the urban jungle&#8221; + Tradi-\u00ad\u2010modern sounds + Papa Wemba<br \/>\nDanach an den Turntables: Mrs. Afronaut<\/p>\n<\/div>\n<div class=\"header short\">\n<p><img loading=\"lazy\" decoding=\"async\" class=\"alignnone size-medium wp-image-532\" src=\"https:\/\/phinau.de\/aba\/wp-content\/uploads\/2018\/10\/konono.jpg\" alt=\"\" width=\"257\" height=\"196\"> <img loading=\"lazy\" decoding=\"async\" class=\"alignnone size-medium wp-image-531\" src=\"https:\/\/phinau.de\/aba\/wp-content\/uploads\/2018\/10\/kibo-300x168.jpg\" alt=\"\" width=\"300\" height=\"168\"><\/p>\n<p><strong>23:00 Live on Stage:<br \/>\n<\/strong><\/p>\n<p><img loading=\"lazy\" decoding=\"async\" class=\" wp-image-530 alignnone\" src=\"https:\/\/phinau.de\/aba\/wp-content\/uploads\/2018\/10\/richthofen-bouba-300x100.jpg\" alt=\"\" width=\"598\" height=\"200\"><\/p>\n<p>Der trommelnde und singende <strong>Christian von Richthofen<\/strong>, bekannt durch seine Bu\u0308hnenshow Auto Auto! als u\u0308berdimensionales Schlagzeug.<br \/>\nJetzt steht er mit \u00abLoopin\u2019X\u00bb bei den Dresdner Jazztagen seinen Mann.<br \/>\n<strong>Bouba Fall<\/strong> ist Djembe-\u00ad und Tanzmeister aus dem Senegal. Seit Juni 2014 lebt er in Hamburg und ist mit seinem Reichtum an Erfahrung sowohl bei Percussion wie im Tanz eine fantastische Bereicherung. Seinen besonderen Stil entwickelte er aus westafrikanischen Rhythmen in Kombination mit Gesang, Tanz und Geschichten.<\/p>\n<p><strong>Ab Mitternacht legen auf: The Mighty Howard &amp; DJ Falo<\/strong><\/p>\n<p><img loading=\"lazy\" decoding=\"async\" class=\"size-medium wp-image-529 alignnone\" src=\"https:\/\/phinau.de\/aba\/wp-content\/uploads\/2018\/10\/mighty-howard-226x300.jpg\" alt=\"\" width=\"226\" height=\"300\"><\/p>\n<p>The <strong>Migthy Howard<\/strong> pr\u00e4sentiert Afro-\u00adCaribbean Reggae mit Elementen aus Funk, Soul, Jazz und Hip-\u00ad\u2010Hop.<br \/>\nIn den USA geboren wohnt er jetzt in Hamburg und arbeitet als S\u00e4nger, Dj, MC, und Moderator, au\u00dferdem kollaboriert er mit diversen Soundsystemen.<br \/>\n<a href=\"http:\/\/www.facebook.com\/djmightyhoward\">www.facebook.com\/djmightyhoward<\/a><\/p>\n<p><img loading=\"lazy\" decoding=\"async\" class=\"size-medium wp-image-528 alignnone\" src=\"https:\/\/phinau.de\/aba\/wp-content\/uploads\/2018\/10\/DJ-Falo-201x300.jpg\" alt=\"\" width=\"201\" height=\"300\"><\/p>\n<p><strong>Mrs. Afronaut,<\/strong> DJane fu\u0308r elektronische afrikanische und orientalische Dance Music.<br \/>\nSie spielt diesen Stil seit 2 Jahren als Veranstalterin der 2monatig stattfindenden Partyreihe &#8220;URBAN BEAT FLO&#8221; in JupiBar und Fabrique\/ G\u00e4ngeviertel.<\/p>\n<p><strong>\u00dcberraschungsg\u00e4ste aus der Hamburger Szene sind nicht auszuschlie\u00dfen.<\/strong><\/p>\n<\/div>\n<\/div>\n<\/div>\n<\/div>\n","protected":false},"excerpt":{"rendered":"<p>Samstag, 06.10.2018, Einlass 20:00 Afrikanische Nacht in der Fabrique des G\u00e4ngeviertels: Congotronics, Afrobeat, Rumba, Reggae und HipHop. Ort: Fabrique, Valentinskamp 34a, Zugang u\u0308ber Speckstrasse Solibeitrag: 5 bis 8 Euro 21.00 Kinshasa Nights special Musikclips aus dem Kongo: Congotronics: &#8220;Buzz&#8217;N&#8217;Rumble from &hellip; <a href=\"http:\/\/www.augen-blicke-afrika.de\/blog\/festival-2018\/aktuell\/\">Weiterlesen <span class=\"meta-nav\">&rarr;<\/span><\/a><\/p>\n","protected":false},"author":3,"featured_media":3686,"parent":4080,"menu_order":0,"comment_status":"closed","ping_status":"closed","template":"","meta":{"footnotes":""},"class_list":["post-4166","page","type-page","status-publish","has-post-thumbnail","hentry"],"_links":{"self":[{"href":"http:\/\/www.augen-blicke-afrika.de\/blog\/wp-json\/wp\/v2\/pages\/4166","targetHints":{"allow":["GET"]}}],"collection":[{"href":"http:\/\/www.augen-blicke-afrika.de\/blog\/wp-json\/wp\/v2\/pages"}],"about":[{"href":"http:\/\/www.augen-blicke-afrika.de\/blog\/wp-json\/wp\/v2\/types\/page"}],"author":[{"embeddable":true,"href":"http:\/\/www.augen-blicke-afrika.de\/blog\/wp-json\/wp\/v2\/users\/3"}],"replies":[{"embeddable":true,"href":"http:\/\/www.augen-blicke-afrika.de\/blog\/wp-json\/wp\/v2\/comments?post=4166"}],"version-history":[{"count":3,"href":"http:\/\/www.augen-blicke-afrika.de\/blog\/wp-json\/wp\/v2\/pages\/4166\/revisions"}],"predecessor-version":[{"id":6968,"href":"http:\/\/www.augen-blicke-afrika.de\/blog\/wp-json\/wp\/v2\/pages\/4166\/revisions\/6968"}],"up":[{"embeddable":true,"href":"http:\/\/www.augen-blicke-afrika.de\/blog\/wp-json\/wp\/v2\/pages\/4080"}],"wp:featuredmedia":[{"embeddable":true,"href":"http:\/\/www.augen-blicke-afrika.de\/blog\/wp-json\/wp\/v2\/media\/3686"}],"wp:attachment":[{"href":"http:\/\/www.augen-blicke-afrika.de\/blog\/wp-json\/wp\/v2\/media?parent=4166"}],"curies":[{"name":"wp","href":"https:\/\/api.w.org\/{rel}","templated":true}]}}