{"id":4146,"date":"2018-10-09T17:02:25","date_gmt":"2018-10-09T15:02:25","guid":{"rendered":"http:\/\/www.augen-blicke-afrika.de\/blog\/?page_id=4146"},"modified":"2022-09-19T20:22:24","modified_gmt":"2022-09-19T18:22:24","slug":"orte","status":"publish","type":"page","link":"http:\/\/www.augen-blicke-afrika.de\/blog\/festival-2018\/orte\/","title":{"rendered":"Orte"},"content":{"rendered":"<div class=\"columns-1\">\n<div class=\"contents\">\n<strong>Internationale Kulturfabrik Kampnagel GmbH<\/strong><br \/>\nJarrestra\u00dfe 20, 22303 Hamburg<br \/>\nTel: +49 (0)40 270 949 0<\/p>\n<p><strong>G\u00e4ngeviertel Hamburg<\/strong><br \/>\nValentinskamp 28a, 20355 Hamburg<br \/>\nE-Mail: <a href=\"mailto:verein@das-gaengeviertel.info\">verein@das-gaengeviertel.info<\/a><br \/>\n<em>Das G\u00e4ngeviertel wurde von der UNESCO zum Ort kultureller Vielfalt gek\u00fcrt.<\/em><\/p>\n<p><strong>Studio-Kino Hamburg<\/strong><br \/>\nBernstorffstr. 93-95, 22767 Hamburg<br \/>\nTel: +49 (0)40 55 77 53 47<br \/>\n<a href=\"mailto:info@studio-kino.de\">info@studio-kino.de<\/a><\/p>\n<\/div>\n<\/div>\n","protected":false},"excerpt":{"rendered":"<p>Internationale Kulturfabrik Kampnagel GmbH Jarrestra\u00dfe 20, 22303 Hamburg Tel: +49 (0)40 270 949 0 G\u00e4ngeviertel Hamburg Valentinskamp 28a, 20355 Hamburg E-Mail: verein@das-gaengeviertel.info Das G\u00e4ngeviertel wurde von der UNESCO zum Ort kultureller Vielfalt gek\u00fcrt. Studio-Kino Hamburg Bernstorffstr. 93-95, 22767 Hamburg Tel: &hellip; <a href=\"http:\/\/www.augen-blicke-afrika.de\/blog\/festival-2018\/orte\/\">Weiterlesen <span class=\"meta-nav\">&rarr;<\/span><\/a><\/p>\n","protected":false},"author":3,"featured_media":3686,"parent":4080,"menu_order":0,"comment_status":"closed","ping_status":"closed","template":"","meta":{"footnotes":""},"class_list":["post-4146","page","type-page","status-publish","has-post-thumbnail","hentry"],"_links":{"self":[{"href":"http:\/\/www.augen-blicke-afrika.de\/blog\/wp-json\/wp\/v2\/pages\/4146","targetHints":{"allow":["GET"]}}],"collection":[{"href":"http:\/\/www.augen-blicke-afrika.de\/blog\/wp-json\/wp\/v2\/pages"}],"about":[{"href":"http:\/\/www.augen-blicke-afrika.de\/blog\/wp-json\/wp\/v2\/types\/page"}],"author":[{"embeddable":true,"href":"http:\/\/www.augen-blicke-afrika.de\/blog\/wp-json\/wp\/v2\/users\/3"}],"replies":[{"embeddable":true,"href":"http:\/\/www.augen-blicke-afrika.de\/blog\/wp-json\/wp\/v2\/comments?post=4146"}],"version-history":[{"count":1,"href":"http:\/\/www.augen-blicke-afrika.de\/blog\/wp-json\/wp\/v2\/pages\/4146\/revisions"}],"predecessor-version":[{"id":4147,"href":"http:\/\/www.augen-blicke-afrika.de\/blog\/wp-json\/wp\/v2\/pages\/4146\/revisions\/4147"}],"up":[{"embeddable":true,"href":"http:\/\/www.augen-blicke-afrika.de\/blog\/wp-json\/wp\/v2\/pages\/4080"}],"wp:featuredmedia":[{"embeddable":true,"href":"http:\/\/www.augen-blicke-afrika.de\/blog\/wp-json\/wp\/v2\/media\/3686"}],"wp:attachment":[{"href":"http:\/\/www.augen-blicke-afrika.de\/blog\/wp-json\/wp\/v2\/media?parent=4146"}],"curies":[{"name":"wp","href":"https:\/\/api.w.org\/{rel}","templated":true}]}}