{"id":3971,"date":"2018-10-05T15:40:02","date_gmt":"2018-10-05T13:40:02","guid":{"rendered":"http:\/\/www.augen-blicke-afrika.de\/blog\/?page_id=3971"},"modified":"2025-10-31T18:41:44","modified_gmt":"2025-10-31T17:41:44","slug":"ali-the-goat-and-ibrahim","status":"publish","type":"page","link":"http:\/\/www.augen-blicke-afrika.de\/blog\/filme-2018\/ali-the-goat-and-ibrahim\/","title":{"rendered":"ALI, THE GOAT AND IBRAHIM"},"content":{"rendered":"<table style=\"height: 356px;\" width=\"100%\">\n<thead>\n<tr>\n<td>\n<p class=\"hide-if-no-js\"><a href=\"http:\/\/www.augen-blicke-afrika.de\/blog\/wp-content\/uploads\/2018\/10\/Ali-the-Goat-and-Ibrahim-2a.jpg\"><img loading=\"lazy\" decoding=\"async\" class=\"alignnone wp-image-3973 size-full\" src=\"http:\/\/www.augen-blicke-afrika.de\/blog\/wp-content\/uploads\/2018\/10\/Ali-the-Goat-and-Ibrahim-2a.jpg\" width=\"2053\" height=\"850\" srcset=\"http:\/\/www.augen-blicke-afrika.de\/blog\/wp-content\/uploads\/2018\/10\/Ali-the-Goat-and-Ibrahim-2a.jpg 2053w, http:\/\/www.augen-blicke-afrika.de\/blog\/wp-content\/uploads\/2018\/10\/Ali-the-Goat-and-Ibrahim-2a-300x124.jpg 300w, http:\/\/www.augen-blicke-afrika.de\/blog\/wp-content\/uploads\/2018\/10\/Ali-the-Goat-and-Ibrahim-2a-768x318.jpg 768w, http:\/\/www.augen-blicke-afrika.de\/blog\/wp-content\/uploads\/2018\/10\/Ali-the-Goat-and-Ibrahim-2a-1024x424.jpg 1024w, http:\/\/www.augen-blicke-afrika.de\/blog\/wp-content\/uploads\/2018\/10\/Ali-the-Goat-and-Ibrahim-2a-500x207.jpg 500w\" sizes=\"auto, (max-width: 2053px) 100vw, 2053px\" \/><\/a><\/p>\n<h1>ALI, THE GOAT AND IBRAHIM<\/h1>\n<h3>\u00c4gypten 2016, R.: Sherif El Bendari, 90 Min., arab. OF, engl. UT<\/h3>\n<\/td>\n<\/tr>\n<\/thead>\n<tbody>\n<tr>\n<td>Ali liebt \u201eNada\u201c \u00fcber alles, keiner kann das verstehen, denn \u201eNada\u201c ist eine kleine Ziege. Bei ihm stimmt was nicht, sagen die Leute, auch seine Mutter ist verzweifelt und schleppt ihren Sohn zu einem Heiler. Dort trifft er den Aufnahmeleiter Ibrahim, der st\u00e4ndig von schrillen T\u00f6nen verfolgt wird. F\u00fcr den Schamanen ist die Sache klar: Auf beiden jungen M\u00e4nnern liegt ein Fluch, der nur mit magischen Mitteln zu bek\u00e4mpfen ist. Drei Steine m\u00fcssen ins Mittelmeer und ins Rote Meer sowie in den Nil geworfen werden. Ali und Ibrahim machen sich also auf mit der Ziege im Schlepp zu einem turbulenten und skurrilen Trip quer durch \u00c4gypten.<br \/>\nKom\u00f6diantisch verpackt greift der Film subtil die politische Situation im heutigen \u00c4gypten auf.<\/td>\n<\/tr>\n<tr>\n<td style=\"border-bottom: none;\"><strong><a href=\"http:\/\/www.augen-blicke-afrika.de\/blog\/wp-content\/uploads\/2018\/10\/Alithe-Goat-and-ibrahim-1a.jpg\"><img loading=\"lazy\" decoding=\"async\" class=\"wp-image-3972 size-medium alignleft\" src=\"http:\/\/www.augen-blicke-afrika.de\/blog\/wp-content\/uploads\/2018\/10\/Alithe-Goat-and-ibrahim-1a-209x300.jpg\" width=\"209\" height=\"300\" srcset=\"http:\/\/www.augen-blicke-afrika.de\/blog\/wp-content\/uploads\/2018\/10\/Alithe-Goat-and-ibrahim-1a-209x300.jpg 209w, http:\/\/www.augen-blicke-afrika.de\/blog\/wp-content\/uploads\/2018\/10\/Alithe-Goat-and-ibrahim-1a.jpg 535w\" sizes=\"auto, (max-width: 209px) 100vw, 209px\" \/><\/a><\/strong><\/p>\n<p><strong>Sherif El Bendary<\/strong> lebt und arbeitet in Kairo. Nach \u00adseinem Studienabschluss am \u201eHigh Institute of Cinema\u201c in Kairo 2007 realisierte er zun\u00e4chst Kurzfilme, die \u00advielfach ausgezeichnet wurden. \u201eAli, the Goat and \u00adIbrahim\u201c ist sein Langfilmdeb\u00fct.<\/p>\n<p>&nbsp;<\/td>\n<\/tr>\n<\/tbody>\n<\/table>\n<p><iframe loading=\"lazy\" src=\"https:\/\/www.youtube.com\/embed\/ZRYcFwuVXuM\" allowfullscreen=\"allowfullscreen\" width=\"560\" height=\"315\" frameborder=\"0\"><\/iframe><\/p>\n","protected":false},"excerpt":{"rendered":"<p>ALI, THE GOAT AND IBRAHIM \u00c4gypten 2016, R.: Sherif El Bendari, 90 Min., arab. OF, engl. UT Ali liebt \u201eNada\u201c \u00fcber alles, keiner kann das verstehen, denn \u201eNada\u201c ist eine kleine Ziege. Bei ihm stimmt was nicht, sagen die Leute, &hellip; <a href=\"http:\/\/www.augen-blicke-afrika.de\/blog\/filme-2018\/ali-the-goat-and-ibrahim\/\">Weiterlesen <span class=\"meta-nav\">&rarr;<\/span><\/a><\/p>\n","protected":false},"author":3,"featured_media":5126,"parent":4190,"menu_order":0,"comment_status":"closed","ping_status":"closed","template":"afrika2018.php","meta":{"footnotes":""},"class_list":["post-3971","page","type-page","status-publish","has-post-thumbnail","hentry"],"_links":{"self":[{"href":"http:\/\/www.augen-blicke-afrika.de\/blog\/wp-json\/wp\/v2\/pages\/3971","targetHints":{"allow":["GET"]}}],"collection":[{"href":"http:\/\/www.augen-blicke-afrika.de\/blog\/wp-json\/wp\/v2\/pages"}],"about":[{"href":"http:\/\/www.augen-blicke-afrika.de\/blog\/wp-json\/wp\/v2\/types\/page"}],"author":[{"embeddable":true,"href":"http:\/\/www.augen-blicke-afrika.de\/blog\/wp-json\/wp\/v2\/users\/3"}],"replies":[{"embeddable":true,"href":"http:\/\/www.augen-blicke-afrika.de\/blog\/wp-json\/wp\/v2\/comments?post=3971"}],"version-history":[{"count":6,"href":"http:\/\/www.augen-blicke-afrika.de\/blog\/wp-json\/wp\/v2\/pages\/3971\/revisions"}],"predecessor-version":[{"id":9401,"href":"http:\/\/www.augen-blicke-afrika.de\/blog\/wp-json\/wp\/v2\/pages\/3971\/revisions\/9401"}],"up":[{"embeddable":true,"href":"http:\/\/www.augen-blicke-afrika.de\/blog\/wp-json\/wp\/v2\/pages\/4190"}],"wp:featuredmedia":[{"embeddable":true,"href":"http:\/\/www.augen-blicke-afrika.de\/blog\/wp-json\/wp\/v2\/media\/5126"}],"wp:attachment":[{"href":"http:\/\/www.augen-blicke-afrika.de\/blog\/wp-json\/wp\/v2\/media?parent=3971"}],"curies":[{"name":"wp","href":"https:\/\/api.w.org\/{rel}","templated":true}]}}