{"id":3967,"date":"2018-10-05T16:08:44","date_gmt":"2018-10-05T14:08:44","guid":{"rendered":"http:\/\/www.augen-blicke-afrika.de\/blog\/?page_id=3967"},"modified":"2025-10-31T18:57:34","modified_gmt":"2025-10-31T17:57:34","slug":"hakkunde","status":"publish","type":"page","link":"http:\/\/www.augen-blicke-afrika.de\/blog\/filme-2018\/hakkunde\/","title":{"rendered":"HAKKUNDE"},"content":{"rendered":"<table style=\"height: 356px;\" width=\"100%\">\n<thead>\n<tr>\n<td>\n<p class=\"hide-if-no-js\"><a href=\"http:\/\/www.augen-blicke-afrika.de\/blog\/wp-content\/uploads\/2018\/10\/Hakkunde-Welcome-to-lagos-2a.jpg\"><img loading=\"lazy\" decoding=\"async\" class=\"alignnone wp-image-3969 size-large\" src=\"http:\/\/www.augen-blicke-afrika.de\/blog\/wp-content\/uploads\/2018\/10\/Hakkunde-Welcome-to-lagos-2a-1024x683.jpg\" width=\"584\" height=\"390\" srcset=\"http:\/\/www.augen-blicke-afrika.de\/blog\/wp-content\/uploads\/2018\/10\/Hakkunde-Welcome-to-lagos-2a-1024x683.jpg 1024w, http:\/\/www.augen-blicke-afrika.de\/blog\/wp-content\/uploads\/2018\/10\/Hakkunde-Welcome-to-lagos-2a-300x200.jpg 300w, http:\/\/www.augen-blicke-afrika.de\/blog\/wp-content\/uploads\/2018\/10\/Hakkunde-Welcome-to-lagos-2a-768x512.jpg 768w, http:\/\/www.augen-blicke-afrika.de\/blog\/wp-content\/uploads\/2018\/10\/Hakkunde-Welcome-to-lagos-2a-450x300.jpg 450w, http:\/\/www.augen-blicke-afrika.de\/blog\/wp-content\/uploads\/2018\/10\/Hakkunde-Welcome-to-lagos-2a.jpg 1500w\" sizes=\"auto, (max-width: 584px) 100vw, 584px\" \/><\/a><\/p>\n<h1>HAKKUNDE &#8211; Welcome to Lagos<\/h1>\n<h3>Nigeria 2017, R.: Asurf Oluseyi, 96 Min., OF, dt. UT<\/h3>\n<\/td>\n<\/tr>\n<\/thead>\n<tbody>\n<tr>\n<td>Akande h\u00e4lt am Stra\u00dfenrand in der Megacity Lagos ein Schild hoch: Suche \u00adArbeit! Wie ihm ergeht es vielen jungen Leuten in Nigeria. Er hat Jura studiert, aber Jobs sind rar. Dann trifft er auf einen Kumpel, der ihn ermutigt, im \u00adl\u00e4ndlichen Norden Nigerias sein Gl\u00fcck zu versuchen. Doch mit dem kargen Landleben und den dortigen Menschen kann er nichts anfangen, bis er auf Aisha trifft. Sie ist als Hexe verschrien, weil ihre beiden Ehem\u00e4nner nach kurzer Zeit verstorben sind. Akande zeigt sich von diesem Aberglauben unbeeindruckt und beginnt mit Aishas Hilfe in einer Dorfschule als Lehrer. Und zunehmend entwickelt er in der ihm fremden Umgebung neue Gesch\u00e4ftsideen, wobei ihm das Internet gute Hilfe leistet.<br \/>\nDer Film zeigt mit viel Humor und Musikuntermalung den Kampf um Selbst\u00adfindung und Selbstverwirklichung. Er erz\u00e4hlt von Liebe, Familienkonflikten, \u00adDiskriminierung, Drogenmissbrauch, Aberglauben, kulturellen Eigenarten und Traditionen und zeigt damit auch, was es hei\u00dft, zur jungen Generation im \u00adheutigen Nigeria zu geh\u00f6ren.<\/td>\n<\/tr>\n<tr>\n<td style=\"border-bottom: none;\"><strong><a href=\"http:\/\/www.augen-blicke-afrika.de\/blog\/wp-content\/uploads\/2018\/10\/Hakkunde-Welcome-to-Lagos-1a.jpg\"><img loading=\"lazy\" decoding=\"async\" class=\"wp-image-3968 size-medium alignleft\" src=\"http:\/\/www.augen-blicke-afrika.de\/blog\/wp-content\/uploads\/2018\/10\/Hakkunde-Welcome-to-Lagos-1a-210x300.jpg\" width=\"210\" height=\"300\" srcset=\"http:\/\/www.augen-blicke-afrika.de\/blog\/wp-content\/uploads\/2018\/10\/Hakkunde-Welcome-to-Lagos-1a-210x300.jpg 210w, http:\/\/www.augen-blicke-afrika.de\/blog\/wp-content\/uploads\/2018\/10\/Hakkunde-Welcome-to-Lagos-1a-717x1024.jpg 717w, http:\/\/www.augen-blicke-afrika.de\/blog\/wp-content\/uploads\/2018\/10\/Hakkunde-Welcome-to-Lagos-1a.jpg 756w\" sizes=\"auto, (max-width: 210px) 100vw, 210px\" \/><\/a><\/strong><\/p>\n<p><strong>Asurf Oluseyi<\/strong>, junger nigerianischer Regisseur und Kamera\u00admann, holte sich seine Filmkenntnisse zun\u00e4chst \u00fcber YouTube. Ein Programm von Google und CNN zur \u00adNutzung des Internets f\u00fcr junge Afrikaner half ihm, in das Filmgesch\u00e4ft einzusteigen. Heute hat er eine der gr\u00f6\u00dften privaten Filmproduktionsfirmen in Nigeria. Sein Film \u00ad\u201eHakkunde\u201c wurde mehrfach ausgezeichnet.<\/p>\n<p>&nbsp;<\/td>\n<\/tr>\n<\/tbody>\n<\/table>\n<p><iframe loading=\"lazy\" src=\"https:\/\/www.youtube.com\/embed\/rfNYveTzveU\" allowfullscreen=\"allowfullscreen\" width=\"560\" height=\"315\" frameborder=\"0\"><\/iframe><\/p>\n","protected":false},"excerpt":{"rendered":"<p>HAKKUNDE &#8211; Welcome to Lagos Nigeria 2017, R.: Asurf Oluseyi, 96 Min., OF, dt. UT Akande h\u00e4lt am Stra\u00dfenrand in der Megacity Lagos ein Schild hoch: Suche \u00adArbeit! Wie ihm ergeht es vielen jungen Leuten in Nigeria. Er hat Jura &hellip; <a href=\"http:\/\/www.augen-blicke-afrika.de\/blog\/filme-2018\/hakkunde\/\">Weiterlesen <span class=\"meta-nav\">&rarr;<\/span><\/a><\/p>\n","protected":false},"author":3,"featured_media":5126,"parent":4190,"menu_order":0,"comment_status":"closed","ping_status":"closed","template":"afrika2018.php","meta":{"footnotes":""},"class_list":["post-3967","page","type-page","status-publish","has-post-thumbnail","hentry"],"_links":{"self":[{"href":"http:\/\/www.augen-blicke-afrika.de\/blog\/wp-json\/wp\/v2\/pages\/3967","targetHints":{"allow":["GET"]}}],"collection":[{"href":"http:\/\/www.augen-blicke-afrika.de\/blog\/wp-json\/wp\/v2\/pages"}],"about":[{"href":"http:\/\/www.augen-blicke-afrika.de\/blog\/wp-json\/wp\/v2\/types\/page"}],"author":[{"embeddable":true,"href":"http:\/\/www.augen-blicke-afrika.de\/blog\/wp-json\/wp\/v2\/users\/3"}],"replies":[{"embeddable":true,"href":"http:\/\/www.augen-blicke-afrika.de\/blog\/wp-json\/wp\/v2\/comments?post=3967"}],"version-history":[{"count":5,"href":"http:\/\/www.augen-blicke-afrika.de\/blog\/wp-json\/wp\/v2\/pages\/3967\/revisions"}],"predecessor-version":[{"id":9426,"href":"http:\/\/www.augen-blicke-afrika.de\/blog\/wp-json\/wp\/v2\/pages\/3967\/revisions\/9426"}],"up":[{"embeddable":true,"href":"http:\/\/www.augen-blicke-afrika.de\/blog\/wp-json\/wp\/v2\/pages\/4190"}],"wp:featuredmedia":[{"embeddable":true,"href":"http:\/\/www.augen-blicke-afrika.de\/blog\/wp-json\/wp\/v2\/media\/5126"}],"wp:attachment":[{"href":"http:\/\/www.augen-blicke-afrika.de\/blog\/wp-json\/wp\/v2\/media?parent=3967"}],"curies":[{"name":"wp","href":"https:\/\/api.w.org\/{rel}","templated":true}]}}