{"id":3955,"date":"2018-10-05T16:39:24","date_gmt":"2018-10-05T14:39:24","guid":{"rendered":"http:\/\/www.augen-blicke-afrika.de\/blog\/?page_id=3955"},"modified":"2025-10-31T18:56:17","modified_gmt":"2025-10-31T17:56:17","slug":"sounds-of-the-world","status":"publish","type":"page","link":"http:\/\/www.augen-blicke-afrika.de\/blog\/filme-2018\/sounds-of-the-world\/","title":{"rendered":"SOUNDS OF THE WORLD"},"content":{"rendered":"<table style=\"height: 356px;\" width=\"100%\">\n<thead>\n<tr>\n<td>\n<h1><a href=\"http:\/\/www.augen-blicke-afrika.de\/blog\/wp-content\/uploads\/2018\/10\/Le-Son-du-monde-l-Ile-Maurice-photo-4-300dpi.png\"><img loading=\"lazy\" decoding=\"async\" class=\"alignnone wp-image-4522 size-large\" src=\"http:\/\/www.augen-blicke-afrika.de\/blog\/wp-content\/uploads\/2018\/10\/Le-Son-du-monde-l-Ile-Maurice-photo-4-300dpi-e1540286774810-1024x574.png\" width=\"584\" height=\"327\" srcset=\"http:\/\/www.augen-blicke-afrika.de\/blog\/wp-content\/uploads\/2018\/10\/Le-Son-du-monde-l-Ile-Maurice-photo-4-300dpi-e1540286774810-1024x574.png 1024w, http:\/\/www.augen-blicke-afrika.de\/blog\/wp-content\/uploads\/2018\/10\/Le-Son-du-monde-l-Ile-Maurice-photo-4-300dpi-e1540286774810-300x168.png 300w, http:\/\/www.augen-blicke-afrika.de\/blog\/wp-content\/uploads\/2018\/10\/Le-Son-du-monde-l-Ile-Maurice-photo-4-300dpi-e1540286774810-768x430.png 768w, http:\/\/www.augen-blicke-afrika.de\/blog\/wp-content\/uploads\/2018\/10\/Le-Son-du-monde-l-Ile-Maurice-photo-4-300dpi-e1540286774810-500x280.png 500w, http:\/\/www.augen-blicke-afrika.de\/blog\/wp-content\/uploads\/2018\/10\/Le-Son-du-monde-l-Ile-Maurice-photo-4-300dpi-e1540286774810.png 1273w\" sizes=\"auto, (max-width: 584px) 100vw, 584px\" \/><\/a><\/h1>\n<h1>SOUNDS OF THE WORLD \u2013 Mauritius<\/h1>\n<h3>Musik-Dokumentarfilm, Mauritius 2016, R.: S\u00eela, 58 Min., Creol \/ frz. OF, engl. UT<\/h3>\n<\/td>\n<\/tr>\n<\/thead>\n<tbody>\n<tr>\n<td>Der Musiker und Weltenbummler S\u00eela trifft auf der Insel Mauritius, die zu Afrika geh\u00f6rt, drei Musikergenerationen, die die musikalische und politische \u00adGeschichte der Insel mit viel Musik erz\u00e4hlen. Die Kolonialmacht Frankreich holte einst Sklaven von Madagaskar und dem afrikanischen Festland auf die Insel, die auf den Zuckerrohrplantagen schuften mussten. Die Sklaven \u00adentwickelten mit selbstgebauten Instrumenten einen Musikstil der Freiheit &#8211; S\u00e9ga. Heute gilt diese Musik als \u201eBlues des Indischen Ozeans\u201c. Es haben sich unterschiedliche, sehr rhythmische Stile entwickelt. Die Interpreten von \u201eS\u00e9ga engaz\u00e9\u201c und \u201eSeggae\u201c- ein Reggae-Sound &#8211; sind Vertreter einer revolution\u00e4ren Musik, die die Stimme erhebt gegen Unterdr\u00fcckung, Rassismus, Gewalt gegen Frauen. Die Musiker glauben an die Kraft der Musik als Sprachrohr f\u00fcr eine eher sprachlose Inselgesellschaft und an ihr verbindendes Element \u00fcber alle religi\u00f6sen und ethnischen Verschiedenheiten hinweg.<br \/>\n\u00ad<\/td>\n<\/tr>\n<tr>\n<td style=\"border-bottom: none;\"><a href=\"http:\/\/www.augen-blicke-afrika.de\/blog\/wp-content\/uploads\/2018\/10\/Sounds-of-the-World-mauritius-1a.jpg\"><br \/>\n<img loading=\"lazy\" decoding=\"async\" class=\"wp-image-3956 size-medium alignleft\" src=\"http:\/\/www.augen-blicke-afrika.de\/blog\/wp-content\/uploads\/2018\/10\/Sounds-of-the-World-mauritius-1a-212x300.jpg\" width=\"212\" height=\"300\" srcset=\"http:\/\/www.augen-blicke-afrika.de\/blog\/wp-content\/uploads\/2018\/10\/Sounds-of-the-World-mauritius-1a-212x300.jpg 212w, http:\/\/www.augen-blicke-afrika.de\/blog\/wp-content\/uploads\/2018\/10\/Sounds-of-the-World-mauritius-1a-768x1086.jpg 768w, http:\/\/www.augen-blicke-afrika.de\/blog\/wp-content\/uploads\/2018\/10\/Sounds-of-the-World-mauritius-1a-724x1024.jpg 724w, http:\/\/www.augen-blicke-afrika.de\/blog\/wp-content\/uploads\/2018\/10\/Sounds-of-the-World-mauritius-1a.jpg 992w\" sizes=\"auto, (max-width: 212px) 100vw, 212px\" \/><\/a><\/p>\n<p><strong>S\u00eela<\/strong> ist Filmemacher und Musiker.<\/td>\n<\/tr>\n<\/tbody>\n<\/table>\n<p><iframe loading=\"lazy\" src=\"https:\/\/player.vimeo.com\/video\/159177707?title=0&amp;byline=0&amp;portrait=0\" allowfullscreen=\"allowfullscreen\" width=\"640\" height=\"360\" frameborder=\"0\"><\/iframe><\/p>\n","protected":false},"excerpt":{"rendered":"<p>SOUNDS OF THE WORLD \u2013 Mauritius Musik-Dokumentarfilm, Mauritius 2016, R.: S\u00eela, 58 Min., Creol \/ frz. OF, engl. UT Der Musiker und Weltenbummler S\u00eela trifft auf der Insel Mauritius, die zu Afrika geh\u00f6rt, drei Musikergenerationen, die die musikalische und politische &hellip; <a href=\"http:\/\/www.augen-blicke-afrika.de\/blog\/filme-2018\/sounds-of-the-world\/\">Weiterlesen <span class=\"meta-nav\">&rarr;<\/span><\/a><\/p>\n","protected":false},"author":3,"featured_media":5126,"parent":4190,"menu_order":0,"comment_status":"closed","ping_status":"closed","template":"afrika2018.php","meta":{"footnotes":""},"class_list":["post-3955","page","type-page","status-publish","has-post-thumbnail","hentry"],"_links":{"self":[{"href":"http:\/\/www.augen-blicke-afrika.de\/blog\/wp-json\/wp\/v2\/pages\/3955","targetHints":{"allow":["GET"]}}],"collection":[{"href":"http:\/\/www.augen-blicke-afrika.de\/blog\/wp-json\/wp\/v2\/pages"}],"about":[{"href":"http:\/\/www.augen-blicke-afrika.de\/blog\/wp-json\/wp\/v2\/types\/page"}],"author":[{"embeddable":true,"href":"http:\/\/www.augen-blicke-afrika.de\/blog\/wp-json\/wp\/v2\/users\/3"}],"replies":[{"embeddable":true,"href":"http:\/\/www.augen-blicke-afrika.de\/blog\/wp-json\/wp\/v2\/comments?post=3955"}],"version-history":[{"count":12,"href":"http:\/\/www.augen-blicke-afrika.de\/blog\/wp-json\/wp\/v2\/pages\/3955\/revisions"}],"predecessor-version":[{"id":6992,"href":"http:\/\/www.augen-blicke-afrika.de\/blog\/wp-json\/wp\/v2\/pages\/3955\/revisions\/6992"}],"up":[{"embeddable":true,"href":"http:\/\/www.augen-blicke-afrika.de\/blog\/wp-json\/wp\/v2\/pages\/4190"}],"wp:featuredmedia":[{"embeddable":true,"href":"http:\/\/www.augen-blicke-afrika.de\/blog\/wp-json\/wp\/v2\/media\/5126"}],"wp:attachment":[{"href":"http:\/\/www.augen-blicke-afrika.de\/blog\/wp-json\/wp\/v2\/media?parent=3955"}],"curies":[{"name":"wp","href":"https:\/\/api.w.org\/{rel}","templated":true}]}}