{"id":3947,"date":"2018-10-05T16:51:12","date_gmt":"2018-10-05T14:51:12","guid":{"rendered":"http:\/\/www.augen-blicke-afrika.de\/blog\/?page_id=3947"},"modified":"2025-10-31T18:55:40","modified_gmt":"2025-10-31T17:55:40","slug":"welcome-to-sodom","status":"publish","type":"page","link":"http:\/\/www.augen-blicke-afrika.de\/blog\/filme-2018\/welcome-to-sodom\/","title":{"rendered":"WELCOME TO SODOM"},"content":{"rendered":"<table style=\"height: 356px;\" width=\"100%\">\n<thead>\n<tr>\n<td>\n<h1><a href=\"http:\/\/www.augen-blicke-afrika.de\/blog\/wp-content\/uploads\/2018\/10\/welcome-to-sodom-3.jpg\"><img loading=\"lazy\" decoding=\"async\" class=\"alignnone wp-image-3949 size-large\" src=\"http:\/\/www.augen-blicke-afrika.de\/blog\/wp-content\/uploads\/2018\/10\/welcome-to-sodom-3-1024x683.jpg\" width=\"584\" height=\"390\" srcset=\"http:\/\/www.augen-blicke-afrika.de\/blog\/wp-content\/uploads\/2018\/10\/welcome-to-sodom-3-1024x683.jpg 1024w, http:\/\/www.augen-blicke-afrika.de\/blog\/wp-content\/uploads\/2018\/10\/welcome-to-sodom-3-300x200.jpg 300w, http:\/\/www.augen-blicke-afrika.de\/blog\/wp-content\/uploads\/2018\/10\/welcome-to-sodom-3-768x512.jpg 768w, http:\/\/www.augen-blicke-afrika.de\/blog\/wp-content\/uploads\/2018\/10\/welcome-to-sodom-3-450x300.jpg 450w, http:\/\/www.augen-blicke-afrika.de\/blog\/wp-content\/uploads\/2018\/10\/welcome-to-sodom-3.jpg 1080w\" sizes=\"auto, (max-width: 584px) 100vw, 584px\" \/><\/a><\/h1>\n<h1>WELCOME TO SODOM \u2013 Dein Smartphone ist schon hier<\/h1>\n<h3>Dokumentarfilm, \u00d6sterreich \/ Ghana 2018, R.: Florian Weigensamer \/ Christian Kr\u00f6nes, 92 Min., engl. OF, dt. UT<\/h3>\n<\/td>\n<\/tr>\n<\/thead>\n<tbody>\n<tr>\n<td>Die Elektroschrott-M\u00fcllhalde von Agbogbloshie am Rande der ghanaischen Hauptstadt Accra ist das Zuhause von rund 6000 Menschen. \u201eSodom\u201c nennen die Bewohner diesen trostlosen und gesund\u00adheitssch\u00e4dlichen Ort. Junge M\u00e4nner, aber auch Familien mit Kindern aus Ghana und den Nachbarl\u00e4ndern sind hier auf der Suche nach Arbeit gestrandet. Sie hausen in einfachen Blech- und Holzh\u00fctten inmitten von illegalem Elektroschrott aus Europa, USA, Kanada und sogar Australien. Der Wohlstandsm\u00fcll einer fremden Welt wird hier in seine Einzelteile zerlegt, um die enthaltenen Rohstoffe wie Aluminium, Zink und Kupfer zur Wiederverarbeitung an die Herkunftsl\u00e4nder zu verkaufen. Hier schuften Menschen, die nie solche Luxusger\u00e4te besessen haben, aber viele tr\u00e4umen davon, mit dem verdienten Geld den Weg nach Europa zu schaffen. Ein Schrottarbeiter meint resigniert: \u201eAls die Araber und Europ\u00e4er nach Afrika kamen, sagten sie uns, wir m\u00fcssten glauben. Wir Afrikaner glauben und glauben bis heute an ein besseres Leben\u201c.<br \/>\nDiese bildgewaltige, apokalyptische Dokumentation gibt den Schrottarbeitern viel Raum, ihre Geschichten zu erz\u00e4hlen &#8211; unter dichten schwarzen, giftigen Rauchwolken, begleitet vom st\u00e4ndigen rhythmischen Hammerschlag, dem Herzschlag von Sodom.<br \/>\n\u00ad<\/td>\n<\/tr>\n<tr>\n<td style=\"border-bottom: none;\"><a href=\"http:\/\/www.augen-blicke-afrika.de\/blog\/wp-content\/uploads\/2018\/10\/WecomeToSodom-1-e1538739972610.jpg\"><img loading=\"lazy\" decoding=\"async\" class=\"wp-image-3948 size-medium alignleft\" src=\"http:\/\/www.augen-blicke-afrika.de\/blog\/wp-content\/uploads\/2018\/10\/WecomeToSodom-1-e1538739972610-213x300.jpg\" width=\"213\" height=\"300\" srcset=\"http:\/\/www.augen-blicke-afrika.de\/blog\/wp-content\/uploads\/2018\/10\/WecomeToSodom-1-e1538739972610-213x300.jpg 213w, http:\/\/www.augen-blicke-afrika.de\/blog\/wp-content\/uploads\/2018\/10\/WecomeToSodom-1-e1538739972610-768x1082.jpg 768w, http:\/\/www.augen-blicke-afrika.de\/blog\/wp-content\/uploads\/2018\/10\/WecomeToSodom-1-e1538739972610-727x1024.jpg 727w, http:\/\/www.augen-blicke-afrika.de\/blog\/wp-content\/uploads\/2018\/10\/WecomeToSodom-1-e1538739972610.jpg 800w\" sizes=\"auto, (max-width: 213px) 100vw, 213px\" \/><\/a><\/p>\n<p><strong>Florian Weigensamer<\/strong>, geb. 1973 in Wien. Er realisierte \u00adpolitische, sozialkritische Reportagen und Dokumentarfilme aus aller Welt.<br \/>\n<strong>Christian Kr\u00f6nes<\/strong>, geb.1961 in \u00d6sterreich. Als Produzent und Regisseur arbeitet er f\u00fcr Fernsehsender in \u00d6sterreich und Deutschland.<\/td>\n<\/tr>\n<\/tbody>\n<\/table>\n<p><iframe loading=\"lazy\" src=\"https:\/\/www.youtube.com\/embed\/UIlnmygnYvQ\" allowfullscreen=\"allowfullscreen\" width=\"560\" height=\"315\" frameborder=\"0\"><\/iframe><\/p>\n","protected":false},"excerpt":{"rendered":"<p>WELCOME TO SODOM \u2013 Dein Smartphone ist schon hier Dokumentarfilm, \u00d6sterreich \/ Ghana 2018, R.: Florian Weigensamer \/ Christian Kr\u00f6nes, 92 Min., engl. OF, dt. UT Die Elektroschrott-M\u00fcllhalde von Agbogbloshie am Rande der ghanaischen Hauptstadt Accra ist das Zuhause von &hellip; <a href=\"http:\/\/www.augen-blicke-afrika.de\/blog\/filme-2018\/welcome-to-sodom\/\">Weiterlesen <span class=\"meta-nav\">&rarr;<\/span><\/a><\/p>\n","protected":false},"author":3,"featured_media":5126,"parent":4190,"menu_order":0,"comment_status":"closed","ping_status":"closed","template":"afrika2018.php","meta":{"footnotes":""},"class_list":["post-3947","page","type-page","status-publish","has-post-thumbnail","hentry"],"_links":{"self":[{"href":"http:\/\/www.augen-blicke-afrika.de\/blog\/wp-json\/wp\/v2\/pages\/3947","targetHints":{"allow":["GET"]}}],"collection":[{"href":"http:\/\/www.augen-blicke-afrika.de\/blog\/wp-json\/wp\/v2\/pages"}],"about":[{"href":"http:\/\/www.augen-blicke-afrika.de\/blog\/wp-json\/wp\/v2\/types\/page"}],"author":[{"embeddable":true,"href":"http:\/\/www.augen-blicke-afrika.de\/blog\/wp-json\/wp\/v2\/users\/3"}],"replies":[{"embeddable":true,"href":"http:\/\/www.augen-blicke-afrika.de\/blog\/wp-json\/wp\/v2\/comments?post=3947"}],"version-history":[{"count":6,"href":"http:\/\/www.augen-blicke-afrika.de\/blog\/wp-json\/wp\/v2\/pages\/3947\/revisions"}],"predecessor-version":[{"id":9424,"href":"http:\/\/www.augen-blicke-afrika.de\/blog\/wp-json\/wp\/v2\/pages\/3947\/revisions\/9424"}],"up":[{"embeddable":true,"href":"http:\/\/www.augen-blicke-afrika.de\/blog\/wp-json\/wp\/v2\/pages\/4190"}],"wp:featuredmedia":[{"embeddable":true,"href":"http:\/\/www.augen-blicke-afrika.de\/blog\/wp-json\/wp\/v2\/media\/5126"}],"wp:attachment":[{"href":"http:\/\/www.augen-blicke-afrika.de\/blog\/wp-json\/wp\/v2\/media?parent=3947"}],"curies":[{"name":"wp","href":"https:\/\/api.w.org\/{rel}","templated":true}]}}