{"id":3943,"date":"2018-10-05T16:46:49","date_gmt":"2018-10-05T14:46:49","guid":{"rendered":"http:\/\/www.augen-blicke-afrika.de\/blog\/?page_id=3943"},"modified":"2025-10-31T18:55:13","modified_gmt":"2025-10-31T17:55:13","slug":"volubilis","status":"publish","type":"page","link":"http:\/\/www.augen-blicke-afrika.de\/blog\/filme-2018\/volubilis\/","title":{"rendered":"VOLUBILIS"},"content":{"rendered":"<table style=\"height: 356px;\" width=\"100%\">\n<thead>\n<tr>\n<td>\n<h1><a href=\"http:\/\/www.augen-blicke-afrika.de\/blog\/wp-content\/uploads\/2018\/10\/Volubilis_2-e1538739847292.jpg\"><img loading=\"lazy\" decoding=\"async\" class=\"alignnone wp-image-3945 size-large\" src=\"http:\/\/www.augen-blicke-afrika.de\/blog\/wp-content\/uploads\/2018\/10\/Volubilis_2-e1538739847292-1024x563.jpg\" width=\"584\" height=\"321\" srcset=\"http:\/\/www.augen-blicke-afrika.de\/blog\/wp-content\/uploads\/2018\/10\/Volubilis_2-e1538739847292-1024x563.jpg 1024w, http:\/\/www.augen-blicke-afrika.de\/blog\/wp-content\/uploads\/2018\/10\/Volubilis_2-e1538739847292-300x165.jpg 300w, http:\/\/www.augen-blicke-afrika.de\/blog\/wp-content\/uploads\/2018\/10\/Volubilis_2-e1538739847292-768x422.jpg 768w, http:\/\/www.augen-blicke-afrika.de\/blog\/wp-content\/uploads\/2018\/10\/Volubilis_2-e1538739847292-500x275.jpg 500w, http:\/\/www.augen-blicke-afrika.de\/blog\/wp-content\/uploads\/2018\/10\/Volubilis_2-e1538739847292.jpg 1920w\" sizes=\"auto, (max-width: 584px) 100vw, 584px\" \/><\/a><\/h1>\n<h1>VOLUBILIS<\/h1>\n<h3>Marokko \/ Frankreich 2016, R.: Faouzi Bensa\u00efdi, 106 Min., arab. OF., engl. UT<\/h3>\n<\/td>\n<\/tr>\n<\/thead>\n<tbody>\n<tr>\n<td>Abdelkader und Malika sind sehr verliebt und frisch verheiratet. Der junge Mann arbeitet als Detektiv in einem modernen Einkaufszentrum in Mekn\u00e8s. Malika findet nach einigen Schwierigkeiten einen Job als Hausm\u00e4dchen in einer Villa. Sie leben noch bei seinen Eltern und kommen so finanziell einigerma\u00dfen \u00fcber die Runden. Aber der gro\u00dfe Traum beider ist, endlich ein eigenes Zuhause zu haben. Abdelkadar \u00fcbt seinen Job \u00fcbereifrig aus, will seinem Chef gefallen. Er kontrolliert die Kunden \u00fcberfallartig und dabei kommt es eines Tages zu einer gewaltt\u00e4tigen Auseinandersetzung, die ihn seinen Job kostet. Dieses Ereignis wirft ihn aus der Bahn und stellt die ganze Lebensplanung des Paars auf den Kopf.<br \/>\nDas Drama spielt sich im Schatten von \u201eVolubilis\u201c ab, einer der sch\u00f6nsten und gr\u00f6\u00dften r\u00f6mischen Ausgrabungsst\u00e4tten n\u00f6rdlich von Mekn\u00e8s. Eine Sozialstudie voller \u00dcberraschungen und Wendungen, die den Klassenunterschied in der heutigen marokkanischen Gesellschaft aufzeigt.<br \/>\n\u00ad<\/td>\n<\/tr>\n<tr>\n<td style=\"border-bottom: none;\"><a href=\"http:\/\/www.augen-blicke-afrika.de\/blog\/wp-content\/uploads\/2018\/10\/volubilis-1-e1538739788564.jpg\"><img loading=\"lazy\" decoding=\"async\" class=\"wp-image-3944 size-medium alignleft\" src=\"http:\/\/www.augen-blicke-afrika.de\/blog\/wp-content\/uploads\/2018\/10\/volubilis-1-e1538739788564-224x300.jpg\" width=\"224\" height=\"300\" srcset=\"http:\/\/www.augen-blicke-afrika.de\/blog\/wp-content\/uploads\/2018\/10\/volubilis-1-e1538739788564-224x300.jpg 224w, http:\/\/www.augen-blicke-afrika.de\/blog\/wp-content\/uploads\/2018\/10\/volubilis-1-e1538739788564.jpg 538w\" sizes=\"auto, (max-width: 224px) 100vw, 224px\" \/><\/a><\/p>\n<p><strong>Faouzi Bensa\u00efdi<\/strong> wurde 1967 in Mekn\u00e8s in \u00adMarokko geboren. Er ist als Schauspieler, Drehbuchautor und Regisseur t\u00e4tig.<\/td>\n<\/tr>\n<\/tbody>\n<\/table>\n<p><iframe loading=\"lazy\" src=\"https:\/\/www.youtube.com\/embed\/BRUWvvVmZ00\" allowfullscreen=\"allowfullscreen\" width=\"560\" height=\"315\" frameborder=\"0\"><\/iframe><\/p>\n","protected":false},"excerpt":{"rendered":"<p>VOLUBILIS Marokko \/ Frankreich 2016, R.: Faouzi Bensa\u00efdi, 106 Min., arab. OF., engl. UT Abdelkader und Malika sind sehr verliebt und frisch verheiratet. Der junge Mann arbeitet als Detektiv in einem modernen Einkaufszentrum in Mekn\u00e8s. Malika findet nach einigen Schwierigkeiten &hellip; <a href=\"http:\/\/www.augen-blicke-afrika.de\/blog\/filme-2018\/volubilis\/\">Weiterlesen <span class=\"meta-nav\">&rarr;<\/span><\/a><\/p>\n","protected":false},"author":3,"featured_media":5126,"parent":4190,"menu_order":0,"comment_status":"closed","ping_status":"closed","template":"afrika2018.php","meta":{"footnotes":""},"class_list":["post-3943","page","type-page","status-publish","has-post-thumbnail","hentry"],"_links":{"self":[{"href":"http:\/\/www.augen-blicke-afrika.de\/blog\/wp-json\/wp\/v2\/pages\/3943","targetHints":{"allow":["GET"]}}],"collection":[{"href":"http:\/\/www.augen-blicke-afrika.de\/blog\/wp-json\/wp\/v2\/pages"}],"about":[{"href":"http:\/\/www.augen-blicke-afrika.de\/blog\/wp-json\/wp\/v2\/types\/page"}],"author":[{"embeddable":true,"href":"http:\/\/www.augen-blicke-afrika.de\/blog\/wp-json\/wp\/v2\/users\/3"}],"replies":[{"embeddable":true,"href":"http:\/\/www.augen-blicke-afrika.de\/blog\/wp-json\/wp\/v2\/comments?post=3943"}],"version-history":[{"count":6,"href":"http:\/\/www.augen-blicke-afrika.de\/blog\/wp-json\/wp\/v2\/pages\/3943\/revisions"}],"predecessor-version":[{"id":9423,"href":"http:\/\/www.augen-blicke-afrika.de\/blog\/wp-json\/wp\/v2\/pages\/3943\/revisions\/9423"}],"up":[{"embeddable":true,"href":"http:\/\/www.augen-blicke-afrika.de\/blog\/wp-json\/wp\/v2\/pages\/4190"}],"wp:featuredmedia":[{"embeddable":true,"href":"http:\/\/www.augen-blicke-afrika.de\/blog\/wp-json\/wp\/v2\/media\/5126"}],"wp:attachment":[{"href":"http:\/\/www.augen-blicke-afrika.de\/blog\/wp-json\/wp\/v2\/media?parent=3943"}],"curies":[{"name":"wp","href":"https:\/\/api.w.org\/{rel}","templated":true}]}}