{"id":3939,"date":"2018-10-05T16:26:24","date_gmt":"2018-10-05T14:26:24","guid":{"rendered":"http:\/\/www.augen-blicke-afrika.de\/blog\/?page_id=3939"},"modified":"2025-10-31T18:54:39","modified_gmt":"2025-10-31T17:54:39","slug":"maki-la","status":"publish","type":"page","link":"http:\/\/www.augen-blicke-afrika.de\/blog\/filme-2018\/maki-la\/","title":{"rendered":"MAKI&#8217; LA"},"content":{"rendered":"<table style=\"height: 356px;\" width=\"100%\">\n<thead>\n<tr>\n<td>\n<h1><a href=\"http:\/\/www.augen-blicke-afrika.de\/blog\/wp-content\/uploads\/2018\/10\/Makila-2-a.jpg\"><img loading=\"lazy\" decoding=\"async\" class=\"alignnone wp-image-3941 size-large\" src=\"http:\/\/www.augen-blicke-afrika.de\/blog\/wp-content\/uploads\/2018\/10\/Makila-2-a-1024x576.jpg\" width=\"584\" height=\"329\" srcset=\"http:\/\/www.augen-blicke-afrika.de\/blog\/wp-content\/uploads\/2018\/10\/Makila-2-a-1024x576.jpg 1024w, http:\/\/www.augen-blicke-afrika.de\/blog\/wp-content\/uploads\/2018\/10\/Makila-2-a-300x169.jpg 300w, http:\/\/www.augen-blicke-afrika.de\/blog\/wp-content\/uploads\/2018\/10\/Makila-2-a-768x432.jpg 768w, http:\/\/www.augen-blicke-afrika.de\/blog\/wp-content\/uploads\/2018\/10\/Makila-2-a-500x281.jpg 500w, http:\/\/www.augen-blicke-afrika.de\/blog\/wp-content\/uploads\/2018\/10\/Makila-2-a.jpg 1600w\" sizes=\"auto, (max-width: 584px) 100vw, 584px\" \/><\/a><\/h1>\n<h1>MAKI&#8217; LA<\/h1>\n<h3>D. R. Kongo 2018, R.: Macherie Ekwa Bahango, 79 Min., Lingala \/ frz. OF, engl. UT<\/h3>\n<\/td>\n<\/tr>\n<\/thead>\n<tbody>\n<tr>\n<td>Die 19-j\u00e4hrige Maki\u2019la, genannt \u201eMaki\u201c, lebt schon seit Jahren auf der Stra\u00dfe. Viele Kinder und Jugendliche teilen das gleiche Schicksal in Kinshasa, der Hauptstadt der Demokratischen Republik Kongo. Jeder k\u00e4mpft ums \u00dcberleben, Gewalt und Drogen geh\u00f6ren zum Alltag. Maki hat im Laufe der Zeit eine starke Pers\u00f6nlichkeit entwickelt, Kinder h\u00f6ren auf sie und liefern Diebesgut bei ihr ab. Ihre Beziehung zu dem ebenfalls obdachlosen Mbingazor wird auf die Probe gestellt, als ihr die wesentlich j\u00fcngere Acha begegnet, die die Regeln der Stra\u00dfe noch nicht kennt. Zwischen den beiden entwickelt sich, befl\u00fcgelt von Achas Anf\u00e4ngergl\u00fcck als Diebin, ein Abenteuer, das die Eifersucht Mbingazors entfacht.<br \/>\nMit &#8220;Maki&#8217; la&#8221; ist der jungen Regisseurin ein beeindruckender Deb\u00fctfilm gelungen. Sie beleuchtet nicht nur die dunklen, rauen Seiten des Lebens auf der Stra\u00dfe, sondern auch die Suche nach Freundschaft und Liebe und die Sehnsucht nach einem normalen Leben.<br \/>\n\u00ad<\/td>\n<\/tr>\n<tr>\n<td style=\"border-bottom: none;\"><a href=\"http:\/\/www.augen-blicke-afrika.de\/blog\/wp-content\/uploads\/2018\/10\/Makila-1a.jpg\"><img loading=\"lazy\" decoding=\"async\" class=\"wp-image-3940 size-medium alignleft\" src=\"http:\/\/www.augen-blicke-afrika.de\/blog\/wp-content\/uploads\/2018\/10\/Makila-1a-211x300.jpg\" width=\"211\" height=\"300\" srcset=\"http:\/\/www.augen-blicke-afrika.de\/blog\/wp-content\/uploads\/2018\/10\/Makila-1a-211x300.jpg 211w, http:\/\/www.augen-blicke-afrika.de\/blog\/wp-content\/uploads\/2018\/10\/Makila-1a.jpg 674w\" sizes=\"auto, (max-width: 211px) 100vw, 211px\" \/><\/a><\/p>\n<p><strong>Macherie Ekwa Bahango<\/strong>, geboren 1993 in Kisangani, D. R. Kongo, studierte Jura und assistierte bei Dreh\u00adarbeiten. F\u00fcr diesen Film hat sie lange in der Stra\u00dfen\u00adkinderszene recherchiert.<br \/>\nSie geh\u00f6rt zu einer Gruppe junger Filmschaffender in Kinshasa, die das kongolesische Kino wiederbeleben wollen und ihre Projekte nicht zuletzt f\u00fcr das heimische Publikum realisieren.<\/td>\n<\/tr>\n<\/tbody>\n<\/table>\n<p><iframe loading=\"lazy\" src=\"http:\/\/cineuropa.org\/en\/videoembed\/347286\/rdid\/346910\/\" marginwidth=\"0\" marginheight=\"0\" scrolling=\"no\" allowfullscreen=\"allowfullscreen\" width=\"620\" height=\"350\" frameborder=\"0\"><\/iframe><\/p>\n","protected":false},"excerpt":{"rendered":"<p>MAKI&#8217; LA D. R. Kongo 2018, R.: Macherie Ekwa Bahango, 79 Min., Lingala \/ frz. OF, engl. UT Die 19-j\u00e4hrige Maki\u2019la, genannt \u201eMaki\u201c, lebt schon seit Jahren auf der Stra\u00dfe. Viele Kinder und Jugendliche teilen das gleiche Schicksal in Kinshasa, &hellip; <a href=\"http:\/\/www.augen-blicke-afrika.de\/blog\/filme-2018\/maki-la\/\">Weiterlesen <span class=\"meta-nav\">&rarr;<\/span><\/a><\/p>\n","protected":false},"author":3,"featured_media":5126,"parent":4190,"menu_order":0,"comment_status":"closed","ping_status":"closed","template":"afrika2018.php","meta":{"footnotes":""},"class_list":["post-3939","page","type-page","status-publish","has-post-thumbnail","hentry"],"_links":{"self":[{"href":"http:\/\/www.augen-blicke-afrika.de\/blog\/wp-json\/wp\/v2\/pages\/3939","targetHints":{"allow":["GET"]}}],"collection":[{"href":"http:\/\/www.augen-blicke-afrika.de\/blog\/wp-json\/wp\/v2\/pages"}],"about":[{"href":"http:\/\/www.augen-blicke-afrika.de\/blog\/wp-json\/wp\/v2\/types\/page"}],"author":[{"embeddable":true,"href":"http:\/\/www.augen-blicke-afrika.de\/blog\/wp-json\/wp\/v2\/users\/3"}],"replies":[{"embeddable":true,"href":"http:\/\/www.augen-blicke-afrika.de\/blog\/wp-json\/wp\/v2\/comments?post=3939"}],"version-history":[{"count":6,"href":"http:\/\/www.augen-blicke-afrika.de\/blog\/wp-json\/wp\/v2\/pages\/3939\/revisions"}],"predecessor-version":[{"id":9422,"href":"http:\/\/www.augen-blicke-afrika.de\/blog\/wp-json\/wp\/v2\/pages\/3939\/revisions\/9422"}],"up":[{"embeddable":true,"href":"http:\/\/www.augen-blicke-afrika.de\/blog\/wp-json\/wp\/v2\/pages\/4190"}],"wp:featuredmedia":[{"embeddable":true,"href":"http:\/\/www.augen-blicke-afrika.de\/blog\/wp-json\/wp\/v2\/media\/5126"}],"wp:attachment":[{"href":"http:\/\/www.augen-blicke-afrika.de\/blog\/wp-json\/wp\/v2\/media?parent=3939"}],"curies":[{"name":"wp","href":"https:\/\/api.w.org\/{rel}","templated":true}]}}