{"id":3931,"date":"2018-10-05T16:28:05","date_gmt":"2018-10-05T14:28:05","guid":{"rendered":"http:\/\/www.augen-blicke-afrika.de\/blog\/?page_id=3931"},"modified":"2025-10-31T18:53:44","modified_gmt":"2025-10-31T17:53:44","slug":"our-madness","status":"publish","type":"page","link":"http:\/\/www.augen-blicke-afrika.de\/blog\/filme-2018\/our-madness\/","title":{"rendered":"OUR MADNESS"},"content":{"rendered":"<table style=\"height: 356px;\" width=\"100%\">\n<thead>\n<tr>\n<td>\n<h1><a href=\"http:\/\/www.augen-blicke-afrika.de\/blog\/wp-content\/uploads\/2018\/10\/our-madness-2b.jpg\"><img loading=\"lazy\" decoding=\"async\" class=\"alignnone wp-image-3933 size-large\" src=\"http:\/\/www.augen-blicke-afrika.de\/blog\/wp-content\/uploads\/2018\/10\/our-madness-2b-1024x559.jpg\" width=\"584\" height=\"319\" srcset=\"http:\/\/www.augen-blicke-afrika.de\/blog\/wp-content\/uploads\/2018\/10\/our-madness-2b-1024x559.jpg 1024w, http:\/\/www.augen-blicke-afrika.de\/blog\/wp-content\/uploads\/2018\/10\/our-madness-2b-300x164.jpg 300w, http:\/\/www.augen-blicke-afrika.de\/blog\/wp-content\/uploads\/2018\/10\/our-madness-2b-768x419.jpg 768w, http:\/\/www.augen-blicke-afrika.de\/blog\/wp-content\/uploads\/2018\/10\/our-madness-2b-500x273.jpg 500w, http:\/\/www.augen-blicke-afrika.de\/blog\/wp-content\/uploads\/2018\/10\/our-madness-2b.jpg 1099w\" sizes=\"auto, (max-width: 584px) 100vw, 584px\" \/><\/a><\/h1>\n<h1>OUR MADNESS<\/h1>\n<h3>Mosambik \/ Guinea Bissau 2018,R.: Jo\u00e3o Viana, 89 Min., Xitswa \/ Swahili OF, engl. UT, Schwarz-Wei\u00df \/ Farbe<\/h3>\n<\/td>\n<\/tr>\n<\/thead>\n<tbody>\n<tr>\n<td>Ernania, eine wundersch\u00f6ne Frau, lebt hinter den Mauern einer psychiatrischen Klinik in Maputo, der Hauptstadt&nbsp; Mosambiks. Das Metallgestell ihres Krankenhausbettes nutzt sie variationsreich als Musikinstrument. Als eines Tages das Tor offensteht, ergreift sie die Chance zur Flucht, um ihren kleinen Sohn und ihren Mann zu finden. Ernania begibt sich auf eine wahnsinnige Reise durch die Vergangenheit und die Gegenwart eines Landes, das noch an den Wunden eines Krieges und an der kolonialen und postkolonialen Gewalt leidet.<br \/>\nDer Film erforscht in eindrucksvollen Bildern die mosambikanische und damit auch afrikanische Geschichte und Symbolik mittels szenisch skurriler Konstruktionen.<br \/>\nF\u00fcr den Regisseur steht ein Irrenhaus im historischen Kontext f\u00fcr Sklaverei, B\u00fcrgerkrieg, ein Marionettenregime.<\/td>\n<\/tr>\n<tr>\n<td style=\"border-bottom: none;\"><a href=\"http:\/\/www.augen-blicke-afrika.de\/blog\/wp-content\/uploads\/2018\/10\/our-madness-1a.jpg\"><img loading=\"lazy\" decoding=\"async\" class=\"wp-image-3932 size-medium alignleft\" src=\"http:\/\/www.augen-blicke-afrika.de\/blog\/wp-content\/uploads\/2018\/10\/our-madness-1a-210x300.jpg\" width=\"210\" height=\"300\" srcset=\"http:\/\/www.augen-blicke-afrika.de\/blog\/wp-content\/uploads\/2018\/10\/our-madness-1a-210x300.jpg 210w, http:\/\/www.augen-blicke-afrika.de\/blog\/wp-content\/uploads\/2018\/10\/our-madness-1a.jpg 406w\" sizes=\"auto, (max-width: 210px) 100vw, 210px\" \/><\/a><\/p>\n<p><strong>Jo\u00e3o Viana<\/strong>, geboren 1966 in Huambo, Angola. Er \u00adstudierte zun\u00e4chst Jura, dann wechselte er zum Film. Er arbeitet als Regisseur, Drehbuchautor, Produzent und Tontechniker.<\/td>\n<\/tr>\n<\/tbody>\n<\/table>\n<p><iframe loading=\"lazy\" src=\"https:\/\/player.vimeo.com\/video\/252555616\" allowfullscreen=\"allowfullscreen\" width=\"640\" height=\"360\" frameborder=\"0\"><\/iframe><\/p>\n","protected":false},"excerpt":{"rendered":"<p>OUR MADNESS Mosambik \/ Guinea Bissau 2018,R.: Jo\u00e3o Viana, 89 Min., Xitswa \/ Swahili OF, engl. UT, Schwarz-Wei\u00df \/ Farbe Ernania, eine wundersch\u00f6ne Frau, lebt hinter den Mauern einer psychiatrischen Klinik in Maputo, der Hauptstadt&nbsp; Mosambiks. Das Metallgestell ihres Krankenhausbettes &hellip; <a href=\"http:\/\/www.augen-blicke-afrika.de\/blog\/filme-2018\/our-madness\/\">Weiterlesen <span class=\"meta-nav\">&rarr;<\/span><\/a><\/p>\n","protected":false},"author":3,"featured_media":5126,"parent":4190,"menu_order":0,"comment_status":"closed","ping_status":"closed","template":"afrika2018.php","meta":{"footnotes":""},"class_list":["post-3931","page","type-page","status-publish","has-post-thumbnail","hentry"],"_links":{"self":[{"href":"http:\/\/www.augen-blicke-afrika.de\/blog\/wp-json\/wp\/v2\/pages\/3931","targetHints":{"allow":["GET"]}}],"collection":[{"href":"http:\/\/www.augen-blicke-afrika.de\/blog\/wp-json\/wp\/v2\/pages"}],"about":[{"href":"http:\/\/www.augen-blicke-afrika.de\/blog\/wp-json\/wp\/v2\/types\/page"}],"author":[{"embeddable":true,"href":"http:\/\/www.augen-blicke-afrika.de\/blog\/wp-json\/wp\/v2\/users\/3"}],"replies":[{"embeddable":true,"href":"http:\/\/www.augen-blicke-afrika.de\/blog\/wp-json\/wp\/v2\/comments?post=3931"}],"version-history":[{"count":6,"href":"http:\/\/www.augen-blicke-afrika.de\/blog\/wp-json\/wp\/v2\/pages\/3931\/revisions"}],"predecessor-version":[{"id":9420,"href":"http:\/\/www.augen-blicke-afrika.de\/blog\/wp-json\/wp\/v2\/pages\/3931\/revisions\/9420"}],"up":[{"embeddable":true,"href":"http:\/\/www.augen-blicke-afrika.de\/blog\/wp-json\/wp\/v2\/pages\/4190"}],"wp:featuredmedia":[{"embeddable":true,"href":"http:\/\/www.augen-blicke-afrika.de\/blog\/wp-json\/wp\/v2\/media\/5126"}],"wp:attachment":[{"href":"http:\/\/www.augen-blicke-afrika.de\/blog\/wp-json\/wp\/v2\/media?parent=3931"}],"curies":[{"name":"wp","href":"https:\/\/api.w.org\/{rel}","templated":true}]}}