{"id":3923,"date":"2018-10-05T16:21:55","date_gmt":"2018-10-05T14:21:55","guid":{"rendered":"http:\/\/www.augen-blicke-afrika.de\/blog\/?page_id=3923"},"modified":"2025-10-31T18:52:53","modified_gmt":"2025-10-31T17:52:53","slug":"koussaw","status":"publish","type":"page","link":"http:\/\/www.augen-blicke-afrika.de\/blog\/filme-2018\/koussaw\/","title":{"rendered":"KOUSSAW"},"content":{"rendered":"<table style=\"height: 356px;\" width=\"100%\">\n<thead>\n<tr>\n<td>\n<h1><a href=\"http:\/\/www.augen-blicke-afrika.de\/blog\/wp-content\/uploads\/2018\/10\/Koussaw-2a.jpg\"><img loading=\"lazy\" decoding=\"async\" class=\"alignnone wp-image-3925 size-large\" src=\"http:\/\/www.augen-blicke-afrika.de\/blog\/wp-content\/uploads\/2018\/10\/Koussaw-2a-1024x683.jpg\" width=\"584\" height=\"390\" srcset=\"http:\/\/www.augen-blicke-afrika.de\/blog\/wp-content\/uploads\/2018\/10\/Koussaw-2a-1024x683.jpg 1024w, http:\/\/www.augen-blicke-afrika.de\/blog\/wp-content\/uploads\/2018\/10\/Koussaw-2a-300x200.jpg 300w, http:\/\/www.augen-blicke-afrika.de\/blog\/wp-content\/uploads\/2018\/10\/Koussaw-2a-768x512.jpg 768w, http:\/\/www.augen-blicke-afrika.de\/blog\/wp-content\/uploads\/2018\/10\/Koussaw-2a-450x300.jpg 450w, http:\/\/www.augen-blicke-afrika.de\/blog\/wp-content\/uploads\/2018\/10\/Koussaw-2a.jpg 1600w\" sizes=\"auto, (max-width: 584px) 100vw, 584px\" \/><\/a><\/h1>\n<h1>KOUSSAW<\/h1>\n<h3>Mali 2016, R.: Ibrahima Tour\u00e9, 77 Min., frz. OF., engl. UT<\/h3>\n<\/td>\n<\/tr>\n<\/thead>\n<tbody>\n<tr>\n<td>Barou und seine Ehefrau Bibi f\u00fchren mit ihren zwei Kindern ein gl\u00fcckliches und zufriedenes Familienleben in der W\u00fcstenstadt Timbuktu. Bei einem&nbsp; Angriff von Islamisten wird ihr Sohn Kadry get\u00f6tet. Trauer und Verzweiflung \u00fcber diesen Verlust mischen sich beim Vater zunehmend mit Realit\u00e4tsverlust.&nbsp; Als auch noch seine Mutter, unter deren pr\u00e4gendem Einfluss er steht, einem Anschlag zum Opfer f\u00e4llt, dreht er in seiner Hilflosigkeit v\u00f6llig durch.<br \/>\nDieses Psychodrama zeigt sehr eindringlich, wie die st\u00e4ndige \u00adBedrohung von au\u00dfen die Familie verunsichert und die privaten \u00adStrukturen in Frage stellt. Die Rollen von Mann und Frau definieren sich neu. Der Film erz\u00e4hlt auch von Traditionen und Moderne in den Weiten der W\u00fcste, wo die Menschen aufeinander angewiesen sind, um zu \u00fcberleben.<\/td>\n<\/tr>\n<tr>\n<td style=\"border-bottom: none;\"><a href=\"http:\/\/www.augen-blicke-afrika.de\/blog\/wp-content\/uploads\/2018\/10\/Koussaw-1a.jpg\"><img loading=\"lazy\" decoding=\"async\" class=\"wp-image-3924 size-medium alignleft\" src=\"http:\/\/www.augen-blicke-afrika.de\/blog\/wp-content\/uploads\/2018\/10\/Koussaw-1a-206x300.jpg\" width=\"206\" height=\"300\" srcset=\"http:\/\/www.augen-blicke-afrika.de\/blog\/wp-content\/uploads\/2018\/10\/Koussaw-1a-206x300.jpg 206w, http:\/\/www.augen-blicke-afrika.de\/blog\/wp-content\/uploads\/2018\/10\/Koussaw-1a.jpg 411w\" sizes=\"auto, (max-width: 206px) 100vw, 206px\" \/><\/a><\/p>\n<p><strong>Ibrahima Tour\u00e9,<\/strong> geb. 1954 in Mali, studierte in \u00adBamako und absolvierte anschlie\u00dfend verschiedene&nbsp; Medien-Seminare in Paris.<\/td>\n<\/tr>\n<\/tbody>\n<\/table>\n<div id=\"blogvision\">\n<p><iframe loading=\"lazy\" src=\"https:\/\/www.youtube.com\/embed\/A0R20XBNEkE\" allowfullscreen=\"allowfullscreen\" width=\"560\" height=\"315\" frameborder=\"0\"><\/iframe><\/p>\n<\/div>\n","protected":false},"excerpt":{"rendered":"<p>KOUSSAW Mali 2016, R.: Ibrahima Tour\u00e9, 77 Min., frz. OF., engl. UT Barou und seine Ehefrau Bibi f\u00fchren mit ihren zwei Kindern ein gl\u00fcckliches und zufriedenes Familienleben in der W\u00fcstenstadt Timbuktu. Bei einem&nbsp; Angriff von Islamisten wird ihr Sohn Kadry &hellip; <a href=\"http:\/\/www.augen-blicke-afrika.de\/blog\/filme-2018\/koussaw\/\">Weiterlesen <span class=\"meta-nav\">&rarr;<\/span><\/a><\/p>\n","protected":false},"author":3,"featured_media":5126,"parent":4190,"menu_order":0,"comment_status":"closed","ping_status":"closed","template":"afrika2018.php","meta":{"footnotes":""},"class_list":["post-3923","page","type-page","status-publish","has-post-thumbnail","hentry"],"_links":{"self":[{"href":"http:\/\/www.augen-blicke-afrika.de\/blog\/wp-json\/wp\/v2\/pages\/3923","targetHints":{"allow":["GET"]}}],"collection":[{"href":"http:\/\/www.augen-blicke-afrika.de\/blog\/wp-json\/wp\/v2\/pages"}],"about":[{"href":"http:\/\/www.augen-blicke-afrika.de\/blog\/wp-json\/wp\/v2\/types\/page"}],"author":[{"embeddable":true,"href":"http:\/\/www.augen-blicke-afrika.de\/blog\/wp-json\/wp\/v2\/users\/3"}],"replies":[{"embeddable":true,"href":"http:\/\/www.augen-blicke-afrika.de\/blog\/wp-json\/wp\/v2\/comments?post=3923"}],"version-history":[{"count":8,"href":"http:\/\/www.augen-blicke-afrika.de\/blog\/wp-json\/wp\/v2\/pages\/3923\/revisions"}],"predecessor-version":[{"id":9418,"href":"http:\/\/www.augen-blicke-afrika.de\/blog\/wp-json\/wp\/v2\/pages\/3923\/revisions\/9418"}],"up":[{"embeddable":true,"href":"http:\/\/www.augen-blicke-afrika.de\/blog\/wp-json\/wp\/v2\/pages\/4190"}],"wp:featuredmedia":[{"embeddable":true,"href":"http:\/\/www.augen-blicke-afrika.de\/blog\/wp-json\/wp\/v2\/media\/5126"}],"wp:attachment":[{"href":"http:\/\/www.augen-blicke-afrika.de\/blog\/wp-json\/wp\/v2\/media?parent=3923"}],"curies":[{"name":"wp","href":"https:\/\/api.w.org\/{rel}","templated":true}]}}