{"id":3915,"date":"2018-10-05T16:09:52","date_gmt":"2018-10-05T14:09:52","guid":{"rendered":"http:\/\/www.augen-blicke-afrika.de\/blog\/?page_id=3915"},"modified":"2025-10-31T18:51:54","modified_gmt":"2025-10-31T17:51:54","slug":"i-am-not-a-witch","status":"publish","type":"page","link":"http:\/\/www.augen-blicke-afrika.de\/blog\/filme-2018\/i-am-not-a-witch\/","title":{"rendered":"I AM NOT A WITCH"},"content":{"rendered":"<table style=\"height: 356px;\" width=\"100%\">\n<thead>\n<tr>\n<td>\n<h1><a href=\"http:\/\/www.augen-blicke-afrika.de\/blog\/wp-content\/uploads\/2018\/10\/i-am-not-a-Witch-2a.jpg\"><img loading=\"lazy\" decoding=\"async\" class=\"alignnone wp-image-3917 size-large\" src=\"http:\/\/www.augen-blicke-afrika.de\/blog\/wp-content\/uploads\/2018\/10\/i-am-not-a-Witch-2a-e1538738547463-1024x425.jpg\" width=\"584\" height=\"242\" srcset=\"http:\/\/www.augen-blicke-afrika.de\/blog\/wp-content\/uploads\/2018\/10\/i-am-not-a-Witch-2a-e1538738547463-1024x425.jpg 1024w, http:\/\/www.augen-blicke-afrika.de\/blog\/wp-content\/uploads\/2018\/10\/i-am-not-a-Witch-2a-e1538738547463-300x124.jpg 300w, http:\/\/www.augen-blicke-afrika.de\/blog\/wp-content\/uploads\/2018\/10\/i-am-not-a-Witch-2a-e1538738547463-768x319.jpg 768w, http:\/\/www.augen-blicke-afrika.de\/blog\/wp-content\/uploads\/2018\/10\/i-am-not-a-Witch-2a-e1538738547463-500x207.jpg 500w, http:\/\/www.augen-blicke-afrika.de\/blog\/wp-content\/uploads\/2018\/10\/i-am-not-a-Witch-2a-e1538738547463.jpg 1280w\" sizes=\"auto, (max-width: 584px) 100vw, 584px\" \/><\/a><\/h1>\n<h1>I AM NOT A WITCH<\/h1>\n<h3>Sambia \/ GB&nbsp; 2017, R.: Rungano Nyoni, 97 Min., Bemba \/ Nyanja \/ Tonga OF, engl. UT<\/h3>\n<\/td>\n<\/tr>\n<\/thead>\n<tbody>\n<tr>\n<td>Das M\u00e4dchen Shula ist zwar noch keine zehn Jahre alt, verf\u00fcgt aber schon \u00fcber magische Kr\u00e4fte. Das meint jedenfalls das hastig ein\u00adgesetzte Tribunal, das dem M\u00e4dchen nach einem nichtigen Vorfall im Heimatdorf Zauberei unterstellt. Sie wird in Gewahrsam genommen und in ein Hexenlager mitten in der W\u00fcste verbannt. Dort muss sie sich einem Ritual unterziehen, das ihr die neuen Regeln in ihrem Leben als Hexe aufzeigen soll. Mit einem wei\u00dfen Band wird Shula wie die anderen Frauen an einen gro\u00dfen Baum gebunden und ihr wird angedroht, dass sie sich in eine Ziege verwandeln werde, sollte sie ihre Fessel jemals durchtrennen. Als scheinbarer Befreier taucht eines Tages ein \u00adLokalpolitiker auf, der ihre F\u00e4higkeiten und Ausstrahlungskraft f\u00fcr seine politischen Machenschaften zu nutzen wei\u00df.<br \/>\nRungano Nyoni erz\u00e4hlt in ihrem Filmdeb\u00fct in atemberaubend eigenwilligen Bildern eine afrikanische Groteske, die in erfrischender Art und Weise l\u00e4ngst \u00fcberlebt geglaubte gesellschaftliche Fesseln und m\u00e4nnliches Potenzgehabe offenlegt.<\/td>\n<\/tr>\n<tr>\n<td style=\"border-bottom: none;\"><a href=\"http:\/\/www.augen-blicke-afrika.de\/blog\/wp-content\/uploads\/2018\/10\/I-am-not-a-Witch-1a.jpg\"><img loading=\"lazy\" decoding=\"async\" class=\"wp-image-3916 size-medium alignleft\" src=\"http:\/\/www.augen-blicke-afrika.de\/blog\/wp-content\/uploads\/2018\/10\/I-am-not-a-Witch-1a-202x300.jpg\" width=\"202\" height=\"300\" srcset=\"http:\/\/www.augen-blicke-afrika.de\/blog\/wp-content\/uploads\/2018\/10\/I-am-not-a-Witch-1a-202x300.jpg 202w, http:\/\/www.augen-blicke-afrika.de\/blog\/wp-content\/uploads\/2018\/10\/I-am-not-a-Witch-1a-768x1142.jpg 768w, http:\/\/www.augen-blicke-afrika.de\/blog\/wp-content\/uploads\/2018\/10\/I-am-not-a-Witch-1a-688x1024.jpg 688w, http:\/\/www.augen-blicke-afrika.de\/blog\/wp-content\/uploads\/2018\/10\/I-am-not-a-Witch-1a.jpg 800w\" sizes=\"auto, (max-width: 202px) 100vw, 202px\" \/><\/a><\/p>\n<p><strong>Rungano Nyoni<\/strong>, geb. 1982 in Sambia, lebt seit ihrem achten Lebensjahr in Wales, Gro\u00dfbritannien. Als Filmemacherin pendelt sie zwischen Sambia und Wales.<\/td>\n<\/tr>\n<\/tbody>\n<\/table>\n<p><iframe loading=\"lazy\" src=\"https:\/\/www.youtube.com\/embed\/lv_ONpV8ku8\" allowfullscreen=\"allowfullscreen\" width=\"560\" height=\"315\" frameborder=\"0\"><\/iframe><\/p>\n","protected":false},"excerpt":{"rendered":"<p>I AM NOT A WITCH Sambia \/ GB&nbsp; 2017, R.: Rungano Nyoni, 97 Min., Bemba \/ Nyanja \/ Tonga OF, engl. UT Das M\u00e4dchen Shula ist zwar noch keine zehn Jahre alt, verf\u00fcgt aber schon \u00fcber magische Kr\u00e4fte. Das meint &hellip; <a href=\"http:\/\/www.augen-blicke-afrika.de\/blog\/filme-2018\/i-am-not-a-witch\/\">Weiterlesen <span class=\"meta-nav\">&rarr;<\/span><\/a><\/p>\n","protected":false},"author":3,"featured_media":5126,"parent":4190,"menu_order":0,"comment_status":"closed","ping_status":"closed","template":"afrika2018.php","meta":{"footnotes":""},"class_list":["post-3915","page","type-page","status-publish","has-post-thumbnail","hentry"],"_links":{"self":[{"href":"http:\/\/www.augen-blicke-afrika.de\/blog\/wp-json\/wp\/v2\/pages\/3915","targetHints":{"allow":["GET"]}}],"collection":[{"href":"http:\/\/www.augen-blicke-afrika.de\/blog\/wp-json\/wp\/v2\/pages"}],"about":[{"href":"http:\/\/www.augen-blicke-afrika.de\/blog\/wp-json\/wp\/v2\/types\/page"}],"author":[{"embeddable":true,"href":"http:\/\/www.augen-blicke-afrika.de\/blog\/wp-json\/wp\/v2\/users\/3"}],"replies":[{"embeddable":true,"href":"http:\/\/www.augen-blicke-afrika.de\/blog\/wp-json\/wp\/v2\/comments?post=3915"}],"version-history":[{"count":5,"href":"http:\/\/www.augen-blicke-afrika.de\/blog\/wp-json\/wp\/v2\/pages\/3915\/revisions"}],"predecessor-version":[{"id":9416,"href":"http:\/\/www.augen-blicke-afrika.de\/blog\/wp-json\/wp\/v2\/pages\/3915\/revisions\/9416"}],"up":[{"embeddable":true,"href":"http:\/\/www.augen-blicke-afrika.de\/blog\/wp-json\/wp\/v2\/pages\/4190"}],"wp:featuredmedia":[{"embeddable":true,"href":"http:\/\/www.augen-blicke-afrika.de\/blog\/wp-json\/wp\/v2\/media\/5126"}],"wp:attachment":[{"href":"http:\/\/www.augen-blicke-afrika.de\/blog\/wp-json\/wp\/v2\/media?parent=3915"}],"curies":[{"name":"wp","href":"https:\/\/api.w.org\/{rel}","templated":true}]}}