{"id":3911,"date":"2018-10-05T16:16:32","date_gmt":"2018-10-05T14:16:32","guid":{"rendered":"http:\/\/www.augen-blicke-afrika.de\/blog\/?page_id=3911"},"modified":"2025-10-31T18:51:25","modified_gmt":"2025-10-31T17:51:25","slug":"kinshasa-makambo","status":"publish","type":"page","link":"http:\/\/www.augen-blicke-afrika.de\/blog\/filme-2018\/kinshasa-makambo\/","title":{"rendered":"KINSHASA MAKAMBO"},"content":{"rendered":"<table style=\"height: 356px;\" width=\"100%\">\n<thead>\n<tr>\n<td>\n<h1><a href=\"http:\/\/www.augen-blicke-afrika.de\/blog\/wp-content\/uploads\/2018\/10\/Kinshasa-Makambo-neu.jpg\"><img loading=\"lazy\" decoding=\"async\" class=\"alignnone wp-image-3913 size-full\" src=\"http:\/\/www.augen-blicke-afrika.de\/blog\/wp-content\/uploads\/2018\/10\/Kinshasa-Makambo-neu.jpg\" width=\"700\" height=\"394\" srcset=\"http:\/\/www.augen-blicke-afrika.de\/blog\/wp-content\/uploads\/2018\/10\/Kinshasa-Makambo-neu.jpg 700w, http:\/\/www.augen-blicke-afrika.de\/blog\/wp-content\/uploads\/2018\/10\/Kinshasa-Makambo-neu-300x169.jpg 300w, http:\/\/www.augen-blicke-afrika.de\/blog\/wp-content\/uploads\/2018\/10\/Kinshasa-Makambo-neu-500x281.jpg 500w\" sizes=\"auto, (max-width: 700px) 100vw, 700px\" \/><\/a><\/h1>\n<h1>KINSHASA MAKAMBO<\/h1>\n<h3>Dokumentarfilm, D.R. Kongo 2018, R.: Dieudo Hamadi, 74 Min., OF, dt. UT<\/h3>\n<\/td>\n<\/tr>\n<\/thead>\n<tbody>\n<tr>\n<td>Im Januar 2015 k\u00fcndigt Joseph Kabila, der Pr\u00e4sident der Demokratischen Republik Kongo, eine Verfassungs\u00e4nderung an, um sich ein drittes Mal zum Pr\u00e4sidenten w\u00e4hlen zu lassen. Seitdem protestieren wieder einmal massenhaft junge Leute in den Stra\u00dfen von Kinshasa. Der Film verfolgt drei Akteure des Widerstands: Ben, der nach Misshandlungen im Knast im New Yorker Exil lebt, entschlie\u00dft sich, in den Kongo zur\u00fcckzukehren, um seine alten Kampf\u00adgef\u00e4hrten zu unterst\u00fctzen. Jean Marie, gerade aus dem Gef\u00e4ngnis entlassen und vom Geheimdienst verfolgt, will weiter f\u00fcr demokratische Rechte streiten. Auch Christian will nicht aufgeben, obwohl es bei den Demos viele Tote und Verletzte gab.<br \/>\nInnerhalb der Gruppe kommt es zu Auseinandersetzungen \u00fcber den richtigen Weg des Widerstands. Kampf aus dem Exil heraus oder vor Ort? Gewaltfrei oder notfalls mit Gewalt?<br \/>\nMit Handkamera gefilmt, immer dicht dran und zum Teil unter ge\u00adf\u00e4hrlichen Bedingungen beleuchtet Dieudo Hamadi unter\u00adschiedliche Formen des Widerstands. Dabei wird auch die Hilflosigkeit der Aktivisten gegen\u00fcber der Macht des Staates deutlich.<\/td>\n<\/tr>\n<tr>\n<td style=\"border-bottom: none;\"><a href=\"http:\/\/www.augen-blicke-afrika.de\/blog\/wp-content\/uploads\/2018\/10\/Kinshasa-Makambo-1a.jpg\"><img loading=\"lazy\" decoding=\"async\" class=\"wp-image-3912 size-medium alignleft\" src=\"http:\/\/www.augen-blicke-afrika.de\/blog\/wp-content\/uploads\/2018\/10\/Kinshasa-Makambo-1a-211x300.jpg\" width=\"211\" height=\"300\" srcset=\"http:\/\/www.augen-blicke-afrika.de\/blog\/wp-content\/uploads\/2018\/10\/Kinshasa-Makambo-1a-211x300.jpg 211w, http:\/\/www.augen-blicke-afrika.de\/blog\/wp-content\/uploads\/2018\/10\/Kinshasa-Makambo-1a.jpg 592w\" sizes=\"auto, (max-width: 211px) 100vw, 211px\" \/><\/a><\/p>\n<p><strong>Dieudo Hamadi<\/strong>, geboren 1984 in der Demokratische Republik Kongo, ist Regisseur, Drehbuchautor und Kamera\u00admann. Nach seinem Medizinstudium absolvierte er eine Reihe von Dokumentarfilm-Workshops. Seit 2009 realisierte er zahlreiche Dokumentarfilme, u. a. 2017 \u201eMaman Colonel\u201c, den wir auf unserem Festival gezeigt haben.<\/td>\n<\/tr>\n<\/tbody>\n<\/table>\n<p><iframe loading=\"lazy\" src=\"https:\/\/player.vimeo.com\/video\/255762832?color=5e9a9b&amp;title=0&amp;byline=0&amp;portrait=0\" allowfullscreen=\"allowfullscreen\" width=\"640\" height=\"360\" frameborder=\"0\"><\/iframe><\/p>\n","protected":false},"excerpt":{"rendered":"<p>KINSHASA MAKAMBO Dokumentarfilm, D.R. Kongo 2018, R.: Dieudo Hamadi, 74 Min., OF, dt. UT Im Januar 2015 k\u00fcndigt Joseph Kabila, der Pr\u00e4sident der Demokratischen Republik Kongo, eine Verfassungs\u00e4nderung an, um sich ein drittes Mal zum Pr\u00e4sidenten w\u00e4hlen zu lassen. Seitdem &hellip; <a href=\"http:\/\/www.augen-blicke-afrika.de\/blog\/filme-2018\/kinshasa-makambo\/\">Weiterlesen <span class=\"meta-nav\">&rarr;<\/span><\/a><\/p>\n","protected":false},"author":3,"featured_media":5126,"parent":4190,"menu_order":0,"comment_status":"closed","ping_status":"closed","template":"afrika2018.php","meta":{"footnotes":""},"class_list":["post-3911","page","type-page","status-publish","has-post-thumbnail","hentry"],"_links":{"self":[{"href":"http:\/\/www.augen-blicke-afrika.de\/blog\/wp-json\/wp\/v2\/pages\/3911","targetHints":{"allow":["GET"]}}],"collection":[{"href":"http:\/\/www.augen-blicke-afrika.de\/blog\/wp-json\/wp\/v2\/pages"}],"about":[{"href":"http:\/\/www.augen-blicke-afrika.de\/blog\/wp-json\/wp\/v2\/types\/page"}],"author":[{"embeddable":true,"href":"http:\/\/www.augen-blicke-afrika.de\/blog\/wp-json\/wp\/v2\/users\/3"}],"replies":[{"embeddable":true,"href":"http:\/\/www.augen-blicke-afrika.de\/blog\/wp-json\/wp\/v2\/comments?post=3911"}],"version-history":[{"count":6,"href":"http:\/\/www.augen-blicke-afrika.de\/blog\/wp-json\/wp\/v2\/pages\/3911\/revisions"}],"predecessor-version":[{"id":9415,"href":"http:\/\/www.augen-blicke-afrika.de\/blog\/wp-json\/wp\/v2\/pages\/3911\/revisions\/9415"}],"up":[{"embeddable":true,"href":"http:\/\/www.augen-blicke-afrika.de\/blog\/wp-json\/wp\/v2\/pages\/4190"}],"wp:featuredmedia":[{"embeddable":true,"href":"http:\/\/www.augen-blicke-afrika.de\/blog\/wp-json\/wp\/v2\/media\/5126"}],"wp:attachment":[{"href":"http:\/\/www.augen-blicke-afrika.de\/blog\/wp-json\/wp\/v2\/media?parent=3911"}],"curies":[{"name":"wp","href":"https:\/\/api.w.org\/{rel}","templated":true}]}}