{"id":3906,"date":"2018-10-05T16:50:10","date_gmt":"2018-10-05T14:50:10","guid":{"rendered":"http:\/\/www.augen-blicke-afrika.de\/blog\/?page_id=3906"},"modified":"2025-10-31T18:50:49","modified_gmt":"2025-10-31T17:50:49","slug":"we-have-never-been-kids","status":"publish","type":"page","link":"http:\/\/www.augen-blicke-afrika.de\/blog\/filme-2018\/we-have-never-been-kids\/","title":{"rendered":"WE HAVE NEVER BEEN KIDS"},"content":{"rendered":"<table style=\"height: 356px;\" width=\"100%\">\n<thead>\n<tr>\n<td>\n<h1><a href=\"http:\/\/www.augen-blicke-afrika.de\/blog\/wp-content\/uploads\/2018\/10\/we-have-never-been-kids-2b.png\"><img loading=\"lazy\" decoding=\"async\" class=\"alignnone wp-image-3908 \" src=\"http:\/\/www.augen-blicke-afrika.de\/blog\/wp-content\/uploads\/2018\/10\/we-have-never-been-kids-2b.png\" width=\"626\" height=\"360\"><\/a><\/h1>\n<h1>WE HAVE NEVER BEEN KIDS<\/h1>\n<h3>Dokumentarfilm, \u00c4gypten 2016, R.: Mahmood Soliman, 87 Min., arab. OF, engl. UT<\/h3>\n<\/td>\n<\/tr>\n<\/thead>\n<tbody>\n<tr>\n<td>Nach der Trennung von ihrem Mann muss Nadia ihre vier kleinen Kinder alleine gro\u00dfziehen. Sie arbeitet als selbstst\u00e4ndige Messerschleiferin in den Stra\u00dfen von Kairo. Sie ist bem\u00fcht, ihren Kindern eine Schulausbildung zu erm\u00f6glichen und ihnen Werte zu vermitteln, die sie ert\u00fcchtigen, ein selbstbewusstes und selbstbestimmtes Leben zu f\u00fchren. Nadia setzt gro\u00dfe Hoffnungen in den \u201eArabischen Fr\u00fchling\u201c. Sie nimmt daher auch voller Elan an Demonstrationen gegen das Mubarak-Regime teil. Doch die nachfolgenden Jahre zeigen ihr, dass keine \u00c4nderung in Sicht ist. Resigniert gibt sie den politischen Kampf auf. Und obwohl sie sich ihr ganzes Leben f\u00fcr das Wohl ihrer Kinder eingesetzt hat, ist auch bei deren Entwicklung der Erfolg ausgeblieben.<br \/>\nRegisseur Mahmood Soliman hat die couragierte Mutter Nadia \u00fcber 13 Jahre mit der Kamera begleitet. So ist eine sehr beeindruckende Langzeitstudie entstanden, die auch die politischen Wirren bis heute mit einbindet.<\/td>\n<\/tr>\n<tr>\n<td style=\"border-bottom: none;\"><a href=\"http:\/\/www.augen-blicke-afrika.de\/blog\/wp-content\/uploads\/2018\/10\/we-have-never-been-kids-1b.jpg\"><img loading=\"lazy\" decoding=\"async\" class=\"wp-image-3907 size-medium alignleft\" src=\"http:\/\/www.augen-blicke-afrika.de\/blog\/wp-content\/uploads\/2018\/10\/we-have-never-been-kids-1b-300x169.jpg\" width=\"300\" height=\"169\" srcset=\"http:\/\/www.augen-blicke-afrika.de\/blog\/wp-content\/uploads\/2018\/10\/we-have-never-been-kids-1b-300x169.jpg 300w, http:\/\/www.augen-blicke-afrika.de\/blog\/wp-content\/uploads\/2018\/10\/we-have-never-been-kids-1b-768x432.jpg 768w, http:\/\/www.augen-blicke-afrika.de\/blog\/wp-content\/uploads\/2018\/10\/we-have-never-been-kids-1b-1024x576.jpg 1024w, http:\/\/www.augen-blicke-afrika.de\/blog\/wp-content\/uploads\/2018\/10\/we-have-never-been-kids-1b-500x281.jpg 500w, http:\/\/www.augen-blicke-afrika.de\/blog\/wp-content\/uploads\/2018\/10\/we-have-never-been-kids-1b.jpg 1280w\" sizes=\"auto, (max-width: 300px) 100vw, 300px\" \/><\/a><\/p>\n<p><strong>Mahmood Soliman<\/strong> studierte am \u201eCinema Institute\u201c in Kairo. Er arbeitet als Journalist f\u00fcr verschiedene Zeitungen und realisierte zahlreiche Kurzfilme. Der Film \u201eWe Have Never Been Kids\u201c ist sein erster langer Film, der mehrfach auf internationalen Festivals als beste Dokumentation ausgezeichnet wurde.<\/td>\n<\/tr>\n<\/tbody>\n<\/table>\n<p><iframe loading=\"lazy\" src=\"https:\/\/www.youtube.com\/embed\/NIejF8HwUNM\" allowfullscreen=\"allowfullscreen\" width=\"560\" height=\"315\" frameborder=\"0\"><\/iframe><\/p>\n","protected":false},"excerpt":{"rendered":"<p>WE HAVE NEVER BEEN KIDS Dokumentarfilm, \u00c4gypten 2016, R.: Mahmood Soliman, 87 Min., arab. OF, engl. UT Nach der Trennung von ihrem Mann muss Nadia ihre vier kleinen Kinder alleine gro\u00dfziehen. Sie arbeitet als selbstst\u00e4ndige Messerschleiferin in den Stra\u00dfen von &hellip; <a href=\"http:\/\/www.augen-blicke-afrika.de\/blog\/filme-2018\/we-have-never-been-kids\/\">Weiterlesen <span class=\"meta-nav\">&rarr;<\/span><\/a><\/p>\n","protected":false},"author":3,"featured_media":5126,"parent":4190,"menu_order":0,"comment_status":"closed","ping_status":"closed","template":"afrika2018.php","meta":{"footnotes":""},"class_list":["post-3906","page","type-page","status-publish","has-post-thumbnail","hentry"],"_links":{"self":[{"href":"http:\/\/www.augen-blicke-afrika.de\/blog\/wp-json\/wp\/v2\/pages\/3906","targetHints":{"allow":["GET"]}}],"collection":[{"href":"http:\/\/www.augen-blicke-afrika.de\/blog\/wp-json\/wp\/v2\/pages"}],"about":[{"href":"http:\/\/www.augen-blicke-afrika.de\/blog\/wp-json\/wp\/v2\/types\/page"}],"author":[{"embeddable":true,"href":"http:\/\/www.augen-blicke-afrika.de\/blog\/wp-json\/wp\/v2\/users\/3"}],"replies":[{"embeddable":true,"href":"http:\/\/www.augen-blicke-afrika.de\/blog\/wp-json\/wp\/v2\/comments?post=3906"}],"version-history":[{"count":7,"href":"http:\/\/www.augen-blicke-afrika.de\/blog\/wp-json\/wp\/v2\/pages\/3906\/revisions"}],"predecessor-version":[{"id":9414,"href":"http:\/\/www.augen-blicke-afrika.de\/blog\/wp-json\/wp\/v2\/pages\/3906\/revisions\/9414"}],"up":[{"embeddable":true,"href":"http:\/\/www.augen-blicke-afrika.de\/blog\/wp-json\/wp\/v2\/pages\/4190"}],"wp:featuredmedia":[{"embeddable":true,"href":"http:\/\/www.augen-blicke-afrika.de\/blog\/wp-json\/wp\/v2\/media\/5126"}],"wp:attachment":[{"href":"http:\/\/www.augen-blicke-afrika.de\/blog\/wp-json\/wp\/v2\/media?parent=3906"}],"curies":[{"name":"wp","href":"https:\/\/api.w.org\/{rel}","templated":true}]}}