{"id":3896,"date":"2018-10-08T11:24:57","date_gmt":"2018-10-08T09:24:57","guid":{"rendered":"http:\/\/www.augen-blicke-afrika.de\/blog\/?page_id=3896"},"modified":"2025-10-31T18:50:19","modified_gmt":"2025-10-31T17:50:19","slug":"revenir","status":"publish","type":"page","link":"http:\/\/www.augen-blicke-afrika.de\/blog\/filme-2018\/revenir\/","title":{"rendered":"REV\u00c9NIR"},"content":{"rendered":"<table style=\"height: 356px;\" width=\"100%\">\n<thead>\n<tr>\n<td>\n<p class=\"hide-if-no-js\"><a href=\"http:\/\/www.augen-blicke-afrika.de\/blog\/wp-content\/uploads\/2018\/10\/image001.png\"><img loading=\"lazy\" decoding=\"async\" class=\"alignnone wp-image-3898 size-full\" src=\"http:\/\/www.augen-blicke-afrika.de\/blog\/wp-content\/uploads\/2018\/10\/image001.png\" width=\"588\" height=\"331\" srcset=\"http:\/\/www.augen-blicke-afrika.de\/blog\/wp-content\/uploads\/2018\/10\/image001.png 588w, http:\/\/www.augen-blicke-afrika.de\/blog\/wp-content\/uploads\/2018\/10\/image001-300x169.png 300w, http:\/\/www.augen-blicke-afrika.de\/blog\/wp-content\/uploads\/2018\/10\/image001-500x281.png 500w\" sizes=\"auto, (max-width: 588px) 100vw, 588px\" \/><\/a><\/p>\n<h1>REV\u00c9NIR \u2013 To Return<\/h1>\n<h3>Dokumentarfilm, Australien \/ Frankreich \/ Marokko 2018, R.: David Fedele \/ Kumut Imesh, 83 Min., frz. OF, dt. UT<\/h3>\n<\/td>\n<\/tr>\n<\/thead>\n<tbody>\n<tr>\n<td>Die Geschichten westafrikanischer Migrant*Innen werden meistens durch die Perspektive fremder Journalist*Innen erz\u00e4hlt. \u201eRev\u00e9nir\u201c erz\u00e4hlt diese Ge\u00adschichte nun aus der Innenperspektive: Kumut Imesh fl\u00fcchtete vor Jahren vor dem B\u00fcrgerkrieg in seinem Land, der Elfenbeink\u00fcste. Damals gelang ihm die Flucht durch die Sahara bis nach Frankreich. Nun will er den Weg noch einmal gehen &#8211; diesmal jedoch ausgestattet mit einer Kamera, um seine Eindr\u00fccke und Erlebnisse festzuhalten. Gut vorbereitet durch die&nbsp; technischen und filmischen Anleitungen von Filmemacher David Fedele macht er sich auf den Weg nach Westafrika.<br \/>\n\u201eRevenir\u201c ist ein couragiertes Filmexperiment, ein Roadmovie, das Erinnerungen und neu Erlebtes des Fl\u00fcchtlings Kumut Imesh aufzeichnet, aus der Ferne immer eng begleitet von David Fedele. Der Film ist auch ein Dokument einer vertrauensvollen Zusammenarbeit, die nicht ohne Konsequenzen bleibt.<\/td>\n<\/tr>\n<tr>\n<td style=\"border-bottom: none;\"><strong>David Fedele<\/strong>, in Australien geboren, lebt heute als freischaffender Filmemacher in Europa und Afrika. Sein Film \u201eThe Land Between\u201c von 2014 \u00fcber die Fl\u00fcchtlingssituation in den Bergen von Marokko wurde weltweit gezeigt und mehrfach ausgezeichnet.<br \/>\n<strong>Kumut Imesh<\/strong>, geb. in der Elfenbeink\u00fcste, ist Co-Regisseur, Kameramann und Protagonist dieses Films. Nach seiner Flucht 2004, lebte er in Marokko. Dort begegnete er David Fedele, arbeitete als \u00dcbersetzer f\u00fcr ihn und entwickelte die Idee f\u00fcr diese Dokumentation. Seit 2014 wohnt er als Asylsuchender in Frankreich.<\/td>\n<\/tr>\n<\/tbody>\n<\/table>\n<p><iframe loading=\"lazy\" src=\"https:\/\/www.youtube.com\/embed\/nP-vs31b-ZY\" allow=\"autoplay; encrypted-media\" allowfullscreen=\"\" width=\"560\" height=\"315\" frameborder=\"0\"><\/iframe><br \/>\n&nbsp;<\/p>\n","protected":false},"excerpt":{"rendered":"<p>REV\u00c9NIR \u2013 To Return Dokumentarfilm, Australien \/ Frankreich \/ Marokko 2018, R.: David Fedele \/ Kumut Imesh, 83 Min., frz. OF, dt. UT Die Geschichten westafrikanischer Migrant*Innen werden meistens durch die Perspektive fremder Journalist*Innen erz\u00e4hlt. \u201eRev\u00e9nir\u201c erz\u00e4hlt diese Ge\u00adschichte nun &hellip; <a href=\"http:\/\/www.augen-blicke-afrika.de\/blog\/filme-2018\/revenir\/\">Weiterlesen <span class=\"meta-nav\">&rarr;<\/span><\/a><\/p>\n","protected":false},"author":3,"featured_media":3686,"parent":4190,"menu_order":0,"comment_status":"closed","ping_status":"closed","template":"afrika2018.php","meta":{"footnotes":""},"class_list":["post-3896","page","type-page","status-publish","has-post-thumbnail","hentry"],"_links":{"self":[{"href":"http:\/\/www.augen-blicke-afrika.de\/blog\/wp-json\/wp\/v2\/pages\/3896","targetHints":{"allow":["GET"]}}],"collection":[{"href":"http:\/\/www.augen-blicke-afrika.de\/blog\/wp-json\/wp\/v2\/pages"}],"about":[{"href":"http:\/\/www.augen-blicke-afrika.de\/blog\/wp-json\/wp\/v2\/types\/page"}],"author":[{"embeddable":true,"href":"http:\/\/www.augen-blicke-afrika.de\/blog\/wp-json\/wp\/v2\/users\/3"}],"replies":[{"embeddable":true,"href":"http:\/\/www.augen-blicke-afrika.de\/blog\/wp-json\/wp\/v2\/comments?post=3896"}],"version-history":[{"count":7,"href":"http:\/\/www.augen-blicke-afrika.de\/blog\/wp-json\/wp\/v2\/pages\/3896\/revisions"}],"predecessor-version":[{"id":6990,"href":"http:\/\/www.augen-blicke-afrika.de\/blog\/wp-json\/wp\/v2\/pages\/3896\/revisions\/6990"}],"up":[{"embeddable":true,"href":"http:\/\/www.augen-blicke-afrika.de\/blog\/wp-json\/wp\/v2\/pages\/4190"}],"wp:featuredmedia":[{"embeddable":true,"href":"http:\/\/www.augen-blicke-afrika.de\/blog\/wp-json\/wp\/v2\/media\/3686"}],"wp:attachment":[{"href":"http:\/\/www.augen-blicke-afrika.de\/blog\/wp-json\/wp\/v2\/media?parent=3896"}],"curies":[{"name":"wp","href":"https:\/\/api.w.org\/{rel}","templated":true}]}}