{"id":3894,"date":"2018-10-05T16:25:03","date_gmt":"2018-10-05T14:25:03","guid":{"rendered":"http:\/\/www.augen-blicke-afrika.de\/blog\/?page_id=3894"},"modified":"2025-10-31T18:49:47","modified_gmt":"2025-10-31T17:49:47","slug":"makala","status":"publish","type":"page","link":"http:\/\/www.augen-blicke-afrika.de\/blog\/filme-2018\/makala\/","title":{"rendered":"MAKALA"},"content":{"rendered":"<table style=\"height: 356px;\" width=\"100%\">\n<thead>\n<tr>\n<td>\n<p class=\"hide-if-no-js\"><a href=\"http:\/\/www.augen-blicke-afrika.de\/blog\/wp-content\/uploads\/2018\/10\/makala-3.jpg\"><img loading=\"lazy\" decoding=\"async\" class=\"alignnone wp-image-3903 size-full\" src=\"http:\/\/www.augen-blicke-afrika.de\/blog\/wp-content\/uploads\/2018\/10\/makala-3.jpg\" width=\"1000\" height=\"563\" srcset=\"http:\/\/www.augen-blicke-afrika.de\/blog\/wp-content\/uploads\/2018\/10\/makala-3.jpg 1000w, http:\/\/www.augen-blicke-afrika.de\/blog\/wp-content\/uploads\/2018\/10\/makala-3-300x169.jpg 300w, http:\/\/www.augen-blicke-afrika.de\/blog\/wp-content\/uploads\/2018\/10\/makala-3-768x432.jpg 768w, http:\/\/www.augen-blicke-afrika.de\/blog\/wp-content\/uploads\/2018\/10\/makala-3-500x282.jpg 500w\" sizes=\"auto, (max-width: 1000px) 100vw, 1000px\" \/><\/a><\/p>\n<h1>MAKALA<\/h1>\n<h3>Dokumentarfilm, Frankreich \/ Kongo 2017, R.: Emmanuel Grass, 96 Min., Swahili OF, engl. UT<\/h3>\n<\/td>\n<\/tr>\n<\/thead>\n<tbody>\n<tr>\n<td>Der Filmemacher Emmanuel Grass begleitet im s\u00fcdlichen Kongo hautnah einen jungen K\u00f6hler bei seiner Arbeit. Ein riesiger Baum wird von ihm mit der Axt bearbeitet, bis er st\u00f6hnend und krachend zur Seite f\u00e4llt. In kleine St\u00fccke zerlegt, wird das Holz vergl\u00fcht und nach einigen Tagen als Holzkohle in S\u00e4cke verpackt. Nun beginnt der anstrengende&nbsp; Transport der vielen S\u00e4cke mit dem Fahrrad in die zwei Tagesreisen entfernte Stadt. Der Weg f\u00fchrt \u00fcber Feldwege, \u00fcber staubige Pisten und entlang asphaltierter Stra\u00dfen, auf denen der Verkehr vorbei donnert. Die m\u00fchselige und k\u00f6rperlich harte Arbeit des K\u00f6hlers wird von Kamera und Ton ganz nah begleitet. Der beeindruckende Film kommt ohne Kommentar aus, er lebt von der sehr verdichteten Aufnahmetechnik und seinem Protagonisten und macht so das Geschehen sp\u00fcrbar.<\/td>\n<\/tr>\n<tr>\n<td style=\"border-bottom: none;\"><strong><a href=\"http:\/\/www.augen-blicke-afrika.de\/blog\/wp-content\/uploads\/2018\/10\/makala-1a.jpg\"><img loading=\"lazy\" decoding=\"async\" class=\"wp-image-3904 size-medium alignleft\" src=\"http:\/\/www.augen-blicke-afrika.de\/blog\/wp-content\/uploads\/2018\/10\/makala-1a-203x300.jpg\" width=\"203\" height=\"300\" srcset=\"http:\/\/www.augen-blicke-afrika.de\/blog\/wp-content\/uploads\/2018\/10\/makala-1a-203x300.jpg 203w, http:\/\/www.augen-blicke-afrika.de\/blog\/wp-content\/uploads\/2018\/10\/makala-1a-768x1138.jpg 768w, http:\/\/www.augen-blicke-afrika.de\/blog\/wp-content\/uploads\/2018\/10\/makala-1a-691x1024.jpg 691w, http:\/\/www.augen-blicke-afrika.de\/blog\/wp-content\/uploads\/2018\/10\/makala-1a.jpg 2025w\" sizes=\"auto, (max-width: 203px) 100vw, 203px\" \/><\/a><\/strong><\/p>\n<p><strong>Emmanuel Grass<\/strong>, geb. 1976, studierte in Paris und arbeitete zun\u00e4chst als Kameramann f\u00fcr andere \u00adProjekte, bevor er eigene Dokumentarfilme realisierte.<br \/>\nMakala gewann 2017 in Cannes in der Sektion \u00ad\u201eSemaine de la Critique\u201c den Hauptpreis.<\/p>\n<p>&nbsp;<\/td>\n<\/tr>\n<\/tbody>\n<\/table>\n<p><iframe loading=\"lazy\" src=\"https:\/\/www.youtube.com\/embed\/60aln4xPpLM\" allowfullscreen=\"allowfullscreen\" width=\"560\" height=\"315\" frameborder=\"0\"><\/iframe><\/p>\n","protected":false},"excerpt":{"rendered":"<p>MAKALA Dokumentarfilm, Frankreich \/ Kongo 2017, R.: Emmanuel Grass, 96 Min., Swahili OF, engl. UT Der Filmemacher Emmanuel Grass begleitet im s\u00fcdlichen Kongo hautnah einen jungen K\u00f6hler bei seiner Arbeit. Ein riesiger Baum wird von ihm mit der Axt bearbeitet, &hellip; <a href=\"http:\/\/www.augen-blicke-afrika.de\/blog\/filme-2018\/makala\/\">Weiterlesen <span class=\"meta-nav\">&rarr;<\/span><\/a><\/p>\n","protected":false},"author":3,"featured_media":5126,"parent":4190,"menu_order":0,"comment_status":"closed","ping_status":"closed","template":"afrika2018.php","meta":{"footnotes":""},"class_list":["post-3894","page","type-page","status-publish","has-post-thumbnail","hentry"],"_links":{"self":[{"href":"http:\/\/www.augen-blicke-afrika.de\/blog\/wp-json\/wp\/v2\/pages\/3894","targetHints":{"allow":["GET"]}}],"collection":[{"href":"http:\/\/www.augen-blicke-afrika.de\/blog\/wp-json\/wp\/v2\/pages"}],"about":[{"href":"http:\/\/www.augen-blicke-afrika.de\/blog\/wp-json\/wp\/v2\/types\/page"}],"author":[{"embeddable":true,"href":"http:\/\/www.augen-blicke-afrika.de\/blog\/wp-json\/wp\/v2\/users\/3"}],"replies":[{"embeddable":true,"href":"http:\/\/www.augen-blicke-afrika.de\/blog\/wp-json\/wp\/v2\/comments?post=3894"}],"version-history":[{"count":7,"href":"http:\/\/www.augen-blicke-afrika.de\/blog\/wp-json\/wp\/v2\/pages\/3894\/revisions"}],"predecessor-version":[{"id":9413,"href":"http:\/\/www.augen-blicke-afrika.de\/blog\/wp-json\/wp\/v2\/pages\/3894\/revisions\/9413"}],"up":[{"embeddable":true,"href":"http:\/\/www.augen-blicke-afrika.de\/blog\/wp-json\/wp\/v2\/pages\/4190"}],"wp:featuredmedia":[{"embeddable":true,"href":"http:\/\/www.augen-blicke-afrika.de\/blog\/wp-json\/wp\/v2\/media\/5126"}],"wp:attachment":[{"href":"http:\/\/www.augen-blicke-afrika.de\/blog\/wp-json\/wp\/v2\/media?parent=3894"}],"curies":[{"name":"wp","href":"https:\/\/api.w.org\/{rel}","templated":true}]}}