{"id":3883,"date":"2018-10-04T17:27:46","date_gmt":"2018-10-04T15:27:46","guid":{"rendered":"http:\/\/www.augen-blicke-afrika.de\/blog\/?page_id=3883"},"modified":"2025-10-31T18:48:19","modified_gmt":"2025-10-31T17:48:19","slug":"vivre-riche","status":"publish","type":"page","link":"http:\/\/www.augen-blicke-afrika.de\/blog\/filme-2018\/vivre-riche\/","title":{"rendered":"VIVRE RICHE"},"content":{"rendered":"<table style=\"height: 356px;\" width=\"100%\">\n<thead>\n<tr>\n<td>\n<h1><a href=\"http:\/\/www.augen-blicke-afrika.de\/blog\/wp-content\/uploads\/2018\/10\/vivre-riche-2a.png\"><img loading=\"lazy\" decoding=\"async\" class=\"alignnone wp-image-3885 size-large\" src=\"http:\/\/www.augen-blicke-afrika.de\/blog\/wp-content\/uploads\/2018\/10\/vivre-riche-2a-1024x581.png\" width=\"584\" height=\"331\" srcset=\"http:\/\/www.augen-blicke-afrika.de\/blog\/wp-content\/uploads\/2018\/10\/vivre-riche-2a-1024x581.png 1024w, http:\/\/www.augen-blicke-afrika.de\/blog\/wp-content\/uploads\/2018\/10\/vivre-riche-2a-300x170.png 300w, http:\/\/www.augen-blicke-afrika.de\/blog\/wp-content\/uploads\/2018\/10\/vivre-riche-2a-768x436.png 768w, http:\/\/www.augen-blicke-afrika.de\/blog\/wp-content\/uploads\/2018\/10\/vivre-riche-2a-500x284.png 500w, http:\/\/www.augen-blicke-afrika.de\/blog\/wp-content\/uploads\/2018\/10\/vivre-riche-2a.png 1903w\" sizes=\"auto, (max-width: 584px) 100vw, 584px\" \/><\/a><\/h1>\n<h1>VIVRE RICHE<\/h1>\n<h3>Dokumentarfilm, Burkina Faso \/ Frankreich \/ Belgien 2017, R.: Jo\u00ebl Akafou, 53 Min.,Dioula \/ frz. OF, engl. UT<\/h3>\n<\/td>\n<\/tr>\n<\/thead>\n<tbody>\n<tr>\n<td>\u201eRolex, der Portugiese\u201c hat im benachbarten Burkina Faso vergeblich sein Gl\u00fcck versucht. Jetzt ist der Jugendliche zur\u00fcck in Abidjan, um hier endlich mit einer neuen Gesch\u00e4ftsidee viel Geld zu verdienen. Mit seinen Kumpels nutzt er die M\u00f6glichkeiten, die das Internet bietet. Auf entsprechenden Portalen finden sie einsame, liebeshungrige europ\u00e4ische Frauen, die die Jungs vergn\u00fcglich mit vielen sch\u00f6nen, sensibel erdachten Geschichten bezirzen, um sie dann zu Geld\u00fcberweisungen zu bewegen. Das Geld wird dann sofort umgesetzt in Alkohol und coole Klamotten oder in Discos verjubelt.<br \/>\nAllen Jugendlichen ist klar, dass ihre Familien nie etwas davon erfahren d\u00fcrfen. So verstricken sie sich immer mehr in L\u00fcgengeschichten, um die Herkunft der Gelder zu verschleiern. Schlie\u00dflich ist das, was sie tun, strafbar. Aber was haben sie zu verlieren, wenn es in ihrem Land keine Arbeit und damit keine Zukunftsperspektive f\u00fcr junge M\u00e4nner gibt?<br \/>\nDer Film tastet sich sehr sensibel heran an die Gef\u00fchle, Hoffnungen und widerspr\u00fcchlichen Verhaltensweisen der Jugendlichen.<\/td>\n<\/tr>\n<tr>\n<td style=\"border-bottom: none;\"><a href=\"http:\/\/www.augen-blicke-afrika.de\/blog\/wp-content\/uploads\/2018\/10\/vivre-riche-1a.jpg\"><img loading=\"lazy\" decoding=\"async\" class=\"wp-image-3886 size-medium alignleft\" src=\"http:\/\/www.augen-blicke-afrika.de\/blog\/wp-content\/uploads\/2018\/10\/vivre-riche-1a-200x300.jpg\" width=\"200\" height=\"300\" srcset=\"http:\/\/www.augen-blicke-afrika.de\/blog\/wp-content\/uploads\/2018\/10\/vivre-riche-1a-200x300.jpg 200w, http:\/\/www.augen-blicke-afrika.de\/blog\/wp-content\/uploads\/2018\/10\/vivre-riche-1a-768x1153.jpg 768w, http:\/\/www.augen-blicke-afrika.de\/blog\/wp-content\/uploads\/2018\/10\/vivre-riche-1a-682x1024.jpg 682w, http:\/\/www.augen-blicke-afrika.de\/blog\/wp-content\/uploads\/2018\/10\/vivre-riche-1a.jpg 1066w\" sizes=\"auto, (max-width: 200px) 100vw, 200px\" \/><\/a><\/p>\n<p><strong>Jo\u00ebl Akafou<\/strong>, geb. 1986 in der Elfenbeink\u00fcste, absolvierte ein Studium am \u201eInstitut Sup\u00e9rieur de l\u2019Image et du Son\u201c in Ouagadougou \/ Burkina Faso. Er arbeitet als Drehbuch\u00adautor, Regisseur, Dramaturg und Toningenieur.<\/td>\n<\/tr>\n<\/tbody>\n<\/table>\n<p><iframe loading=\"lazy\" src=\"https:\/\/www.youtube.com\/embed\/OcYNyn6kF2s\" allowfullscreen=\"allowfullscreen\" width=\"560\" height=\"315\" frameborder=\"0\"><\/iframe><\/p>\n","protected":false},"excerpt":{"rendered":"<p>VIVRE RICHE Dokumentarfilm, Burkina Faso \/ Frankreich \/ Belgien 2017, R.: Jo\u00ebl Akafou, 53 Min.,Dioula \/ frz. OF, engl. UT \u201eRolex, der Portugiese\u201c hat im benachbarten Burkina Faso vergeblich sein Gl\u00fcck versucht. Jetzt ist der Jugendliche zur\u00fcck in Abidjan, um &hellip; <a href=\"http:\/\/www.augen-blicke-afrika.de\/blog\/filme-2018\/vivre-riche\/\">Weiterlesen <span class=\"meta-nav\">&rarr;<\/span><\/a><\/p>\n","protected":false},"author":3,"featured_media":5126,"parent":4190,"menu_order":0,"comment_status":"closed","ping_status":"closed","template":"afrika2018.php","meta":{"footnotes":""},"class_list":["post-3883","page","type-page","status-publish","has-post-thumbnail","hentry"],"_links":{"self":[{"href":"http:\/\/www.augen-blicke-afrika.de\/blog\/wp-json\/wp\/v2\/pages\/3883","targetHints":{"allow":["GET"]}}],"collection":[{"href":"http:\/\/www.augen-blicke-afrika.de\/blog\/wp-json\/wp\/v2\/pages"}],"about":[{"href":"http:\/\/www.augen-blicke-afrika.de\/blog\/wp-json\/wp\/v2\/types\/page"}],"author":[{"embeddable":true,"href":"http:\/\/www.augen-blicke-afrika.de\/blog\/wp-json\/wp\/v2\/users\/3"}],"replies":[{"embeddable":true,"href":"http:\/\/www.augen-blicke-afrika.de\/blog\/wp-json\/wp\/v2\/comments?post=3883"}],"version-history":[{"count":6,"href":"http:\/\/www.augen-blicke-afrika.de\/blog\/wp-json\/wp\/v2\/pages\/3883\/revisions"}],"predecessor-version":[{"id":9410,"href":"http:\/\/www.augen-blicke-afrika.de\/blog\/wp-json\/wp\/v2\/pages\/3883\/revisions\/9410"}],"up":[{"embeddable":true,"href":"http:\/\/www.augen-blicke-afrika.de\/blog\/wp-json\/wp\/v2\/pages\/4190"}],"wp:featuredmedia":[{"embeddable":true,"href":"http:\/\/www.augen-blicke-afrika.de\/blog\/wp-json\/wp\/v2\/media\/5126"}],"wp:attachment":[{"href":"http:\/\/www.augen-blicke-afrika.de\/blog\/wp-json\/wp\/v2\/media?parent=3883"}],"curies":[{"name":"wp","href":"https:\/\/api.w.org\/{rel}","templated":true}]}}