{"id":3879,"date":"2018-10-04T17:24:59","date_gmt":"2018-10-04T15:24:59","guid":{"rendered":"http:\/\/www.augen-blicke-afrika.de\/blog\/?page_id=3879"},"modified":"2025-10-31T18:47:58","modified_gmt":"2025-10-31T17:47:58","slug":"cairo-jazzman","status":"publish","type":"page","link":"http:\/\/www.augen-blicke-afrika.de\/blog\/filme-2018\/cairo-jazzman\/","title":{"rendered":"CAIRO JAZZMAN"},"content":{"rendered":"<table style=\"height: 356px;\" width=\"100%\">\n<thead>\n<tr>\n<td>\n<h1><a href=\"http:\/\/www.augen-blicke-afrika.de\/blog\/wp-content\/uploads\/2018\/10\/CairoJazzman-4.jpeg\"><img loading=\"lazy\" decoding=\"async\" class=\"alignnone wp-image-3880 size-full\" src=\"http:\/\/www.augen-blicke-afrika.de\/blog\/wp-content\/uploads\/2018\/10\/CairoJazzman-4.jpeg\" width=\"2048\" height=\"1107\" srcset=\"http:\/\/www.augen-blicke-afrika.de\/blog\/wp-content\/uploads\/2018\/10\/CairoJazzman-4.jpeg 2048w, http:\/\/www.augen-blicke-afrika.de\/blog\/wp-content\/uploads\/2018\/10\/CairoJazzman-4-300x162.jpeg 300w, http:\/\/www.augen-blicke-afrika.de\/blog\/wp-content\/uploads\/2018\/10\/CairoJazzman-4-768x415.jpeg 768w, http:\/\/www.augen-blicke-afrika.de\/blog\/wp-content\/uploads\/2018\/10\/CairoJazzman-4-1024x554.jpeg 1024w, http:\/\/www.augen-blicke-afrika.de\/blog\/wp-content\/uploads\/2018\/10\/CairoJazzman-4-500x270.jpeg 500w\" sizes=\"auto, (max-width: 2048px) 100vw, 2048px\" \/><\/a><\/h1>\n<h1>CAIRO JAZZMAN &#8211; The Groove of a Megacity<\/h1>\n<h3>Musik-Dokumentarfilm,&nbsp; Deutschland 2017, R.: Atef Ben Bouzid, 82 Min., arab. \/ engl. OF, engl. UT<\/h3>\n<\/td>\n<\/tr>\n<\/thead>\n<tbody>\n<tr>\n<td>Wie schafft man es, in einem unruhigen, muslimisch gepr\u00e4gten Land immer wieder ein gro\u00dfes internationales Jazz-Festival auf die Beine zu stellen? Amr Salah, \u00e4gyptischer Jazzpianist und Komponist, k\u00e4mpft seit 2009 jedes Jahr darum, seinen Traum zu verwirklichen. Der Film \u00adbegleitet ihn privat, bei Beh\u00f6rdeng\u00e4ngen und bei der Organisation rund ums Festival. Jazz ist zu seinem Lebensinhalt geworden, weil diese Musik in seinen Augen v\u00f6lkerverbindend ist und der Jugend ein \u00adspezielles Sprachrohr gibt. F\u00fcr Amr Salah ist Jazz ein vielf\u00e4ltiger \u00adMusikstil, der damit auch f\u00fcr Liberalit\u00e4t und Offenheit einer Gesellschaft steht, f\u00fcr die es sich zu k\u00e4mpfen lohnt.<br \/>\nDer politische Musikfilm bietet vielschichtige Ein\u00adblicke in das allt\u00e4gliche Leben der Megacity Kairo. Der Sound auf den Stra\u00dfen ist spannend unterlegt mit groovenden Jazzelementen.<\/td>\n<\/tr>\n<tr>\n<td style=\"border-bottom: none;\"><a href=\"http:\/\/www.augen-blicke-afrika.de\/blog\/wp-content\/uploads\/2018\/10\/cairo-jazzman-2a.jpg\"><img loading=\"lazy\" decoding=\"async\" class=\"wp-image-3881 size-full alignleft\" src=\"http:\/\/www.augen-blicke-afrika.de\/blog\/wp-content\/uploads\/2018\/10\/cairo-jazzman-2a.jpg\" width=\"189\" height=\"267\"><\/a><\/p>\n<p><strong>Atef Ben Bouzid<\/strong> ist ein deutscher Journalist, Regisseur und Produzent aus Berlin, mit dem Fokus auf Sport, Musik und Gesellschaft. &#8220;Cairo Jazzman&#8221; ist sein Regiedeb\u00fct.<\/td>\n<\/tr>\n<\/tbody>\n<\/table>\n<p><iframe loading=\"lazy\" src=\"https:\/\/www.youtube.com\/embed\/OwxKYwLuKws\" allowfullscreen=\"allowfullscreen\" width=\"560\" height=\"315\" frameborder=\"0\"><\/iframe><\/p>\n","protected":false},"excerpt":{"rendered":"<p>CAIRO JAZZMAN &#8211; The Groove of a Megacity Musik-Dokumentarfilm,&nbsp; Deutschland 2017, R.: Atef Ben Bouzid, 82 Min., arab. \/ engl. OF, engl. UT Wie schafft man es, in einem unruhigen, muslimisch gepr\u00e4gten Land immer wieder ein gro\u00dfes internationales Jazz-Festival auf &hellip; <a href=\"http:\/\/www.augen-blicke-afrika.de\/blog\/filme-2018\/cairo-jazzman\/\">Weiterlesen <span class=\"meta-nav\">&rarr;<\/span><\/a><\/p>\n","protected":false},"author":3,"featured_media":5126,"parent":4190,"menu_order":0,"comment_status":"closed","ping_status":"closed","template":"afrika2018.php","meta":{"footnotes":""},"class_list":["post-3879","page","type-page","status-publish","has-post-thumbnail","hentry"],"_links":{"self":[{"href":"http:\/\/www.augen-blicke-afrika.de\/blog\/wp-json\/wp\/v2\/pages\/3879","targetHints":{"allow":["GET"]}}],"collection":[{"href":"http:\/\/www.augen-blicke-afrika.de\/blog\/wp-json\/wp\/v2\/pages"}],"about":[{"href":"http:\/\/www.augen-blicke-afrika.de\/blog\/wp-json\/wp\/v2\/types\/page"}],"author":[{"embeddable":true,"href":"http:\/\/www.augen-blicke-afrika.de\/blog\/wp-json\/wp\/v2\/users\/3"}],"replies":[{"embeddable":true,"href":"http:\/\/www.augen-blicke-afrika.de\/blog\/wp-json\/wp\/v2\/comments?post=3879"}],"version-history":[{"count":7,"href":"http:\/\/www.augen-blicke-afrika.de\/blog\/wp-json\/wp\/v2\/pages\/3879\/revisions"}],"predecessor-version":[{"id":9409,"href":"http:\/\/www.augen-blicke-afrika.de\/blog\/wp-json\/wp\/v2\/pages\/3879\/revisions\/9409"}],"up":[{"embeddable":true,"href":"http:\/\/www.augen-blicke-afrika.de\/blog\/wp-json\/wp\/v2\/pages\/4190"}],"wp:featuredmedia":[{"embeddable":true,"href":"http:\/\/www.augen-blicke-afrika.de\/blog\/wp-json\/wp\/v2\/media\/5126"}],"wp:attachment":[{"href":"http:\/\/www.augen-blicke-afrika.de\/blog\/wp-json\/wp\/v2\/media?parent=3879"}],"curies":[{"name":"wp","href":"https:\/\/api.w.org\/{rel}","templated":true}]}}