{"id":3870,"date":"2018-10-05T16:23:12","date_gmt":"2018-10-05T14:23:12","guid":{"rendered":"http:\/\/www.augen-blicke-afrika.de\/blog\/?page_id=3870"},"modified":"2025-10-31T18:46:47","modified_gmt":"2025-10-31T17:46:47","slug":"lendemains-incertains","status":"publish","type":"page","link":"http:\/\/www.augen-blicke-afrika.de\/blog\/filme-2018\/lendemains-incertains\/","title":{"rendered":"LENDEMAINS INCERTAINS"},"content":{"rendered":"<table style=\"height: 356px;\" width=\"100%\">\n<thead>\n<tr>\n<td>\n<h1><a href=\"http:\/\/www.augen-blicke-afrika.de\/blog\/wp-content\/uploads\/2018\/10\/Lendemains-incertains-2a.jpg\"><img loading=\"lazy\" decoding=\"async\" class=\"alignnone wp-image-3875\" src=\"http:\/\/www.augen-blicke-afrika.de\/blog\/wp-content\/uploads\/2018\/10\/Lendemains-incertains-2a.jpg\" alt=\"Lendemains incertains 2a\" width=\"562\" height=\"343\"><\/a><\/h1>\n<h1>LENDEMAINS INCERTAINS \u2013 Uncertain Future<\/h1>\n<h3>Dokumentarfilm, Burundi \/ Frankreich \/ Belgien 2018, R.: Eddy Munyaneza, 70 Min., frz. OF, dt. UT<\/h3>\n<\/td>\n<\/tr>\n<\/thead>\n<tbody>\n<tr>\n<td>Nach zehn Jahren Amtszeit erkl\u00e4rt der Pr\u00e4sident von Burundi Pierre Nkurunziza im April 2015, dass er entgegen der Verfassungslage im Juni zum dritten Mal&nbsp; kandieren werde. Das treibt Tausende junge Menschen auf die Stra\u00dfe, gefolgt von massiver Polizeigewalt und blutigen Stra\u00dfenk\u00e4mpfen. Viele Tote, Massenverhaftungen und Fl\u00fcchtlingsstr\u00f6me im Land und in die Nachbarl\u00e4nder sind die Folge.<br \/>\nDer Filmemacher und Journalist Eddy Munyaneza dokumentiert in beein\u00addruckender Weise diesen Ausbruch der Gewalt und zeigt die Opfer. Sein Engagement bringt nicht nur ihn, sondern auch seine Frau und die drei Kinder in Gefahr, die daraufhin ins Nachbarland Ruanda fl\u00fcchten. Auch der Regisseur sucht schlie\u00dflich Schutz im Senegal und kann so auch alles Filmmaterial retten. Und dann beginnt die Suche nach seiner Frau und den Kindern.<br \/>\nDer Film schildert die ganz pers\u00f6nliche Geschichte dieses mutigen Journalisten, er steht aber auch f\u00fcr das Schicksal vieler tausend Menschen, die noch heute in Fl\u00fcchtlingslagern in den Nach\u00adbarl\u00e4ndern leben.<\/td>\n<\/tr>\n<tr>\n<td style=\"border-bottom: none;\"><a href=\"http:\/\/www.augen-blicke-afrika.de\/blog\/wp-content\/uploads\/2018\/10\/lendemains-incertains-1a.jpg\"><img loading=\"lazy\" decoding=\"async\" class=\"size-full wp-image-3876 alignleft\" src=\"http:\/\/www.augen-blicke-afrika.de\/blog\/wp-content\/uploads\/2018\/10\/lendemains-incertains-1a.jpg\" alt=\"lendemains incertains 1a\" width=\"183\" height=\"275\"><\/a><\/p>\n<p>&nbsp;<\/p>\n<p><strong>Eddy Munyaneza<\/strong>, geb. 1981 in Burundi, floh 2015 nach Senegal und studierte dort&nbsp; Dokumentarfilm. Er ist \u00adFilmemacher und Kameramann.<\/td>\n<\/tr>\n<\/tbody>\n<\/table>\n<p><iframe loading=\"lazy\" src=\"https:\/\/player.vimeo.com\/video\/264212389\" allowfullscreen=\"allowfullscreen\" width=\"640\" height=\"360\" frameborder=\"0\"><\/iframe><\/p>\n","protected":false},"excerpt":{"rendered":"<p>LENDEMAINS INCERTAINS \u2013 Uncertain Future Dokumentarfilm, Burundi \/ Frankreich \/ Belgien 2018, R.: Eddy Munyaneza, 70 Min., frz. OF, dt. UT Nach zehn Jahren Amtszeit erkl\u00e4rt der Pr\u00e4sident von Burundi Pierre Nkurunziza im April 2015, dass er entgegen der Verfassungslage &hellip; <a href=\"http:\/\/www.augen-blicke-afrika.de\/blog\/filme-2018\/lendemains-incertains\/\">Weiterlesen <span class=\"meta-nav\">&rarr;<\/span><\/a><\/p>\n","protected":false},"author":3,"featured_media":5126,"parent":4190,"menu_order":0,"comment_status":"closed","ping_status":"closed","template":"afrika2018.php","meta":{"footnotes":""},"class_list":["post-3870","page","type-page","status-publish","has-post-thumbnail","hentry"],"_links":{"self":[{"href":"http:\/\/www.augen-blicke-afrika.de\/blog\/wp-json\/wp\/v2\/pages\/3870","targetHints":{"allow":["GET"]}}],"collection":[{"href":"http:\/\/www.augen-blicke-afrika.de\/blog\/wp-json\/wp\/v2\/pages"}],"about":[{"href":"http:\/\/www.augen-blicke-afrika.de\/blog\/wp-json\/wp\/v2\/types\/page"}],"author":[{"embeddable":true,"href":"http:\/\/www.augen-blicke-afrika.de\/blog\/wp-json\/wp\/v2\/users\/3"}],"replies":[{"embeddable":true,"href":"http:\/\/www.augen-blicke-afrika.de\/blog\/wp-json\/wp\/v2\/comments?post=3870"}],"version-history":[{"count":10,"href":"http:\/\/www.augen-blicke-afrika.de\/blog\/wp-json\/wp\/v2\/pages\/3870\/revisions"}],"predecessor-version":[{"id":9408,"href":"http:\/\/www.augen-blicke-afrika.de\/blog\/wp-json\/wp\/v2\/pages\/3870\/revisions\/9408"}],"up":[{"embeddable":true,"href":"http:\/\/www.augen-blicke-afrika.de\/blog\/wp-json\/wp\/v2\/pages\/4190"}],"wp:featuredmedia":[{"embeddable":true,"href":"http:\/\/www.augen-blicke-afrika.de\/blog\/wp-json\/wp\/v2\/media\/5126"}],"wp:attachment":[{"href":"http:\/\/www.augen-blicke-afrika.de\/blog\/wp-json\/wp\/v2\/media?parent=3870"}],"curies":[{"name":"wp","href":"https:\/\/api.w.org\/{rel}","templated":true}]}}