{"id":3859,"date":"2018-10-05T15:48:03","date_gmt":"2018-10-05T13:48:03","guid":{"rendered":"http:\/\/www.augen-blicke-afrika.de\/blog\/?page_id=3859"},"modified":"2025-10-31T18:44:34","modified_gmt":"2025-10-31T17:44:34","slug":"balon","status":"publish","type":"page","link":"http:\/\/www.augen-blicke-afrika.de\/blog\/filme-2018\/balon\/","title":{"rendered":"BALON"},"content":{"rendered":"<table style=\"height: 356px;\" width=\"100%\">\n<thead>\n<tr>\n<td>\n<p class=\"hide-if-no-js\"><a href=\"http:\/\/www.augen-blicke-afrika.de\/blog\/wp-content\/uploads\/2018\/10\/balon-the-Ball-2.jpg\"><img loading=\"lazy\" decoding=\"async\" class=\"alignnone size-large wp-image-3861\" src=\"http:\/\/www.augen-blicke-afrika.de\/blog\/wp-content\/uploads\/2018\/10\/balon-the-Ball-2-1024x576.jpg\" alt=\"balon - the Ball 2\" width=\"584\" height=\"329\" srcset=\"http:\/\/www.augen-blicke-afrika.de\/blog\/wp-content\/uploads\/2018\/10\/balon-the-Ball-2-1024x576.jpg 1024w, http:\/\/www.augen-blicke-afrika.de\/blog\/wp-content\/uploads\/2018\/10\/balon-the-Ball-2-300x169.jpg 300w, http:\/\/www.augen-blicke-afrika.de\/blog\/wp-content\/uploads\/2018\/10\/balon-the-Ball-2-768x432.jpg 768w, http:\/\/www.augen-blicke-afrika.de\/blog\/wp-content\/uploads\/2018\/10\/balon-the-Ball-2-500x281.jpg 500w\" sizes=\"auto, (max-width: 584px) 100vw, 584px\" \/><\/a><\/p>\n<h1>BALON &#8211; The Ball<\/h1>\n<h3>Sierra Leone \/ Italien 2017, R.: Pasquale Scimeca, 89 Min., OF, engl. UT<\/h3>\n<\/td>\n<\/tr>\n<\/thead>\n<tbody>\n<tr>\n<td>Der zehnj\u00e4hrige Amin lebt unbek\u00fcmmert in einem kleinen, abgelegenen Dorf. Seine Lieblingsbesch\u00e4ftigung ist, Fu\u00dfball zu spielen. Den einzigen Ball im Ort h\u00fctet er wie einen Schatz, doch eines Tages ist die Luft raus. Als er gerade dabei ist, in einem W\u00e4ldchen den Ball mit Bl\u00e4ttern aufzupolstern, st\u00fcrmen bewaffnete M\u00e4nner das Dorf. F\u00fcr die meisten Bewohner gibt es kein Entrinnen, sie werden niedergemetzelt, die H\u00e4user stehen in Flammen. Amin kann mit seiner \u00e4lteren Schwester Asoko in den Busch fliehen. Dort treffen sie auf einen alten Mann, der sie anweist, Richtung Norden, nach Schweden zu Verwandten zu gehen. Seinen geliebten Ball muss Amin zur\u00fccklassen. Die Geschwister machen sich auf in eine unbekannte Zukunft, nicht wissend, wo Schweden liegt und welchen Gefahren sie auf dem Weg dorthin ausgeliefert sind.<br \/>\nDer Film zeigt sowohl dokumentarisch als auch inszeniert den Teil der Fl\u00fcchtlingsschicksale, der sich in Afrika abspielt, mit besonderem Blick auf unbegleitete Kinder. Er zeichnet die Hauptroute nach, die durch die Sahara bis nach Libyen f\u00fchrt.<br \/>\nDie beiden Kinder Amin und Asako, die diese dramatische Flucht so beeindruckend spielen, fand der Regisseur in einem Dorf in Sierra Leone.<\/td>\n<\/tr>\n<tr>\n<td style=\"border-bottom: none;\"><strong><a href=\"http:\/\/www.augen-blicke-afrika.de\/blog\/wp-content\/uploads\/2018\/10\/balon-The-Ball-1a.jpg\"><img loading=\"lazy\" decoding=\"async\" class=\"size-medium wp-image-3860 alignleft\" src=\"http:\/\/www.augen-blicke-afrika.de\/blog\/wp-content\/uploads\/2018\/10\/balon-The-Ball-1a-253x300.jpg\" alt=\"balon - The Ball 1a\" width=\"253\" height=\"300\" srcset=\"http:\/\/www.augen-blicke-afrika.de\/blog\/wp-content\/uploads\/2018\/10\/balon-The-Ball-1a-253x300.jpg 253w, http:\/\/www.augen-blicke-afrika.de\/blog\/wp-content\/uploads\/2018\/10\/balon-The-Ball-1a-768x912.jpg 768w, http:\/\/www.augen-blicke-afrika.de\/blog\/wp-content\/uploads\/2018\/10\/balon-The-Ball-1a-862x1024.jpg 862w, http:\/\/www.augen-blicke-afrika.de\/blog\/wp-content\/uploads\/2018\/10\/balon-The-Ball-1a.jpg 909w\" sizes=\"auto, (max-width: 253px) 100vw, 253px\" \/><\/a><\/strong><\/p>\n<p>&nbsp;<\/p>\n<p><strong>Pasquale Scimeca<\/strong>, geb. 1956 in Italien, ist ein renommierter Regisseur und Produzent zahlreicher Filme. Als Sizilianer erlebte er \u00fcber viele Jahre die Ankunft von Fl\u00fcchtlingen auf der Insel und h\u00f6rte ihre dramatischen \u00adGeschichten.<\/p>\n<p>&nbsp;<\/td>\n<\/tr>\n<\/tbody>\n<\/table>\n<p><iframe loading=\"lazy\" src=\"https:\/\/www.youtube.com\/embed\/bX6Z0rAwx7g\" allowfullscreen=\"allowfullscreen\" width=\"560\" height=\"315\" frameborder=\"0\"><\/iframe><\/p>\n","protected":false},"excerpt":{"rendered":"<p>BALON &#8211; The Ball Sierra Leone \/ Italien 2017, R.: Pasquale Scimeca, 89 Min., OF, engl. UT Der zehnj\u00e4hrige Amin lebt unbek\u00fcmmert in einem kleinen, abgelegenen Dorf. Seine Lieblingsbesch\u00e4ftigung ist, Fu\u00dfball zu spielen. Den einzigen Ball im Ort h\u00fctet er &hellip; <a href=\"http:\/\/www.augen-blicke-afrika.de\/blog\/filme-2018\/balon\/\">Weiterlesen <span class=\"meta-nav\">&rarr;<\/span><\/a><\/p>\n","protected":false},"author":3,"featured_media":5126,"parent":4190,"menu_order":0,"comment_status":"closed","ping_status":"closed","template":"afrika2018.php","meta":{"footnotes":""},"class_list":["post-3859","page","type-page","status-publish","has-post-thumbnail","hentry"],"_links":{"self":[{"href":"http:\/\/www.augen-blicke-afrika.de\/blog\/wp-json\/wp\/v2\/pages\/3859","targetHints":{"allow":["GET"]}}],"collection":[{"href":"http:\/\/www.augen-blicke-afrika.de\/blog\/wp-json\/wp\/v2\/pages"}],"about":[{"href":"http:\/\/www.augen-blicke-afrika.de\/blog\/wp-json\/wp\/v2\/types\/page"}],"author":[{"embeddable":true,"href":"http:\/\/www.augen-blicke-afrika.de\/blog\/wp-json\/wp\/v2\/users\/3"}],"replies":[{"embeddable":true,"href":"http:\/\/www.augen-blicke-afrika.de\/blog\/wp-json\/wp\/v2\/comments?post=3859"}],"version-history":[{"count":6,"href":"http:\/\/www.augen-blicke-afrika.de\/blog\/wp-json\/wp\/v2\/pages\/3859\/revisions"}],"predecessor-version":[{"id":9405,"href":"http:\/\/www.augen-blicke-afrika.de\/blog\/wp-json\/wp\/v2\/pages\/3859\/revisions\/9405"}],"up":[{"embeddable":true,"href":"http:\/\/www.augen-blicke-afrika.de\/blog\/wp-json\/wp\/v2\/pages\/4190"}],"wp:featuredmedia":[{"embeddable":true,"href":"http:\/\/www.augen-blicke-afrika.de\/blog\/wp-json\/wp\/v2\/media\/5126"}],"wp:attachment":[{"href":"http:\/\/www.augen-blicke-afrika.de\/blog\/wp-json\/wp\/v2\/media?parent=3859"}],"curies":[{"name":"wp","href":"https:\/\/api.w.org\/{rel}","templated":true}]}}