{"id":3847,"date":"2018-10-05T15:56:19","date_gmt":"2018-10-05T13:56:19","guid":{"rendered":"http:\/\/www.augen-blicke-afrika.de\/blog\/?page_id=3847"},"modified":"2025-10-31T18:43:37","modified_gmt":"2025-10-31T17:43:37","slug":"djon-africa","status":"publish","type":"page","link":"http:\/\/www.augen-blicke-afrika.de\/blog\/filme-2018\/djon-africa\/","title":{"rendered":"DJON \u00c1FRICA"},"content":{"rendered":"<table style=\"height: 356px;\" width=\"100%\">\n<thead>\n<tr>\n<td>\n<p class=\"hide-if-no-js\"><a href=\"http:\/\/www.augen-blicke-afrika.de\/blog\/wp-content\/uploads\/2018\/10\/dijon-Africa-2-a.jpg\"><img loading=\"lazy\" decoding=\"async\" class=\"alignnone size-large wp-image-3850\" src=\"http:\/\/www.augen-blicke-afrika.de\/blog\/wp-content\/uploads\/2018\/10\/dijon-Africa-2-a-1024x683.jpg\" alt=\"dijon Africa 2 a\" width=\"584\" height=\"390\" srcset=\"http:\/\/www.augen-blicke-afrika.de\/blog\/wp-content\/uploads\/2018\/10\/dijon-Africa-2-a-1024x683.jpg 1024w, http:\/\/www.augen-blicke-afrika.de\/blog\/wp-content\/uploads\/2018\/10\/dijon-Africa-2-a-300x200.jpg 300w, http:\/\/www.augen-blicke-afrika.de\/blog\/wp-content\/uploads\/2018\/10\/dijon-Africa-2-a-768x512.jpg 768w, http:\/\/www.augen-blicke-afrika.de\/blog\/wp-content\/uploads\/2018\/10\/dijon-Africa-2-a-450x300.jpg 450w, http:\/\/www.augen-blicke-afrika.de\/blog\/wp-content\/uploads\/2018\/10\/dijon-Africa-2-a.jpg 1200w\" sizes=\"auto, (max-width: 584px) 100vw, 584px\" \/><\/a><\/p>\n<h1>DJON \u00c1FRICA<\/h1>\n<h3>Portugal \/ Kap Verden \/ Brasilien 2018,<br \/>\nR.: Filipa Reis \/ Jo\u00e3o Miller Guerra, 96 Min., kreol. \/ port. OF, engl. UT<\/h3>\n<\/td>\n<\/tr>\n<\/thead>\n<tbody>\n<tr>\n<td>Miguel, als Rapper unter dem Namen \u201eTibars\u201c bekannt, ist in Lissabon bei seiner Gro\u00dfmutter aufgewachsen. Er liebt das Leben und die Frauen, aber er f\u00fchlt sich auch immer irgendwie fremd in Portugal. Eines Tages erz\u00e4hlt ihm ein Mann auf der Stra\u00dfe, er sei das exakte Abbild seines Vaters, n\u00e4mlich ein Spieler und Gauner. Betroffen und verunsichert&nbsp; befragt er seine Oma und erf\u00e4hrt, dass sein Vater vor langer Zeit zur\u00fcck auf die Kap Verden gegangen sei. Neugierig geworden macht er sich auf, um auf dieser Inselgruppe vor der westafrikanischen K\u00fcste nach der v\u00e4terlichen Familie zu suchen. Als \u201eDjon \u00c1frica\u201c taucht er ein in die unbekannte Inselwelt. Doch auch hier wird der Portugiese mit afrikanischen Wurzeln als Fremder wahrgenommen &#8211; die Suche nach Identit\u00e4t geht weiter.<br \/>\nSpielerisch und zugleich durchdrungen von einer leisen Melancholie begleitet diese dokumentarisch anmutende Inszenierung seine Hauptfigur. Gleichzeitig zeichnet der Film ein ebenso sensibles wie vielfarbiges Portr\u00e4t der Kapverdischen Inseln: von ihrer kargen Sch\u00f6nheit, ihren Traditionen, ihren Bewohnern zwischen Lebensfreude und \u00dcber\u00adlebenskampf.<\/td>\n<\/tr>\n<tr>\n<td style=\"border-bottom: none;\"><strong><a href=\"http:\/\/www.augen-blicke-afrika.de\/blog\/wp-content\/uploads\/2018\/10\/Djon-Africa-1-b.jpg\"><img loading=\"lazy\" decoding=\"async\" class=\"size-medium wp-image-3851 alignleft\" src=\"http:\/\/www.augen-blicke-afrika.de\/blog\/wp-content\/uploads\/2018\/10\/Djon-Africa-1-b-210x300.jpg\" alt=\"Djon Africa 1 b\" width=\"210\" height=\"300\" srcset=\"http:\/\/www.augen-blicke-afrika.de\/blog\/wp-content\/uploads\/2018\/10\/Djon-Africa-1-b-210x300.jpg 210w, http:\/\/www.augen-blicke-afrika.de\/blog\/wp-content\/uploads\/2018\/10\/Djon-Africa-1-b-768x1098.jpg 768w, http:\/\/www.augen-blicke-afrika.de\/blog\/wp-content\/uploads\/2018\/10\/Djon-Africa-1-b-716x1024.jpg 716w, http:\/\/www.augen-blicke-afrika.de\/blog\/wp-content\/uploads\/2018\/10\/Djon-Africa-1-b.jpg 839w\" sizes=\"auto, (max-width: 210px) 100vw, 210px\" \/><\/a><\/strong><\/p>\n<p><strong>Miguel Moreira<\/strong>, der Hauptdarsteller, ist Rapper und stammt selbst von den Kap Verden.<\/p>\n<p><strong>Filipa Reis<\/strong>, geb. 1977, und <strong>Jo\u00e3o Miller Guerra<\/strong>, geb. 1974, leben und arbeiten zusammen in Lissabon. Sie \u00adrealisieren seit 2010 Dokumentarfilme, die auf vielen \u00adinternationalen Festivals gezeigt und ausgezeichnet \u00adwurden. \u201eDjon \u00c1frica\u201c ist ihr erster Spielfilm.<\/p>\n<p>&nbsp;<\/td>\n<\/tr>\n<\/tbody>\n<\/table>\n<p><iframe loading=\"lazy\" src=\"https:\/\/player.vimeo.com\/video\/252505982\" allowfullscreen=\"allowfullscreen\" width=\"640\" height=\"360\" frameborder=\"0\"><\/iframe><\/p>\n","protected":false},"excerpt":{"rendered":"<p>DJON \u00c1FRICA Portugal \/ Kap Verden \/ Brasilien 2018, R.: Filipa Reis \/ Jo\u00e3o Miller Guerra, 96 Min., kreol. \/ port. OF, engl. UT Miguel, als Rapper unter dem Namen \u201eTibars\u201c bekannt, ist in Lissabon bei seiner Gro\u00dfmutter aufgewachsen. Er &hellip; <a href=\"http:\/\/www.augen-blicke-afrika.de\/blog\/filme-2018\/djon-africa\/\">Weiterlesen <span class=\"meta-nav\">&rarr;<\/span><\/a><\/p>\n","protected":false},"author":3,"featured_media":5126,"parent":4190,"menu_order":0,"comment_status":"closed","ping_status":"closed","template":"afrika2018.php","meta":{"footnotes":""},"class_list":["post-3847","page","type-page","status-publish","has-post-thumbnail","hentry"],"_links":{"self":[{"href":"http:\/\/www.augen-blicke-afrika.de\/blog\/wp-json\/wp\/v2\/pages\/3847","targetHints":{"allow":["GET"]}}],"collection":[{"href":"http:\/\/www.augen-blicke-afrika.de\/blog\/wp-json\/wp\/v2\/pages"}],"about":[{"href":"http:\/\/www.augen-blicke-afrika.de\/blog\/wp-json\/wp\/v2\/types\/page"}],"author":[{"embeddable":true,"href":"http:\/\/www.augen-blicke-afrika.de\/blog\/wp-json\/wp\/v2\/users\/3"}],"replies":[{"embeddable":true,"href":"http:\/\/www.augen-blicke-afrika.de\/blog\/wp-json\/wp\/v2\/comments?post=3847"}],"version-history":[{"count":8,"href":"http:\/\/www.augen-blicke-afrika.de\/blog\/wp-json\/wp\/v2\/pages\/3847\/revisions"}],"predecessor-version":[{"id":9403,"href":"http:\/\/www.augen-blicke-afrika.de\/blog\/wp-json\/wp\/v2\/pages\/3847\/revisions\/9403"}],"up":[{"embeddable":true,"href":"http:\/\/www.augen-blicke-afrika.de\/blog\/wp-json\/wp\/v2\/pages\/4190"}],"wp:featuredmedia":[{"embeddable":true,"href":"http:\/\/www.augen-blicke-afrika.de\/blog\/wp-json\/wp\/v2\/media\/5126"}],"wp:attachment":[{"href":"http:\/\/www.augen-blicke-afrika.de\/blog\/wp-json\/wp\/v2\/media?parent=3847"}],"curies":[{"name":"wp","href":"https:\/\/api.w.org\/{rel}","templated":true}]}}