{"id":3842,"date":"2018-10-05T15:52:50","date_gmt":"2018-10-05T13:52:50","guid":{"rendered":"http:\/\/www.augen-blicke-afrika.de\/blog\/?page_id=3842"},"modified":"2025-10-31T18:43:07","modified_gmt":"2025-10-31T17:43:07","slug":"burkinabe-rising","status":"publish","type":"page","link":"http:\/\/www.augen-blicke-afrika.de\/blog\/filme-2018\/burkinabe-rising\/","title":{"rendered":"BURKINAB\u00c9 RISING"},"content":{"rendered":"<table style=\"height: 356px;\" width=\"100%\">\n<thead>\n<tr>\n<td>\n<p class=\"hide-if-no-js\"><a href=\"http:\/\/www.augen-blicke-afrika.de\/blog\/wp-content\/uploads\/2018\/10\/burkinabe-rising-2-a.png\"><img loading=\"lazy\" decoding=\"async\" class=\"alignnone size-full wp-image-3844\" src=\"http:\/\/www.augen-blicke-afrika.de\/blog\/wp-content\/uploads\/2018\/10\/burkinabe-rising-2-a.png\" alt=\"burkinabe rising 2 a\" width=\"751\" height=\"418\" srcset=\"http:\/\/www.augen-blicke-afrika.de\/blog\/wp-content\/uploads\/2018\/10\/burkinabe-rising-2-a.png 751w, http:\/\/www.augen-blicke-afrika.de\/blog\/wp-content\/uploads\/2018\/10\/burkinabe-rising-2-a-300x167.png 300w, http:\/\/www.augen-blicke-afrika.de\/blog\/wp-content\/uploads\/2018\/10\/burkinabe-rising-2-a-500x278.png 500w\" sizes=\"auto, (max-width: 751px) 100vw, 751px\" \/><\/a><\/p>\n<h1>BURKINAB\u00c9 RISING &#8211; The Art of Resistance in Burkina Faso<\/h1>\n<h3>Dokumentarfilm, Burkina Faso \/ USA 2017, R.: Iara Lee, 71 Min., fr. \/ engl. OF, engl. UT<\/h3>\n<\/td>\n<\/tr>\n<\/thead>\n<tbody>\n<tr>\n<td>Die Jugend war es, die 2014 in Burkina Faso auf die Stra\u00dfe ging und gegen die erneute Amtsverl\u00e4ngerung des seit 27 Jahren regierenden Pr\u00e4sidenten Blaise Compaor\u00e9 rebellierte und ihn dann zum R\u00fccktritt zwang. Seither hat sich im ganzen Land eine Kunst des Widerstands entwickelt, die viele Ausdrucksformen hat. Musiker, T\u00e4nzer, Theatermacher, Maler und Filmschaffende orientieren sich dabei an der revolution\u00e4ren Kraft, die einst von Thomas Sankara ausging, der nach nur vier Jahren Regierungszeit 1987 ermordet wurde.<br \/>\nDer Film greift vielf\u00e4ltige Kunst- und Musikprojekte auf, mit denen die Aktivisten mobilisieren und informieren wollen, um den politischen Wandel voranzutreiben. Allen K\u00fcnstlern liegt dabei viel daran, Tradition und Moderne zu vereinen, denn das Kennen der Traditionen verstehen sie als Erdung, um daraus eine eigene afrikanische Identit\u00e4t zu entwickeln, die sich gegen die Globalisierungseinfl\u00fcsse behaupten kann.<\/td>\n<\/tr>\n<tr>\n<td style=\"border-bottom: none;\"><a href=\"http:\/\/www.augen-blicke-afrika.de\/blog\/wp-content\/uploads\/2018\/10\/Burkinabe-Rising-1.jpg\"><img loading=\"lazy\" decoding=\"async\" class=\"size-full wp-image-3845 alignleft\" src=\"http:\/\/www.augen-blicke-afrika.de\/blog\/wp-content\/uploads\/2018\/10\/Burkinabe-Rising-1.jpg\" alt=\"Burkinabe Rising 1\" width=\"188\" height=\"268\"><\/a><\/p>\n<p><strong>Iara Lee<\/strong>, geb. 1966, ist eine koreanisch-brasilianische Regisseurin, Filmproduzentin und Aktivistin. Sie ist Gr\u00fcnderin und Direktorin von \u201eCultures of Resistence Network\u201c, einer Organisation, die f\u00fcr eine gerechtere Welt k\u00e4mpft, indem sie weltweit friedliche Aktionen und kreativen Widerstand unterst\u00fctzt und \u00f6ffentlich macht.<\/p>\n<p>&nbsp;<\/td>\n<\/tr>\n<\/tbody>\n<\/table>\n<p><iframe loading=\"lazy\" src=\"https:\/\/www.youtube.com\/embed\/0NvrxUucNfg\" allow=\"autoplay; encrypted-media\" allowfullscreen=\"\" width=\"560\" height=\"315\" frameborder=\"0\"><\/iframe><\/p>\n","protected":false},"excerpt":{"rendered":"<p>BURKINAB\u00c9 RISING &#8211; The Art of Resistance in Burkina Faso Dokumentarfilm, Burkina Faso \/ USA 2017, R.: Iara Lee, 71 Min., fr. \/ engl. OF, engl. UT Die Jugend war es, die 2014 in Burkina Faso auf die Stra\u00dfe ging &hellip; <a href=\"http:\/\/www.augen-blicke-afrika.de\/blog\/filme-2018\/burkinabe-rising\/\">Weiterlesen <span class=\"meta-nav\">&rarr;<\/span><\/a><\/p>\n","protected":false},"author":3,"featured_media":5126,"parent":4190,"menu_order":0,"comment_status":"closed","ping_status":"closed","template":"afrika2018.php","meta":{"footnotes":""},"class_list":["post-3842","page","type-page","status-publish","has-post-thumbnail","hentry"],"_links":{"self":[{"href":"http:\/\/www.augen-blicke-afrika.de\/blog\/wp-json\/wp\/v2\/pages\/3842","targetHints":{"allow":["GET"]}}],"collection":[{"href":"http:\/\/www.augen-blicke-afrika.de\/blog\/wp-json\/wp\/v2\/pages"}],"about":[{"href":"http:\/\/www.augen-blicke-afrika.de\/blog\/wp-json\/wp\/v2\/types\/page"}],"author":[{"embeddable":true,"href":"http:\/\/www.augen-blicke-afrika.de\/blog\/wp-json\/wp\/v2\/users\/3"}],"replies":[{"embeddable":true,"href":"http:\/\/www.augen-blicke-afrika.de\/blog\/wp-json\/wp\/v2\/comments?post=3842"}],"version-history":[{"count":7,"href":"http:\/\/www.augen-blicke-afrika.de\/blog\/wp-json\/wp\/v2\/pages\/3842\/revisions"}],"predecessor-version":[{"id":9402,"href":"http:\/\/www.augen-blicke-afrika.de\/blog\/wp-json\/wp\/v2\/pages\/3842\/revisions\/9402"}],"up":[{"embeddable":true,"href":"http:\/\/www.augen-blicke-afrika.de\/blog\/wp-json\/wp\/v2\/pages\/4190"}],"wp:featuredmedia":[{"embeddable":true,"href":"http:\/\/www.augen-blicke-afrika.de\/blog\/wp-json\/wp\/v2\/media\/5126"}],"wp:attachment":[{"href":"http:\/\/www.augen-blicke-afrika.de\/blog\/wp-json\/wp\/v2\/media?parent=3842"}],"curies":[{"name":"wp","href":"https:\/\/api.w.org\/{rel}","templated":true}]}}