{"id":3839,"date":"2018-10-05T16:07:42","date_gmt":"2018-10-05T14:07:42","guid":{"rendered":"http:\/\/www.augen-blicke-afrika.de\/blog\/?page_id=3839"},"modified":"2025-10-31T18:41:09","modified_gmt":"2025-10-31T17:41:09","slug":"galamsey","status":"publish","type":"page","link":"http:\/\/www.augen-blicke-afrika.de\/blog\/filme-2018\/galamsey\/","title":{"rendered":"GALAMSEY"},"content":{"rendered":"<table style=\"height: 356px;\" width=\"100%\">\n<thead>\n<tr>\n<td>\n<h1><a href=\"http:\/\/www.augen-blicke-afrika.de\/blog\/wp-content\/uploads\/2018\/10\/Galamsey94.jpg\"><img loading=\"lazy\" decoding=\"async\" class=\"alignnone size-large wp-image-3840\" src=\"http:\/\/www.augen-blicke-afrika.de\/blog\/wp-content\/uploads\/2018\/10\/Galamsey94-1024x576.jpg\" alt=\"Galamsey94\" width=\"584\" height=\"329\" srcset=\"http:\/\/www.augen-blicke-afrika.de\/blog\/wp-content\/uploads\/2018\/10\/Galamsey94-1024x576.jpg 1024w, http:\/\/www.augen-blicke-afrika.de\/blog\/wp-content\/uploads\/2018\/10\/Galamsey94-300x169.jpg 300w, http:\/\/www.augen-blicke-afrika.de\/blog\/wp-content\/uploads\/2018\/10\/Galamsey94-768x432.jpg 768w, http:\/\/www.augen-blicke-afrika.de\/blog\/wp-content\/uploads\/2018\/10\/Galamsey94-500x281.jpg 500w, http:\/\/www.augen-blicke-afrika.de\/blog\/wp-content\/uploads\/2018\/10\/Galamsey94.jpg 1920w\" sizes=\"auto, (max-width: 584px) 100vw, 584px\" \/><\/a><\/h1>\n<h1>GALAMSEY \u2013 F\u00fcr eine Handvoll Gold<\/h1>\n<h3>Dokumentarfilm, Deutschland 2017, R.: Johannes Preuss, 29 Min, dt. OF<\/h3>\n<\/td>\n<\/tr>\n<\/thead>\n<tbody>\n<tr>\n<td>\u201eGalamsey\u201c wurde im letzten Jahr in Los Angeles mit dem Studenten-Oscar in der Kategorie Best International Documentary ausgezeichnet. Er widmet sich dem illegalen Goldbergbau in Ghana und zeigt die extremen Arbeitsbedingungen, die die Gesundheit der Menschen gef\u00e4hrden. Die enormen Auswirkungen des Goldsch\u00fcrfens belasten die Umwelt des westafrikanischen Landes sehr (Wasservergiftung, Luftverschmutzung, durch Raubbau fehlende Fl\u00e4chen). Ghana ist, nach S\u00fcdafrika, der zweitgr\u00f6\u00dfte Goldproduzent Afrikas (ca. 80 Tonnen pro Jahr). Mittlerweile sollen bis zu 40% des ghanaischen Goldes aus illegalem Abbau stammen. Bis zu einer Million Menschen aus ganz Westafrika, unter ihnen viele Kinder, leben in provisorischen Lagern und suchen in m\u00fchsamer Handarbeit nach dem Edelmetall. Das Geld auf Kosten der Menschen und der Zukunft Ghanas verdienen aber multinationale Konzerne.<\/td>\n<\/tr>\n<tr>\n<td style=\"border-bottom: none;\"><strong>Johannes Preuss<\/strong> ist 1983 in Berlin geboren und absolvierte die Filmakademie Baden-W\u00fcrttemberg. Zuvor arbeitete er bereits als Autor und Produzent, vornehmlich in Ghana, Nigeria und Mittelamerika.<\/td>\n<\/tr>\n<\/tbody>\n<\/table>\n<p><iframe loading=\"lazy\" src=\"https:\/\/player.vimeo.com\/video\/205891939\" allowfullscreen=\"allowfullscreen\" width=\"640\" height=\"360\" frameborder=\"0\"><\/iframe><\/p>\n","protected":false},"excerpt":{"rendered":"<p>GALAMSEY \u2013 F\u00fcr eine Handvoll Gold Dokumentarfilm, Deutschland 2017, R.: Johannes Preuss, 29 Min, dt. OF \u201eGalamsey\u201c wurde im letzten Jahr in Los Angeles mit dem Studenten-Oscar in der Kategorie Best International Documentary ausgezeichnet. Er widmet sich dem illegalen Goldbergbau &hellip; <a href=\"http:\/\/www.augen-blicke-afrika.de\/blog\/filme-2018\/galamsey\/\">Weiterlesen <span class=\"meta-nav\">&rarr;<\/span><\/a><\/p>\n","protected":false},"author":3,"featured_media":5126,"parent":4190,"menu_order":0,"comment_status":"closed","ping_status":"closed","template":"afrika2018.php","meta":{"footnotes":""},"class_list":["post-3839","page","type-page","status-publish","has-post-thumbnail","hentry"],"_links":{"self":[{"href":"http:\/\/www.augen-blicke-afrika.de\/blog\/wp-json\/wp\/v2\/pages\/3839","targetHints":{"allow":["GET"]}}],"collection":[{"href":"http:\/\/www.augen-blicke-afrika.de\/blog\/wp-json\/wp\/v2\/pages"}],"about":[{"href":"http:\/\/www.augen-blicke-afrika.de\/blog\/wp-json\/wp\/v2\/types\/page"}],"author":[{"embeddable":true,"href":"http:\/\/www.augen-blicke-afrika.de\/blog\/wp-json\/wp\/v2\/users\/3"}],"replies":[{"embeddable":true,"href":"http:\/\/www.augen-blicke-afrika.de\/blog\/wp-json\/wp\/v2\/comments?post=3839"}],"version-history":[{"count":6,"href":"http:\/\/www.augen-blicke-afrika.de\/blog\/wp-json\/wp\/v2\/pages\/3839\/revisions"}],"predecessor-version":[{"id":6980,"href":"http:\/\/www.augen-blicke-afrika.de\/blog\/wp-json\/wp\/v2\/pages\/3839\/revisions\/6980"}],"up":[{"embeddable":true,"href":"http:\/\/www.augen-blicke-afrika.de\/blog\/wp-json\/wp\/v2\/pages\/4190"}],"wp:featuredmedia":[{"embeddable":true,"href":"http:\/\/www.augen-blicke-afrika.de\/blog\/wp-json\/wp\/v2\/media\/5126"}],"wp:attachment":[{"href":"http:\/\/www.augen-blicke-afrika.de\/blog\/wp-json\/wp\/v2\/media?parent=3839"}],"curies":[{"name":"wp","href":"https:\/\/api.w.org\/{rel}","templated":true}]}}