{"id":3819,"date":"2018-10-05T16:37:01","date_gmt":"2018-10-05T14:37:01","guid":{"rendered":"http:\/\/www.augen-blicke-afrika.de\/blog\/?page_id=3819"},"modified":"2025-10-31T18:42:26","modified_gmt":"2025-10-31T17:42:26","slug":"silas","status":"publish","type":"page","link":"http:\/\/www.augen-blicke-afrika.de\/blog\/filme-2018\/silas\/","title":{"rendered":"SILAS"},"content":{"rendered":"<table style=\"height: 356px;\" width=\"100%\">\n<thead>\n<tr>\n<td>\n<p class=\"hide-if-no-js\"><a href=\"http:\/\/www.augen-blicke-afrika.de\/blog\/wp-content\/uploads\/2018\/10\/silas-3-1600x900.jpg\"><img loading=\"lazy\" decoding=\"async\" class=\"alignnone wp-image-3820\" src=\"http:\/\/www.augen-blicke-afrika.de\/blog\/wp-content\/uploads\/2018\/10\/silas-3-1600x900.jpg\" alt=\"silas 3 1600x900\" width=\"584\" height=\"334\"><\/a><\/p>\n<h1>SILAS<\/h1>\n<h3>Dokumentarfilm, Liberia \/ Kanada 2017, R.: Anjali Nayar \/ Hawa Essuman, 79 Min., OF, dt. UT<\/h3>\n<\/td>\n<\/tr>\n<\/thead>\n<tbody>\n<tr>\n<td>\u00dcber f\u00fcnf Jahre haben die Regisseurinnen den Umweltaktivisten Silas Siakor in Liberia begleitet bei seinem unerm\u00fcdlichen Kampf gegen Abholzung der Tropenw\u00e4lder, Vertreibung der dort ans\u00e4ssigen Landbev\u00f6lkerung und gegen die Korruption, die das alles erst erm\u00f6glicht. Der 1970 geborene Silas kannte f\u00fcnfundzwanzig Jahre lang nur B\u00fcrgerkrieg und musste als Forstaufseher mit ansehen, wie der gr\u00f6\u00dfte Teil des tropischen Regenwalds abgeholzt wurde, um f\u00fcr Palm\u00f6lplantagen ausl\u00e4ndischer Konzerne Platz zu machen. Er begann, die Umweltvergehen akribisch zu erfassen und zu fotografieren. 2004 wurde auch dank seiner Arbeit ein Holzhandelsembargo von der UNO verh\u00e4ngt, aber daran hielt sich auch die neue Regierung ab 2006 nicht. Mit Handy-Kameras drehen Silas und andere Aktivisten die erneuten Verst\u00f6\u00dfe und verbreiten sie \u00fcber eine App, um Anspr\u00fcche und Rechte der betroffenen Landbev\u00f6lkerung politisch durchzusetzen.<br \/>\nGro\u00dfe Unterst\u00fctzung erf\u00e4hrt Silas \u00fcber alle Jahre durch seine Ehefrau Marlay. Mit ihrem Humor und Kampfgeist steht das Paar exemplarisch f\u00fcr eine neue Generation des politischen Widerstandes. Und nun will Silas auch aktiv in die Politik gehen, er kandidiert f\u00fcr das Parlament.<\/td>\n<\/tr>\n<tr>\n<td style=\"border-bottom: none;\"><a href=\"http:\/\/www.augen-blicke-afrika.de\/blog\/wp-content\/uploads\/2018\/10\/silas_websiteSIFFAdded.png\"><img loading=\"lazy\" decoding=\"async\" class=\"size-medium wp-image-3821 alignleft\" src=\"http:\/\/www.augen-blicke-afrika.de\/blog\/wp-content\/uploads\/2018\/10\/silas_websiteSIFFAdded-300x169.png\" alt=\"silas_website+SIFF+Added\" width=\"300\" height=\"169\" srcset=\"http:\/\/www.augen-blicke-afrika.de\/blog\/wp-content\/uploads\/2018\/10\/silas_websiteSIFFAdded-300x169.png 300w, http:\/\/www.augen-blicke-afrika.de\/blog\/wp-content\/uploads\/2018\/10\/silas_websiteSIFFAdded-768x432.png 768w, http:\/\/www.augen-blicke-afrika.de\/blog\/wp-content\/uploads\/2018\/10\/silas_websiteSIFFAdded-500x282.png 500w, http:\/\/www.augen-blicke-afrika.de\/blog\/wp-content\/uploads\/2018\/10\/silas_websiteSIFFAdded.png 1000w\" sizes=\"auto, (max-width: 300px) 100vw, 300px\" \/><\/a><br \/>\n<strong>Anjali Nayar<\/strong> lebt in Kanada und Kenia. Als Videojournalistin, Regisseurin und Produzentin arbeitet sie in verschiedenen L\u00e4ndern Afrikas.<strong>Hawa Essuman<\/strong> ist in Hamburg geboren und arbeitete zun\u00e4chst als Theaterregisseurin. Sie ist Schauspielerin und Regisseurin mehrerer Kurzfilme. Heute lebt und arbeitet sie in Kenia.<\/td>\n<\/tr>\n<\/tbody>\n<\/table>\n<p><iframe loading=\"lazy\" src=\"https:\/\/www.youtube.com\/embed\/7JBHXu6VLbw\" allowfullscreen=\"allowfullscreen\" width=\"560\" height=\"315\" frameborder=\"0\"><\/iframe><\/p>\n","protected":false},"excerpt":{"rendered":"<p>SILAS Dokumentarfilm, Liberia \/ Kanada 2017, R.: Anjali Nayar \/ Hawa Essuman, 79 Min., OF, dt. UT \u00dcber f\u00fcnf Jahre haben die Regisseurinnen den Umweltaktivisten Silas Siakor in Liberia begleitet bei seinem unerm\u00fcdlichen Kampf gegen Abholzung der Tropenw\u00e4lder, Vertreibung der &hellip; <a href=\"http:\/\/www.augen-blicke-afrika.de\/blog\/filme-2018\/silas\/\">Weiterlesen <span class=\"meta-nav\">&rarr;<\/span><\/a><\/p>\n","protected":false},"author":3,"featured_media":5126,"parent":4190,"menu_order":0,"comment_status":"closed","ping_status":"closed","template":"afrika2018.php","meta":{"footnotes":""},"class_list":["post-3819","page","type-page","status-publish","has-post-thumbnail","hentry"],"_links":{"self":[{"href":"http:\/\/www.augen-blicke-afrika.de\/blog\/wp-json\/wp\/v2\/pages\/3819","targetHints":{"allow":["GET"]}}],"collection":[{"href":"http:\/\/www.augen-blicke-afrika.de\/blog\/wp-json\/wp\/v2\/pages"}],"about":[{"href":"http:\/\/www.augen-blicke-afrika.de\/blog\/wp-json\/wp\/v2\/types\/page"}],"author":[{"embeddable":true,"href":"http:\/\/www.augen-blicke-afrika.de\/blog\/wp-json\/wp\/v2\/users\/3"}],"replies":[{"embeddable":true,"href":"http:\/\/www.augen-blicke-afrika.de\/blog\/wp-json\/wp\/v2\/comments?post=3819"}],"version-history":[{"count":18,"href":"http:\/\/www.augen-blicke-afrika.de\/blog\/wp-json\/wp\/v2\/pages\/3819\/revisions"}],"predecessor-version":[{"id":6991,"href":"http:\/\/www.augen-blicke-afrika.de\/blog\/wp-json\/wp\/v2\/pages\/3819\/revisions\/6991"}],"up":[{"embeddable":true,"href":"http:\/\/www.augen-blicke-afrika.de\/blog\/wp-json\/wp\/v2\/pages\/4190"}],"wp:featuredmedia":[{"embeddable":true,"href":"http:\/\/www.augen-blicke-afrika.de\/blog\/wp-json\/wp\/v2\/media\/5126"}],"wp:attachment":[{"href":"http:\/\/www.augen-blicke-afrika.de\/blog\/wp-json\/wp\/v2\/media?parent=3819"}],"curies":[{"name":"wp","href":"https:\/\/api.w.org\/{rel}","templated":true}]}}