{"id":3729,"date":"2017-11-01T17:09:45","date_gmt":"2017-11-01T16:09:45","guid":{"rendered":"http:\/\/www.augen-blicke-afrika.de\/blog\/?page_id=3729"},"modified":"2022-09-19T20:52:45","modified_gmt":"2022-09-19T18:52:45","slug":"africa-in-transition","status":"publish","type":"page","link":"http:\/\/www.augen-blicke-afrika.de\/blog\/archiv\/archiv-2017\/africa-in-transition\/","title":{"rendered":"Africa in Transition"},"content":{"rendered":"<h1><a title=\"Symposium\" href=\"http:\/\/www.augen-blicke-afrika.de\/blog\/podiumsdiskussion-2\/\"><img loading=\"lazy\" decoding=\"async\" class=\"alignright\" style=\"border: 0px none; margin: 0px;\" title=\"deutsch\" src=\"http:\/\/www.augen-blicke-afrika.de\/blog\/wp-content\/uploads\/2014\/09\/german.jpg\" alt=\"deutsch\" width=\"60\" height=\"33\"><\/a><\/h1>\n<p>&nbsp;<\/p>\n<table>\n<tbody>\n<tr>\n<td style=\"vertical-align: middle;\"><a href=\"http:\/\/www.augen-blicke-afrika.de\/blog\/wp-content\/uploads\/2014\/10\/bestes-umdenken-Logo1225611.png\"><img loading=\"lazy\" decoding=\"async\" class=\"wp-image-1823 alignnone\" style=\"border: none; padding: 0px;\" src=\"http:\/\/www.augen-blicke-afrika.de\/blog\/wp-content\/uploads\/2014\/10\/bestes-umdenken-Logo1225611.png\" alt=\"bestes umdenken Logo1225611\" width=\"83\" height=\"37\"><\/a><\/td>\n<td style=\"vertical-align: top;\">\n<h3>In Kooperation mit <em>umdenken<\/em> \u2013 Heinrich-B\u00f6ll-Stiftung Hamburg e.V.<br \/>\n(Gef\u00f6rdert mit Mitteln der Landeszentrale f\u00fcr politische Bildung Hamburg),<\/h3>\n<\/td>\n<\/tr>\n<\/tbody>\n<\/table>\n<p><strong>What do people in Africa concern themselves with today?<\/strong><br \/>\nHow do they master their daily lives challenged by a world that is changing at a fast pace? The effects of globalization are reaching even remote villages and suddenly confront people with changes and new situations for which they have not been prepared.<br \/>\n<strong>The ubiquitous mobile phone, radio, television as well as the internet call old traditions into question and introduce new values and ways of life.<\/strong><br \/>\nThese new media also create a variety of opportunities to communicate and obtain information, which help make local life easier and make it possible to share in national and global events.<br \/>\n<strong>Through their stories and money transfers, migrants in different parts of the world contribute to the change in their home countries as well.<\/strong><\/p>\n<p><strong>This results in various questions that can be discussed:<\/strong><br \/>\nWhich traditions can be integrated into a changing society? In which way do changes in Africa have to be carried out to everyone&#8217;s benefit?<br \/>\nTransitions in African countries need to be looked at in the light of European influences. <strong>What is at play when local politicians faced with the refugee question suddenly point out that Africa is at our doorstep and one therefore has to \u201elook after\u201c this continent?<\/strong><br \/>\nThe role of the West and the specific measures currently being discussed need to be examined critically. One plan is intended to deter people already in some Sahel and North African countries from fleeing to Europe. But can the migration movement be stopped this way?<br \/>\n<strong>What is to be made of a \u201eMarshall plan\u201c for African countries? Which and whose interests are driving it?<\/strong><br \/>\nWhat needs to change in European politics to allow for an independent development of African countries? And what would need to change in the countries of Africa for that development to secure a future for all people in their native lands?<br \/>\nFor our panel discussion we invited one female and two male filmmakers, who revisit the topic of transition in their films.<\/p>\n<p>Es diskutieren:<br \/>\n&#8211;<strong>Rahmatou Ke\u00efta from Niger addresses the conflict between tradition and modernity in her movie <\/strong>\u201e<a href=\"http:\/\/www.augen-blicke-afrika.de\/blog\/zinnaariya-the-wedding-ring\/\">Zin\u2019naariy\u00e2! &#8211; The Wedding Ring\u201c.<\/a><em><br \/>\n<\/em><br \/>\n&#8211; In his fictional film \u201e<a href=\"http:\/\/www.augen-blicke-afrika.de\/blog\/lorage-africain\/\">L\u00b4Orage<\/a>\u201c, <strong>Sylvestre Amoussou<\/strong> from Benin calls upon African countries to remember and build upon their own strengths in order to become truly independent.<\/p>\n<p>&#8211; As a narrator, <strong>Saliou Sarr<\/strong> from Senegal is leading through the documentary \u201e<a href=\"http:\/\/www.augen-blicke-afrika.de\/blog\/life-saaraba-illegal\/\">Life Saaraba Illegal<\/a>\u201c by Peter Heller. The musician&#8217;s cousins tell of the turmoil of their flight, the harsh reality in Europe, and the dream of a better life also in their homeland.<\/p>\n<p>&#8211; Moderation: <strong>Abdou Rahime Diallo,<\/strong> Intercultural Moderator and Promoter for Migration &amp; Development Policy.<\/p>\n","protected":false},"excerpt":{"rendered":"<p>&nbsp; In Kooperation mit umdenken \u2013 Heinrich-B\u00f6ll-Stiftung Hamburg e.V. (Gef\u00f6rdert mit Mitteln der Landeszentrale f\u00fcr politische Bildung Hamburg), What do people in Africa concern themselves with today? How do they master their daily lives challenged by a world that is &hellip; <a href=\"http:\/\/www.augen-blicke-afrika.de\/blog\/archiv\/archiv-2017\/africa-in-transition\/\">Weiterlesen <span class=\"meta-nav\">&rarr;<\/span><\/a><\/p>\n","protected":false},"author":3,"featured_media":5126,"parent":3800,"menu_order":0,"comment_status":"closed","ping_status":"closed","template":"afrika2017.php","meta":{"footnotes":""},"class_list":["post-3729","page","type-page","status-publish","has-post-thumbnail","hentry"],"_links":{"self":[{"href":"http:\/\/www.augen-blicke-afrika.de\/blog\/wp-json\/wp\/v2\/pages\/3729","targetHints":{"allow":["GET"]}}],"collection":[{"href":"http:\/\/www.augen-blicke-afrika.de\/blog\/wp-json\/wp\/v2\/pages"}],"about":[{"href":"http:\/\/www.augen-blicke-afrika.de\/blog\/wp-json\/wp\/v2\/types\/page"}],"author":[{"embeddable":true,"href":"http:\/\/www.augen-blicke-afrika.de\/blog\/wp-json\/wp\/v2\/users\/3"}],"replies":[{"embeddable":true,"href":"http:\/\/www.augen-blicke-afrika.de\/blog\/wp-json\/wp\/v2\/comments?post=3729"}],"version-history":[{"count":7,"href":"http:\/\/www.augen-blicke-afrika.de\/blog\/wp-json\/wp\/v2\/pages\/3729\/revisions"}],"predecessor-version":[{"id":7013,"href":"http:\/\/www.augen-blicke-afrika.de\/blog\/wp-json\/wp\/v2\/pages\/3729\/revisions\/7013"}],"up":[{"embeddable":true,"href":"http:\/\/www.augen-blicke-afrika.de\/blog\/wp-json\/wp\/v2\/pages\/3800"}],"wp:featuredmedia":[{"embeddable":true,"href":"http:\/\/www.augen-blicke-afrika.de\/blog\/wp-json\/wp\/v2\/media\/5126"}],"wp:attachment":[{"href":"http:\/\/www.augen-blicke-afrika.de\/blog\/wp-json\/wp\/v2\/media?parent=3729"}],"curies":[{"name":"wp","href":"https:\/\/api.w.org\/{rel}","templated":true}]}}