{"id":3713,"date":"2017-11-01T16:39:02","date_gmt":"2017-11-01T15:39:02","guid":{"rendered":"http:\/\/www.augen-blicke-afrika.de\/blog\/?page_id=3713"},"modified":"2022-09-19T20:52:22","modified_gmt":"2022-09-19T18:52:22","slug":"podiumsdiskussion-2","status":"publish","type":"page","link":"http:\/\/www.augen-blicke-afrika.de\/blog\/archiv\/archiv-2017\/podiumsdiskussion-2\/","title":{"rendered":"Afrika im Umbruch"},"content":{"rendered":"<h1><a title=\"Symposium englisch\" href=\"http:\/\/www.augen-blicke-afrika.de\/blog\/africa-in-transition\/\"><img loading=\"lazy\" decoding=\"async\" class=\"alignright\" style=\"border: 0px none; margin: 0px;\" title=\"english\" src=\"http:\/\/www.augen-blicke-afrika.de\/blog\/wp-content\/uploads\/2013\/09\/engl-schrift-e1379972389153.gif\" alt=\"english\" width=\"60\" height=\"33\"><\/a><\/h1>\n<p>&nbsp;<\/p>\n<table>\n<tbody>\n<tr>\n<td style=\"vertical-align: middle;\"><a href=\"http:\/\/www.augen-blicke-afrika.de\/blog\/wp-content\/uploads\/2014\/10\/bestes-umdenken-Logo1225611.png\"><img loading=\"lazy\" decoding=\"async\" class=\"wp-image-1823 alignnone\" style=\"border: none; padding: 0px;\" src=\"http:\/\/www.augen-blicke-afrika.de\/blog\/wp-content\/uploads\/2014\/10\/bestes-umdenken-Logo1225611.png\" alt=\"bestes umdenken Logo1225611\" width=\"83\" height=\"37\"><\/a><\/td>\n<td style=\"vertical-align: top;\">\n<h3>In Kooperation mit <em>umdenken<\/em> \u2013 Heinrich-B\u00f6ll-Stiftung Hamburg e.V.<br \/>\n(Gef\u00f6rdert mit Mitteln der Landeszentrale f\u00fcr politische Bildung Hamburg),<\/h3>\n<\/td>\n<\/tr>\n<\/tbody>\n<\/table>\n<p><strong>Was bewegt Menschen im heutigen Afrika? Wie meistern sie ihr \u00adt\u00e4gliches Leben vor den Herausforderungen einer sich rasant \u00adver\u00e4ndernden Welt?<\/strong><br \/>\nDie Auswirkungen der Globalisierung dringen bis in das letzte Dorf vor und stellen die Menschen oft unvermittelt vor \u00adVer\u00e4nderungen und neue Situationen, auf die sie nicht vorbereitet waren.<br \/>\n<strong>Alte Traditionen werden durch das allgegenw\u00e4rtige Mobiltelefon, durch Radio, Fernsehen und Internet in Frage gestellt und gleichzeitig werden durch deren&nbsp; Nutzung neue Werte und Lebensweisen vermittelt.<\/strong><br \/>\nDie neuen Medien schaffen aber auch eine vielf\u00e4ltige Form von \u00adInformations- und Kommunikationsm\u00f6glichkeiten, die helfen, das Leben vor Ort zu erleichtern, und sie erm\u00f6glichen es, am nationalen und globalen Geschehen teilzunehmen.<br \/>\n<strong>Auch die Migranten*innen, die sich in verschiedensten L\u00e4ndern der Welt aufhalten, tragen durch Geld\u00fcberweisungen und Erz\u00e4hlungen zur Ver\u00e4nderung in ihren Heimatl\u00e4ndern bei.<\/strong><\/p>\n<p><strong>Daraus ergeben sich Fragen, die diskutiert werden k\u00f6nnen:<\/strong><br \/>\nWelche Traditionen k\u00f6nnen in eine sich wandelnde Gesellschaft \u00adintegriert werden? In welcher Art und Weise&nbsp; m\u00fcssen Ver\u00e4nderungen in Afrika zum Nutzen aller vollzogen werden?<br \/>\nEin Wandel in afrikanischen L\u00e4ndern ist aber nicht denkbar, ohne die Einflussnahme&nbsp; Europas zu betrachten.<br \/>\n<strong>Was steckt etwa dahinter, wenn hiesige Politiker*innen angesichts der Fl\u00fcchtlinge pl\u00f6tzlich \u00addarauf hinweisen, dass Afrika vor der Haust\u00fcr liegt und man sich deshalb um diesen Kontinent \u201ck\u00fcmmern\u201d m\u00fcsste.<\/strong><br \/>\nVor diesem Hintergrund sind die Rolle des Westens und die konkreten aktuell diskutierten&nbsp; Ma\u00dfnahmen kritisch zu betrachten. Ein Plan ist, die Menschen schon in einigen Sahell\u00e4ndern und L\u00e4ndern Nordafrikas von der Flucht nach Europa abzuhalten. Aber kann man die \u00adMigrationsbewegung damit stoppen?<br \/>\n<strong>Und was ist von einem \u201aMarshallplan\u2019 f\u00fcr afrikanische L\u00e4nder zu \u00adhalten?<\/strong><br \/>\nWelche Interessen stecken dahinter? Was muss sich in der \u00adeurop\u00e4ischen Politik ver\u00e4ndern, um eine eigenst\u00e4ndige Entwicklung der afrikanischen L\u00e4nder zu erm\u00f6glichen? Und was m\u00fcsste sich in den L\u00e4ndern Afrikas \u00e4ndern, damit der Wandel f\u00fcr alle Menschen eine \u00adZukunft in ihrer Heimat sichert?<\/p>\n<p><strong>Wir haben f\u00fcr die Podiumsdiskussion eine Filmemacherin und zwei \u00adFilmemacher eingeladen, die in ihren Filmen das Thema Wandel \u00adaufgreifen.<\/strong><\/p>\n<p>Es diskutieren:<br \/>\n&#8211; <strong>Rahmatou Ke\u00efta<\/strong> aus dem Niger thematisiert in ihrem Spielfilm <a href=\"http:\/\/www.augen-blicke-afrika.de\/blog\/zinnaariya-the-wedding-ring\/\">\u201eZin\u2019naariy\u00e2! &#8211; The Wedding Ring\u201c<\/a> den Konflikt zwischen Tradition und Moderne.<br \/>\n&#8211; <strong>Sylvestre Amoussou<\/strong> aus Benin ruft in seinem fiktionalen Film <a href=\"http:\/\/www.augen-blicke-afrika.de\/blog\/lorage-africain\/\">\u201eL\u00b4Orage\u201c<\/a> die afrikanischen L\u00e4nder dazu auf, sich auf die eigenen St\u00e4rken zu besinnen, um wirklich unabh\u00e4ngig zu werden.<br \/>\n&#8211; <strong>Saliou Waa Gouendoum Sarr<\/strong> aus Senegal f\u00fchrt als \u00adErz\u00e4hler durch den \u00adDokumentarfilm <a href=\"http:\/\/www.augen-blicke-afrika.de\/blog\/life-saaraba-illegal\/\">\u201eLife Saaraba Illegal\u201c<\/a> von Peter Heller. Die Cousins des Musikers \u00adberichten von den Wirren der Flucht, der harten Realit\u00e4t in Europa und dem Traum von einem besseren Leben auch in ihrer Heimat.<br \/>\n&#8211; Diskussionsleitung: <strong>Abdou Rahime Diallo,<\/strong> interkultureller Moderator und\u00ad Promotor f\u00fcr Migration &amp; Entwicklungspolitik.<\/p>\n<p>&nbsp;<\/p>\n","protected":false},"excerpt":{"rendered":"<p>&nbsp; In Kooperation mit umdenken \u2013 Heinrich-B\u00f6ll-Stiftung Hamburg e.V. (Gef\u00f6rdert mit Mitteln der Landeszentrale f\u00fcr politische Bildung Hamburg), Was bewegt Menschen im heutigen Afrika? Wie meistern sie ihr \u00adt\u00e4gliches Leben vor den Herausforderungen einer sich rasant \u00adver\u00e4ndernden Welt? Die Auswirkungen &hellip; <a href=\"http:\/\/www.augen-blicke-afrika.de\/blog\/archiv\/archiv-2017\/podiumsdiskussion-2\/\">Weiterlesen <span class=\"meta-nav\">&rarr;<\/span><\/a><\/p>\n","protected":false},"author":3,"featured_media":5126,"parent":3800,"menu_order":0,"comment_status":"closed","ping_status":"closed","template":"afrika2017.php","meta":{"footnotes":""},"class_list":["post-3713","page","type-page","status-publish","has-post-thumbnail","hentry"],"_links":{"self":[{"href":"http:\/\/www.augen-blicke-afrika.de\/blog\/wp-json\/wp\/v2\/pages\/3713","targetHints":{"allow":["GET"]}}],"collection":[{"href":"http:\/\/www.augen-blicke-afrika.de\/blog\/wp-json\/wp\/v2\/pages"}],"about":[{"href":"http:\/\/www.augen-blicke-afrika.de\/blog\/wp-json\/wp\/v2\/types\/page"}],"author":[{"embeddable":true,"href":"http:\/\/www.augen-blicke-afrika.de\/blog\/wp-json\/wp\/v2\/users\/3"}],"replies":[{"embeddable":true,"href":"http:\/\/www.augen-blicke-afrika.de\/blog\/wp-json\/wp\/v2\/comments?post=3713"}],"version-history":[{"count":16,"href":"http:\/\/www.augen-blicke-afrika.de\/blog\/wp-json\/wp\/v2\/pages\/3713\/revisions"}],"predecessor-version":[{"id":7012,"href":"http:\/\/www.augen-blicke-afrika.de\/blog\/wp-json\/wp\/v2\/pages\/3713\/revisions\/7012"}],"up":[{"embeddable":true,"href":"http:\/\/www.augen-blicke-afrika.de\/blog\/wp-json\/wp\/v2\/pages\/3800"}],"wp:featuredmedia":[{"embeddable":true,"href":"http:\/\/www.augen-blicke-afrika.de\/blog\/wp-json\/wp\/v2\/media\/5126"}],"wp:attachment":[{"href":"http:\/\/www.augen-blicke-afrika.de\/blog\/wp-json\/wp\/v2\/media?parent=3713"}],"curies":[{"name":"wp","href":"https:\/\/api.w.org\/{rel}","templated":true}]}}