{"id":3577,"date":"2017-10-11T16:38:44","date_gmt":"2017-10-11T14:38:44","guid":{"rendered":"http:\/\/www.augen-blicke-afrika.de\/blog\/?page_id=3577"},"modified":"2022-09-19T21:42:08","modified_gmt":"2022-09-19T19:42:08","slug":"comboio-de-sal-e-acucar-the-train-of-salt-and-sugar","status":"publish","type":"page","link":"http:\/\/www.augen-blicke-afrika.de\/blog\/archiv\/archiv-2017\/filme-2017\/comboio-de-sal-e-acucar-the-train-of-salt-and-sugar\/","title":{"rendered":"COMBOIO DE SAL E A\u00c7\u00daCAR \u2013 The Train of Salt and Sugar"},"content":{"rendered":"<table style=\"height: 356px;\" width=\"756\">\n<thead>\n<tr>\n<td>\n<p class=\"hide-if-no-js\"><a id=\"set-post-thumbnail\" class=\"thickbox\" title=\"Beitragsbild festlegen\" href=\"http:\/\/www.augen-blicke-afrika.de\/blog\/wp-admin\/media-upload.php?post_id=1368&amp;type=image&amp;TB_iframe=1\"><img loading=\"lazy\" decoding=\"async\" class=\"attachment-post-thumbnail alignnone\" src=\"http:\/\/www.augen-blicke-afrika.de\/blog\/wp-content\/uploads\/2017\/10\/V2_toss_1.197.1-e1507732527639.jpg\" alt=\"COMBOIO DE SAL E A\u00c7\u00daCAR \u2013 The Train of Salt and Sugar\" width=\"573\" height=\"340\"><\/a><\/p>\n<h1>COMBOIO DE SAL E A\u00c7\u00daCAR \u2013 The Train of Salt and Sugar<\/h1>\n<h3>Mosambik \/ Portugal \/ Frankreich 2016, R.: Licinio Azevedo, 128 Min., port. OF, engl. UT<\/h3>\n<\/td>\n<\/tr>\n<\/thead>\n<tbody>\n<tr>\n<td>Mosambik Ende der 1980er Jahre: Ein vom Milit\u00e4r bewachter Zug ist auf dem Weg nach Malawi. Viele Zivilisten versuchen, dem schon zehn Jahre andauernden B\u00fcrgerkrieg in ihrem Land zu entkommen. Mariamu, eine H\u00e4ndlerin, ist unterwegs mit ihrer Freundin Rosa, einer jungen Krankenschwester. Sch\u00fctzend an ihrer Seite ist Leutnant Taiar, der das Leben nur aus seinem Milit\u00e4ralltag kennt und zunehmend am Sinn des Krieges \u00adzweifelt, w\u00e4hrend andere Soldaten alle Skrupel verloren haben. Unter Gewehrkugeln und Gel\u00e4chter werden im Film Geschichten von Liebe und Krieg erz\u00e4hlt, w\u00e4hrend sich der Zug durch umk\u00e4mpftes Land nur langsam seinem Ziel n\u00e4hert.<\/td>\n<\/tr>\n<tr>\n<td style=\"border-bottom: none;\">\n<p class=\"hide-if-no-js\"><a id=\"set-post-thumbnail\" class=\"thickbox\" title=\"Beitragsbild festlegen\" href=\"http:\/\/www.augen-blicke-afrika.de\/blog\/wp-admin\/media-upload.php?post_id=1368&amp;type=image&amp;TB_iframe=1\"><img loading=\"lazy\" decoding=\"async\" class=\"attachment-post-thumbnail alignleft\" src=\"http:\/\/www.augen-blicke-afrika.de\/blog\/wp-content\/uploads\/2017\/10\/main.jpg\" alt=\"COMBOIO DE SAL E A\u00c7\u00daCAR \u2013 The Train of Salt and Sugar\" width=\"191\" height=\"136\"><\/a><\/p>\n<p><strong>Licinio Azevedo<\/strong>, geb. 1951 in Brasilien, ist freier \u00adFilmemacher. 1977 ging er nach Mosambik, wo er sich am nationalen Filminstitut engagierte. Er ist Mitbegr\u00fcnder einer Produktionsgesellschaft und realisierte zahlreiche Dokumentarfilme u. a. \u00fcber den langen B\u00fcrgerkrieg im Land.<\/td>\n<\/tr>\n<\/tbody>\n<\/table>\n<p><iframe loading=\"lazy\" src=\"https:\/\/www.youtube.com\/embed\/uVGDIIYvpk8\" allowfullscreen=\"allowfullscreen\" width=\"560\" height=\"315\" frameborder=\"0\"><\/iframe><\/p>\n","protected":false},"excerpt":{"rendered":"<p>COMBOIO DE SAL E A\u00c7\u00daCAR \u2013 The Train of Salt and Sugar Mosambik \/ Portugal \/ Frankreich 2016, R.: Licinio Azevedo, 128 Min., port. OF, engl. UT Mosambik Ende der 1980er Jahre: Ein vom Milit\u00e4r bewachter Zug ist auf dem &hellip; <a href=\"http:\/\/www.augen-blicke-afrika.de\/blog\/archiv\/archiv-2017\/filme-2017\/comboio-de-sal-e-acucar-the-train-of-salt-and-sugar\/\">Weiterlesen <span class=\"meta-nav\">&rarr;<\/span><\/a><\/p>\n","protected":false},"author":3,"featured_media":5126,"parent":4179,"menu_order":0,"comment_status":"closed","ping_status":"closed","template":"afrika2017_oh.php","meta":{"footnotes":""},"class_list":["post-3577","page","type-page","status-publish","has-post-thumbnail","hentry"],"_links":{"self":[{"href":"http:\/\/www.augen-blicke-afrika.de\/blog\/wp-json\/wp\/v2\/pages\/3577","targetHints":{"allow":["GET"]}}],"collection":[{"href":"http:\/\/www.augen-blicke-afrika.de\/blog\/wp-json\/wp\/v2\/pages"}],"about":[{"href":"http:\/\/www.augen-blicke-afrika.de\/blog\/wp-json\/wp\/v2\/types\/page"}],"author":[{"embeddable":true,"href":"http:\/\/www.augen-blicke-afrika.de\/blog\/wp-json\/wp\/v2\/users\/3"}],"replies":[{"embeddable":true,"href":"http:\/\/www.augen-blicke-afrika.de\/blog\/wp-json\/wp\/v2\/comments?post=3577"}],"version-history":[{"count":5,"href":"http:\/\/www.augen-blicke-afrika.de\/blog\/wp-json\/wp\/v2\/pages\/3577\/revisions"}],"predecessor-version":[{"id":7022,"href":"http:\/\/www.augen-blicke-afrika.de\/blog\/wp-json\/wp\/v2\/pages\/3577\/revisions\/7022"}],"up":[{"embeddable":true,"href":"http:\/\/www.augen-blicke-afrika.de\/blog\/wp-json\/wp\/v2\/pages\/4179"}],"wp:featuredmedia":[{"embeddable":true,"href":"http:\/\/www.augen-blicke-afrika.de\/blog\/wp-json\/wp\/v2\/media\/5126"}],"wp:attachment":[{"href":"http:\/\/www.augen-blicke-afrika.de\/blog\/wp-json\/wp\/v2\/media?parent=3577"}],"curies":[{"name":"wp","href":"https:\/\/api.w.org\/{rel}","templated":true}]}}