{"id":3575,"date":"2017-10-11T16:25:41","date_gmt":"2017-10-11T14:25:41","guid":{"rendered":"http:\/\/www.augen-blicke-afrika.de\/blog\/?page_id=3575"},"modified":"2022-09-19T21:37:11","modified_gmt":"2022-09-19T19:37:11","slug":"afripedia-angola","status":"publish","type":"page","link":"http:\/\/www.augen-blicke-afrika.de\/blog\/archiv\/archiv-2017\/filme-2017\/afripedia-angola\/","title":{"rendered":"AFRIPEDIA &#8211; ANGOLA"},"content":{"rendered":"<table style=\"height: 356px;\" width=\"756\">\n<thead>\n<tr>\n<td>\n<h1>AFRIPEDIA &#8211; ANGOLA<\/h1>\n<h3>Dokumentarfilm, Schweden 2015, R.: Teddy Goitom \/ Senay Berhe \/ Benjamin Taft, 27 Min., OF, dt. UT<\/h3>\n<\/td>\n<\/tr>\n<\/thead>\n<tbody>\n<tr>\n<td>W\u00e4hrend das Zentrum von Angolas Hauptstadt Luanda inzwischen als eines der teuersten Pflaster der Welt rangiert, herrscht unter dem gr\u00f6\u00dften Teil der Stadtbev\u00f6lkerung bittere Armut. Doch die Jugend rebelliert und erschafft sich mit eigenen Musikstilen und akrobatischen T\u00e4nzen eine Gegenwelt, indem das \u201eGhetto\u201c stilbildend als Markenzeichen verstanden wird.<\/td>\n<\/tr>\n<tr>\n<td style=\"border-bottom: none;\">\n<p class=\"hide-if-no-js\">Die Doku-Serie AFRIPEDIA ist ein Gemeinschaftsprojekt von jungen Autoren, Filmschaffenden, Musikern und bildenden K\u00fcnstlern. <strong>Teddy Goitom<\/strong>, <strong>Senay Berhe<\/strong> und <strong>Benjamin Taft<\/strong> wollen mit ihrer Dokumentarfilmreihe in \u00aderfrischender Art und Weise den vielschichtigen Wandel durch die Generation junger kreativer AfrikanerInnen in verschiedenen L\u00e4ndern Afrikas vorstellen.<\/p>\n<\/td>\n<\/tr>\n<\/tbody>\n<\/table>\n<p><iframe loading=\"lazy\" src=\"https:\/\/www.youtube.com\/embed\/p6kZyXiP5vM\" allowfullscreen=\"allowfullscreen\" width=\"560\" height=\"315\" frameborder=\"0\"><\/iframe><\/p>\n","protected":false},"excerpt":{"rendered":"<p>AFRIPEDIA &#8211; ANGOLA Dokumentarfilm, Schweden 2015, R.: Teddy Goitom \/ Senay Berhe \/ Benjamin Taft, 27 Min., OF, dt. UT W\u00e4hrend das Zentrum von Angolas Hauptstadt Luanda inzwischen als eines der teuersten Pflaster der Welt rangiert, herrscht unter dem gr\u00f6\u00dften &hellip; <a href=\"http:\/\/www.augen-blicke-afrika.de\/blog\/archiv\/archiv-2017\/filme-2017\/afripedia-angola\/\">Weiterlesen <span class=\"meta-nav\">&rarr;<\/span><\/a><\/p>\n","protected":false},"author":3,"featured_media":5126,"parent":4179,"menu_order":0,"comment_status":"closed","ping_status":"closed","template":"afrika2017_oh.php","meta":{"footnotes":""},"class_list":["post-3575","page","type-page","status-publish","has-post-thumbnail","hentry"],"_links":{"self":[{"href":"http:\/\/www.augen-blicke-afrika.de\/blog\/wp-json\/wp\/v2\/pages\/3575","targetHints":{"allow":["GET"]}}],"collection":[{"href":"http:\/\/www.augen-blicke-afrika.de\/blog\/wp-json\/wp\/v2\/pages"}],"about":[{"href":"http:\/\/www.augen-blicke-afrika.de\/blog\/wp-json\/wp\/v2\/types\/page"}],"author":[{"embeddable":true,"href":"http:\/\/www.augen-blicke-afrika.de\/blog\/wp-json\/wp\/v2\/users\/3"}],"replies":[{"embeddable":true,"href":"http:\/\/www.augen-blicke-afrika.de\/blog\/wp-json\/wp\/v2\/comments?post=3575"}],"version-history":[{"count":2,"href":"http:\/\/www.augen-blicke-afrika.de\/blog\/wp-json\/wp\/v2\/pages\/3575\/revisions"}],"predecessor-version":[{"id":7018,"href":"http:\/\/www.augen-blicke-afrika.de\/blog\/wp-json\/wp\/v2\/pages\/3575\/revisions\/7018"}],"up":[{"embeddable":true,"href":"http:\/\/www.augen-blicke-afrika.de\/blog\/wp-json\/wp\/v2\/pages\/4179"}],"wp:featuredmedia":[{"embeddable":true,"href":"http:\/\/www.augen-blicke-afrika.de\/blog\/wp-json\/wp\/v2\/media\/5126"}],"wp:attachment":[{"href":"http:\/\/www.augen-blicke-afrika.de\/blog\/wp-json\/wp\/v2\/media?parent=3575"}],"curies":[{"name":"wp","href":"https:\/\/api.w.org\/{rel}","templated":true}]}}